{"id":50167,"date":"2016-11-18T19:50:47","date_gmt":"2016-11-18T17:50:47","guid":{"rendered":"http:\/\/fifp.fr\/?page_id=50167"},"modified":"2021-05-04T19:40:25","modified_gmt":"2021-05-04T17:40:25","slug":"7edition","status":"publish","type":"page","link":"http:\/\/fifp.fr\/en\/archives-fifp\/7edition\/","title":{"rendered":"7\u00c8ME EDITION"},"content":{"rendered":"<div class=\"wpb-content-wrapper\"><div data-parent=\"true\" class=\"vc_row row-container boomapps_vcrow\" id=\"row-unique-0\"><div class=\"row limit-width row-parent\"><div class=\"wpb_row row-inner\"><div class=\"wpb_column pos-top pos-center align_left column_parent col-lg-12 boomapps_vccolumn single-internal-gutter\"><div class=\"uncol style-light\"  ><div class=\"uncoltable\"><div class=\"uncell  boomapps_vccolumn no-block-padding\" ><div class=\"uncont\" ><div class=\"uncode_text_column\" ><\/p>\n<p style=\"text-align: center;\"><span style=\"color: #000000;\">Le Jury de la 7\u00e8me \u00e9dition du Festival International du Film PanAfricain, \u00e9tait pr\u00e9sid\u00e9\u00a0par MmeFrances-Anne SOLOMON (Canada \/ Trinidad \u2013 R\u00e9alisatrice \/ Directrice du Festival Caribbean Tale de Toronto) et compos\u00e9 par <\/span><a href=\"http:\/\/fifp.fr\/wp-content\/uploads\/2013\/12\/Jawad-RHALIB-Membre-du-Jury-2010.pdf\">Jawad RHALIB<\/a>,\u00a0<a href=\"http:\/\/fifp.fr\/wp-content\/uploads\/2013\/12\/Jos%C3%A9-Alexandre-CARDOSO-MARQUES-Membre-du-Jury-%E2%80%93-2010.pdf\">Jos\u00e9-Alexandre CARDOSO-MARQUES<\/a>,\u00a0<a href=\"http:\/\/fifp.fr\/wp-content\/uploads\/2013\/12\/Mata-membre-du-jury2010.pdf\">Mata GABIN<\/a>,\u00a0<a href=\"http:\/\/fifp.fr\/wp-content\/uploads\/2013\/12\/Raquel-PAULO-RATO-Membre-du-Jury-2010.pdf\">Raquel PAULO RATO<\/a>,\u00a0<a href=\"http:\/\/fifp.fr\/wp-content\/uploads\/2013\/12\/Stefano-L%C3%A9oncini-Membre-du-Jury-2010.pdf\">Stefano L\u00e9oncini<\/a>,\u00a0<a href=\"http:\/\/fifp.fr\/wp-content\/uploads\/2013\/12\/Valerio-TRUFFA-Membre-du-Jury-2010.pdf\">Valerio TRUFFA<\/a>,\u00a0<a href=\"http:\/\/fifp.fr\/wp-content\/uploads\/2013\/12\/V%C3%A9ronique-DOUMBE-membre-du-jury2010.pdf\">V\u00e9ronique DOUMBE membre du jury 2010<\/a>\u00a0et\u00a0<a href=\"http:\/\/fifp.fr\/wp-content\/uploads\/2013\/12\/Yirgashewa-Teshome-Amare-Member-of-Jury-2010.pdf\">Yirgashewa Teshome Amare<\/a><\/p>\n<p>\n<\/div><\/div><\/div><\/div><\/div><\/div><script id=\"script-row-unique-0\" data-row=\"script-row-unique-0\" type=\"text\/javascript\" class=\"vc_controls\">UNCODE.initRow(document.getElementById(\"row-unique-0\"));<\/script><\/div><\/div><\/div><div data-parent=\"true\" class=\"vc_row row-container boomapps_vcrow\" id=\"row-unique-1\"><div class=\"row full-width row-parent\"><div class=\"wpb_row row-inner\"><div class=\"wpb_column pos-top pos-center align_left column_parent col-lg-12 boomapps_vccolumn single-internal-gutter\"><div class=\"uncol style-light\"  ><div class=\"uncoltable\"><div class=\"uncell  boomapps_vccolumn no-block-padding\" ><div class=\"uncont\" ><div class=\"uncode-tabs wpb_content_element\" data-interval=\"\"  data-target=\"\"><div class=\"uncode-wrapper tab-container vertical-tab-wrapper\"><div class=\"vc_tta-tabs-container vertical-tab-menu\"><ul class=\"nav nav-tabs wpb_tabs_nav ui-tabs-nav vc_tta-tabs-list tabs-left tabs-vertical\"><li data-tab-id=\"tab-1475165930-1-26\" data-tab-o-id=\"1475165930-1-26\" class=\"vc_tta-tab active\"><a href=\"#tab-1475165930-1-26\" data-toggle=\"tab\"><span><span><span class=\"\">Films 2010<\/span><\/span><\/span><\/a><\/li><li data-tab-id=\"tab-1475165930-2-85\" data-tab-o-id=\"1475165930-2-85\" class=\"vc_tta-tab\"><a href=\"#tab-1475165930-2-85\" data-toggle=\"tab\"><span><span><span class=\"\">Program | Catalogue 2010<\/span><\/span><\/span><\/a><\/li><li data-tab-id=\"tab-1475166217589-2-5\" data-tab-o-id=\"1475166217589-2-5\" class=\"vc_tta-tab\"><a href=\"#tab-1475166217589-2-5\" data-toggle=\"tab\"><span><span><span class=\"\">Jury 2010<\/span><\/span><\/span><\/a><\/li><li data-tab-id=\"tab-1475166246384-3-9\" data-tab-o-id=\"1475166246384-3-9\" class=\"vc_tta-tab\"><a href=\"#tab-1475166246384-3-9\" data-toggle=\"tab\"><span><span><span class=\"\">Guests &amp; Tribute 2010<\/span><\/span><\/span><\/a><\/li><li data-tab-id=\"tab-1475166320340-5-2\" data-tab-o-id=\"1475166320340-5-2\" class=\"vc_tta-tab\"><a href=\"#tab-1475166320340-5-2\" data-toggle=\"tab\"><span><span><span class=\"\">Affiche | Poster 2010<\/span><\/span><\/span><\/a><\/li><\/ul><\/div><div class=\"vertical-tab-contents\"><div class=\"tab-content vertical wpb_wrapper\"><div id=\"tab-1475165930-1-26\" class=\"tab-pane in active fade half-internal-gutter single-block-padding\"><div>\n\t\t\t\t<div class=\"uncode_text_column\" ><\/p>\n<h2 style=\"text-align: center;\"><span style=\"color: #00ccff;\"><strong>FILMS &amp; SYNOPSIS<\/strong><\/span><\/h2>\n<p style=\"text-align: center;\"><a href=\"http:\/\/fifp.fr\/wp-content\/uploads\/2013\/12\/Fictions-Feature-Films-FIFP-2010.pdf\">Fictions \u2013 Feature \u2013 Films \u2013 FIFP 2010<\/a><\/p>\n<p style=\"text-align: center;\"><a href=\"http:\/\/fifp.fr\/wp-content\/uploads\/2013\/12\/Documentaire-Documentary-Films-FIFP-2010.pdf\">Documentaire \u2013 Documentary \u2013 Films \u2013 FIFP 2010<\/a><\/p>\n<p style=\"text-align: center;\"><a href=\"http:\/\/fifp.fr\/wp-content\/uploads\/2013\/12\/Courts-Metrages-Short-Films-%E2%80%93-Doc.-%E2%80%93-FIFP-2010.pdf\">Courts Metrages \u2013 Short Films \u2013 Doc. \u2013 FIFP 2010<\/a><\/p>\n<p style=\"text-align: center;\"><a href=\"http:\/\/fifp.fr\/wp-content\/uploads\/2013\/12\/Courts-Metrages-Short-Films-%E2%80%93-Doc.-%E2%80%93-FIFP-2010.pdf\">Courts Metrages \u2013 Short Films \u2013 Doc. \u2013 FIFP 2010<\/a><\/p>\n<p style=\"text-align: center;\"><a href=\"http:\/\/fifp.fr\/wp-content\/uploads\/2013\/12\/Courts-Metrages-Short-Films-%E2%80%93-Animation-%E2%80%93-FIFP-2010.pdf\">Courts Metrages \u2013 Short Films \u2013 Animation \u2013 FIFP 2010<\/a><\/p>\n<p style=\"text-align: center;\"><a href=\"http:\/\/fifp.fr\/wp-content\/uploads\/2013\/12\/Selection-Officielle-Fictions-Feature.pdf\">Selection Officielle Fictions Feature<\/a><\/p>\n<p style=\"text-align: center;\"><a href=\"http:\/\/fifp.fr\/wp-content\/uploads\/2013\/12\/Selection-Officielle-Documentaires.pdf\">Selection Officielle \u2013 Documentaires<\/a><\/p>\n<p style=\"text-align: center;\"><a href=\"http:\/\/fifp.fr\/wp-content\/uploads\/2013\/12\/Courts-Metrages-Competition.pdf\">Courts Metrages Competition<\/a><\/p>\n<p>&nbsp;<\/p>\n<p>\n<\/div><\/div><\/div><div id=\"tab-1475165930-2-85\" class=\"tab-pane fade half-internal-gutter single-block-padding\"><div>\n\t\t\t\t<div class=\"vc_row row-internal row-container boomapps_vcrow\"><div class=\"row row-child\"><div class=\"wpb_row row-inner\"><div class=\"wpb_column pos-top pos-center align_left column_child col-lg-12 boomapps_vccolumn single-internal-gutter\"><div class=\"uncol style-light\" ><div class=\"uncoltable\"><div class=\"uncell  boomapps_vccolumn no-block-padding\" ><div class=\"uncont\" ><div class=\"uncode_text_column\" ><\/p>\n<h2 style=\"text-align: center;\">&gt;\u00a0<a href=\"http:\/\/fifp.fr\/wp-content\/uploads\/2013\/12\/Catalogue2010.pdf\"><span style=\"color: #00ccff;\">Programme | Program<\/span><\/a><\/h2>\n<p style=\"text-align: center;\"><strong>&gt;\u00a0<a href=\"http:\/\/fifp.fr\/wp-content\/uploads\/2013\/12\/GrilleProg2010.pdf\" target=\"_blank\" rel=\"noopener noreferrer\"><span style=\"color: #00ccff;\">Grille de Programme<\/span><\/a><\/strong><\/p>\n<p>\n<\/div><\/div><\/div><\/div><\/div><\/div><\/div><\/div><\/div><\/div><\/div><div id=\"tab-1475166217589-2-5\" class=\"tab-pane fade half-internal-gutter single-block-padding\"><div>\n\t\t\t\t<div class=\"vc_custom_heading_wrap\"><div class=\"heading-text el-text\" ><h2 class=\"h2\" ><span><\/p><\/span><span><h1 style=\"text-align: center;\">Jury<\/h1><\/span><span><p><\/span><\/h2><\/div><div class=\"clear\"><\/div><\/div><div class=\"uncode_text_column\" ><p>Cette 7\u00e8me \u00e9dition est d&rsquo;une richesse in\u00e9gal\u00e9e par la qualit\u00e9 des \u0153uvres et des professionnels invit\u00e9s : L\u00e9onora MIANO (France \/ Cameroun \u2013 Ecrivaine), Pr\u00e9sidente d&rsquo;Honneur, Frances-Anne SOLOMON (Canada \u2013 R\u00e9alisatrice \/ Directrice du Festival Carribbean Tales), Pr\u00e9sidente du Jury, Les Membres du jury : Mata GABIN (France \/ C\u00f4te d&rsquo;Ivoire &#8211; Atrice), V\u00e9ronique DOUMBE (USA \/ Cameroun &#8211; R\u00e9alisatrice), Vanessa DELPHIN (France \/ Antilles \u2013 Miss Univers), Stefano LEOCINI (France \u2013 Directeur du Master pro \u00ab\u00a0Traduction, sous-titrage, doublage\u00a0\u00bb &#8211; Responsable de la chaire UNESCO \u00ab\u00a0Cin\u00e9ma et imaginaire(s) -\u00ab\u00a0Universit\u00e9 Nice &#8211; Sophia Antipolis, Val\u00e9rio TRUFFA (Italie \u2013 R\u00e9alisateur \u2013 Photographe \u2013 Fondateur de \u00ab L&rsquo;atelier FIWE \u00bb, premi\u00e8re \u00e9cole de cin\u00e9ma du B\u00e9nin), Jawad RHALIB (Maroc &#8211; R\u00e9alisateur), ZIFA (Su\u00e8de \/ Congo \u2013 Musique), Manbouss ( Vanuatu \/ France \u2013 Musique),&#8230; Pour ne citer que ces derniers, car notre Festival accueille le monde entier dans sa communaut\u00e9 universelle du 21 au 25 avril 2010 \u00e0 Cannes autour du Cin\u00e9ma et des arts PanAfricain.<\/p>\n<\/div><\/div><\/div><div id=\"tab-1475166246384-3-9\" class=\"tab-pane fade half-internal-gutter single-block-padding\"><div>\n\t\t\t\t<div class=\"vc_custom_heading_wrap\"><div class=\"heading-text el-text\" ><h2 class=\"h2\" ><span><\/p><\/span><span><h1 style=\"text-align: center;\">Guests<\/h1><\/span><span><p><\/span><\/h2><\/div><div class=\"clear\"><\/div><\/div><div class=\"uncode_text_column\" ><\/p>\n<p style=\"text-align: center;\">Concerts &amp; Events<\/p>\n<p style=\"text-align: center;\"><a href=\"http:\/\/fifp.fr\/wp-content\/uploads\/2013\/12\/Gala-PanAffricain-2010.pdf\">Gala PanAfricain 2010<\/a><\/p>\n<p style=\"text-align: center;\"><a href=\"http:\/\/fifp.fr\/wp-content\/uploads\/2013\/12\/Gala-Hommage-%C3%A0-Myriam-MAKEBA.pdf\">Gala Hommage \u00e0 Myriam MAKEBA<\/a><\/p>\n<p style=\"text-align: center;\"><a href=\"http:\/\/fifp.fr\/wp-content\/uploads\/2013\/12\/European-African-Night.pdf\">European \u2013 African Night<\/a><\/p>\n<p style=\"text-align: center;\"><a href=\"http:\/\/fifp.fr\/wp-content\/uploads\/2013\/12\/CREOLE-DAY20101.pdf\">CREOLE DAY 2010<\/a><\/p>\n<p style=\"text-align: center;\"><a href=\"http:\/\/fifp.fr\/wp-content\/uploads\/2013\/12\/GOSPEL-DAY2010.pdf\">GOSPEL DAY 2010<\/a><\/p>\n<p style=\"text-align: center;\"><a href=\"http:\/\/fifp.fr\/wp-content\/uploads\/2013\/12\/Press-release2010.pdf\">Press release 2010<\/a><\/p>\n<p style=\"text-align: center;\"><a href=\"http:\/\/fifp.fr\/wp-content\/uploads\/2013\/12\/Dossier-de-presse-2010.pdf\">Dossier de presse 2010<\/a><\/p>\n<p>\n<\/div><\/div><\/div><div id=\"tab-1475166320340-5-2\" class=\"tab-pane fade half-internal-gutter single-block-padding\"><div>\n\t\t\t\t<div class=\"uncode-single-media  text-center\"><div class=\"single-wrapper\" style=\"max-width: 100%;\"><div class=\"tmb tmb-light  tmb-media-first tmb-media-last tmb-content-overlay tmb-no-bg tmb-lightbox\"><div class=\"t-inside\"><div class=\"t-entry-visual\"><div class=\"t-entry-visual-tc\"><div class=\"uncode-single-media-wrapper\"><div class=\"dummy\" style=\"padding-top: 145.7%;\"><\/div><a href=\"https:\/\/fifp.fr\/wp-content\/uploads\/2016\/11\/7%C2%B0EDITION_2010.jpg\" class=\"pushed\" data-active=\"1\" data-lbox=\"ilightbox_single-50169\" data-options=\"width:350,height:510,thumbnail: 'https:\/\/fifp.fr\/wp-content\/uploads\/2016\/11\/7&deg;EDITION_2010-320x466.jpg'\"><img decoding=\"async\" class=\"wp-image-50169\" src=\"https:\/\/fifp.fr\/wp-content\/uploads\/2016\/11\/7%C2%B0EDITION_2010.jpg\" width=\"350\" height=\"510\" alt=\"\"><\/a><\/div>\n\t\t\t\t\t<\/div>\n\t\t\t\t<\/div><\/div><\/div><\/div><\/div><\/div><\/div><\/div><\/div><\/div><\/div><\/div><\/div><\/div><\/div><\/div><script id=\"script-row-unique-1\" data-row=\"script-row-unique-1\" type=\"text\/javascript\" class=\"vc_controls\">UNCODE.initRow(document.getElementById(\"row-unique-1\"));<\/script><\/div><\/div><\/div>\n<\/div>","protected":false},"excerpt":{"rendered":"Le Jury de la 7\u00e8me \u00e9dition du Festival International du Film PanAfricain, \u00e9tait pr\u00e9sid\u00e9\u00a0par MmeFrances-Anne SOLOMON (Canada \/ Trinidad \u2013 [...]","protected":false},"author":2,"featured_media":50169,"parent":79051,"menu_order":0,"comment_status":"closed","ping_status":"closed","template":"","meta":{"footnotes":""},"class_list":["post-50167","page","type-page","status-publish","has-post-thumbnail","hentry","page_category-archives"],"yoast_head":"<!-- This site is optimized with the Yoast SEO plugin v27.3 - https:\/\/yoast.com\/product\/yoast-seo-wordpress\/ -->\n<title>7\u00c8ME EDITION - Festival International Du Film Pan Africain | Cannes<\/title>\n<meta name=\"robots\" content=\"index, follow, max-snippet:-1, max-image-preview:large, max-video-preview:-1\" \/>\n<link rel=\"canonical\" href=\"https:\/\/fifp.fr\/en\/archives-fifp\/7edition\/\" \/>\n<meta property=\"og:locale\" content=\"en_US\" \/>\n<meta property=\"og:type\" content=\"article\" \/>\n<meta property=\"og:title\" content=\"7\u00c8ME EDITION - Festival International Du Film Pan Africain | Cannes\" \/>\n<meta property=\"og:url\" content=\"https:\/\/fifp.fr\/en\/archives-fifp\/7edition\/\" \/>\n<meta property=\"og:site_name\" content=\"Festival International Du Film Pan Africain | Cannes\" \/>\n<meta property=\"article:modified_time\" content=\"2021-05-04T17:40:25+00:00\" \/>\n<meta property=\"og:image\" content=\"https:\/\/i0.wp.com\/fifp.fr\/wp-content\/uploads\/2016\/11\/7\u00b0EDITION_2010.jpg?fit=350%2C510&ssl=1\" \/>\n\t<meta property=\"og:image:width\" content=\"350\" \/>\n\t<meta property=\"og:image:height\" content=\"510\" \/>\n\t<meta property=\"og:image:type\" content=\"image\/jpeg\" \/>\n<meta name=\"twitter:card\" content=\"summary_large_image\" \/>\n<meta name=\"twitter:label1\" content=\"Est. reading time\" \/>\n\t<meta name=\"twitter:data1\" content=\"2 minutes\" \/>\n<script type=\"application\/ld+json\" class=\"yoast-schema-graph\">{\"@context\":\"https:\\\/\\\/schema.org\",\"@graph\":[{\"@type\":\"WebPage\",\"@id\":\"https:\\\/\\\/fifp.fr\\\/archives-fifp\\\/7edition\\\/\",\"url\":\"https:\\\/\\\/fifp.fr\\\/archives-fifp\\\/7edition\\\/\",\"name\":\"7\u00c8ME EDITION - Festival International Du Film Pan Africain | Cannes\",\"isPartOf\":{\"@id\":\"https:\\\/\\\/fifp.fr\\\/#website\"},\"primaryImageOfPage\":{\"@id\":\"https:\\\/\\\/fifp.fr\\\/archives-fifp\\\/7edition\\\/#primaryimage\"},\"image\":{\"@id\":\"https:\\\/\\\/fifp.fr\\\/archives-fifp\\\/7edition\\\/#primaryimage\"},\"thumbnailUrl\":\"https:\\\/\\\/fifp.fr\\\/wp-content\\\/uploads\\\/2016\\\/11\\\/7\u00b0EDITION_2010.jpg\",\"datePublished\":\"2016-11-18T17:50:47+00:00\",\"dateModified\":\"2021-05-04T17:40:25+00:00\",\"breadcrumb\":{\"@id\":\"https:\\\/\\\/fifp.fr\\\/archives-fifp\\\/7edition\\\/#breadcrumb\"},\"inLanguage\":\"en-US\",\"potentialAction\":[{\"@type\":\"ReadAction\",\"target\":[\"https:\\\/\\\/fifp.fr\\\/archives-fifp\\\/7edition\\\/\"]}]},{\"@type\":\"ImageObject\",\"inLanguage\":\"en-US\",\"@id\":\"https:\\\/\\\/fifp.fr\\\/archives-fifp\\\/7edition\\\/#primaryimage\",\"url\":\"https:\\\/\\\/fifp.fr\\\/wp-content\\\/uploads\\\/2016\\\/11\\\/7\u00b0EDITION_2010.jpg\",\"contentUrl\":\"https:\\\/\\\/fifp.fr\\\/wp-content\\\/uploads\\\/2016\\\/11\\\/7\u00b0EDITION_2010.jpg\",\"width\":350,\"height\":510},{\"@type\":\"BreadcrumbList\",\"@id\":\"https:\\\/\\\/fifp.fr\\\/archives-fifp\\\/7edition\\\/#breadcrumb\",\"itemListElement\":[{\"@type\":\"ListItem\",\"position\":1,\"name\":\"Festival Film Pan Africain De Cannes\",\"item\":\"https:\\\/\\\/fifp.fr\\\/\"},{\"@type\":\"ListItem\",\"position\":2,\"name\":\"ARCHIVES\",\"item\":\"https:\\\/\\\/fifp.fr\\\/archives-fifp\\\/\"},{\"@type\":\"ListItem\",\"position\":3,\"name\":\"7\u00c8ME EDITION\"}]},{\"@type\":\"WebSite\",\"@id\":\"https:\\\/\\\/fifp.fr\\\/#website\",\"url\":\"https:\\\/\\\/fifp.fr\\\/\",\"name\":\"Festival International Du Film Pan Africain | Cannes\",\"description\":\"Au Coeur Du CInema &amp; Des Arts Pan Africain\",\"potentialAction\":[{\"@type\":\"SearchAction\",\"target\":{\"@type\":\"EntryPoint\",\"urlTemplate\":\"https:\\\/\\\/fifp.fr\\\/?s={search_term_string}\"},\"query-input\":{\"@type\":\"PropertyValueSpecification\",\"valueRequired\":true,\"valueName\":\"search_term_string\"}}],\"inLanguage\":\"en-US\"}]}<\/script>\n<!-- \/ Yoast SEO plugin. -->","yoast_head_json":{"title":"7\u00c8ME EDITION - Festival International Du Film Pan Africain | Cannes","robots":{"index":"index","follow":"follow","max-snippet":"max-snippet:-1","max-image-preview":"max-image-preview:large","max-video-preview":"max-video-preview:-1"},"canonical":"https:\/\/fifp.fr\/en\/archives-fifp\/7edition\/","og_locale":"en_US","og_type":"article","og_title":"7\u00c8ME EDITION - Festival International Du Film Pan Africain | Cannes","og_url":"https:\/\/fifp.fr\/en\/archives-fifp\/7edition\/","og_site_name":"Festival International Du Film Pan Africain | Cannes","article_modified_time":"2021-05-04T17:40:25+00:00","og_image":[{"width":350,"height":510,"url":"https:\/\/i0.wp.com\/fifp.fr\/wp-content\/uploads\/2016\/11\/7\u00b0EDITION_2010.jpg?fit=350%2C510&ssl=1","type":"image\/jpeg"}],"twitter_card":"summary_large_image","twitter_misc":{"Est. reading time":"2 minutes"},"schema":{"@context":"https:\/\/schema.org","@graph":[{"@type":"WebPage","@id":"https:\/\/fifp.fr\/archives-fifp\/7edition\/","url":"https:\/\/fifp.fr\/archives-fifp\/7edition\/","name":"7\u00c8ME EDITION - Festival International Du Film Pan Africain | Cannes","isPartOf":{"@id":"https:\/\/fifp.fr\/#website"},"primaryImageOfPage":{"@id":"https:\/\/fifp.fr\/archives-fifp\/7edition\/#primaryimage"},"image":{"@id":"https:\/\/fifp.fr\/archives-fifp\/7edition\/#primaryimage"},"thumbnailUrl":"https:\/\/fifp.fr\/wp-content\/uploads\/2016\/11\/7\u00b0EDITION_2010.jpg","datePublished":"2016-11-18T17:50:47+00:00","dateModified":"2021-05-04T17:40:25+00:00","breadcrumb":{"@id":"https:\/\/fifp.fr\/archives-fifp\/7edition\/#breadcrumb"},"inLanguage":"en-US","potentialAction":[{"@type":"ReadAction","target":["https:\/\/fifp.fr\/archives-fifp\/7edition\/"]}]},{"@type":"ImageObject","inLanguage":"en-US","@id":"https:\/\/fifp.fr\/archives-fifp\/7edition\/#primaryimage","url":"https:\/\/fifp.fr\/wp-content\/uploads\/2016\/11\/7\u00b0EDITION_2010.jpg","contentUrl":"https:\/\/fifp.fr\/wp-content\/uploads\/2016\/11\/7\u00b0EDITION_2010.jpg","width":350,"height":510},{"@type":"BreadcrumbList","@id":"https:\/\/fifp.fr\/archives-fifp\/7edition\/#breadcrumb","itemListElement":[{"@type":"ListItem","position":1,"name":"Festival Film Pan Africain De Cannes","item":"https:\/\/fifp.fr\/"},{"@type":"ListItem","position":2,"name":"ARCHIVES","item":"https:\/\/fifp.fr\/archives-fifp\/"},{"@type":"ListItem","position":3,"name":"7\u00c8ME EDITION"}]},{"@type":"WebSite","@id":"https:\/\/fifp.fr\/#website","url":"https:\/\/fifp.fr\/","name":"Festival International Du Film Pan Africain | Cannes","description":"Au Coeur Du CInema &amp; Des Arts Pan Africain","potentialAction":[{"@type":"SearchAction","target":{"@type":"EntryPoint","urlTemplate":"https:\/\/fifp.fr\/?s={search_term_string}"},"query-input":{"@type":"PropertyValueSpecification","valueRequired":true,"valueName":"search_term_string"}}],"inLanguage":"en-US"}]}},"_links":{"self":[{"href":"http:\/\/fifp.fr\/en\/wp-json\/wp\/v2\/pages\/50167","targetHints":{"allow":["GET"]}}],"collection":[{"href":"http:\/\/fifp.fr\/en\/wp-json\/wp\/v2\/pages"}],"about":[{"href":"http:\/\/fifp.fr\/en\/wp-json\/wp\/v2\/types\/page"}],"author":[{"embeddable":true,"href":"http:\/\/fifp.fr\/en\/wp-json\/wp\/v2\/users\/2"}],"replies":[{"embeddable":true,"href":"http:\/\/fifp.fr\/en\/wp-json\/wp\/v2\/comments?post=50167"}],"version-history":[{"count":1,"href":"http:\/\/fifp.fr\/en\/wp-json\/wp\/v2\/pages\/50167\/revisions"}],"predecessor-version":[{"id":81542,"href":"http:\/\/fifp.fr\/en\/wp-json\/wp\/v2\/pages\/50167\/revisions\/81542"}],"up":[{"embeddable":true,"href":"http:\/\/fifp.fr\/en\/wp-json\/wp\/v2\/pages\/79051"}],"wp:featuredmedia":[{"embeddable":true,"href":"http:\/\/fifp.fr\/en\/wp-json\/wp\/v2\/media\/50169"}],"wp:attachment":[{"href":"http:\/\/fifp.fr\/en\/wp-json\/wp\/v2\/media?parent=50167"}],"curies":[{"name":"wp","href":"https:\/\/api.w.org\/{rel}","templated":true}]}}