{"id":112649,"date":"2025-07-09T23:58:47","date_gmt":"2025-07-09T21:58:47","guid":{"rendered":"https:\/\/fifp.fr\/?page_id=112649"},"modified":"2025-07-22T23:20:29","modified_gmt":"2025-07-22T21:20:29","slug":"fiche-technique","status":"publish","type":"page","link":"https:\/\/fifp.fr\/en\/fiche-technique\/","title":{"rendered":"Fiche Technique"},"content":{"rendered":"<p class=\"p1\">Veuillez fournir les informations demand\u00e9es dans cette fiche technique \u00e0 <span style=\"color: #0000ff;\"><strong><a style=\"color: #0000ff;\" href=\"mailto:tech@fifp.fr\">tech@fifp.fr<\/a><\/strong><\/span><strong> avant le 20 ao\u00fbt, 2025.<\/strong><\/p>\n<ol>\n<li class=\"p1\">Exigences relatives aux sous-titres<\/li>\n<li class=\"p1\">Exigences relatives au fichier num\u00e9rique du film<\/li>\n<li class=\"p1\">Sp\u00e9cifications du projecteur de la salle de cin\u00e9ma<\/li>\n<li class=\"p1\">Autres exigences<\/li>\n<\/ol>\n<p class=\"p1\"><strong>1. EXIGENCES DE SOUS-TITRES<\/strong><\/p>\n<p class=\"p1\">Votre film \u00e9tant s\u00e9lectionn\u00e9, quelques exigences doivent \u00eatre respect\u00e9es lors de la soumission de votre fichier. La plus importante est l&rsquo;exigence relative aux sous-titres. Si vous ne remplissez pas cette exigence, votre film ne sera pas projet\u00e9 pendant le Festival. Veuillez noter les points suivants\u00a0:<\/p>\n<p class=\"p1\" style=\"padding-left: 40px;\">a) Les films en anglais doivent \u00eatre sous-titr\u00e9s en fran\u00e7ais.<\/p>\n<p class=\"p1\" style=\"padding-left: 40px;\">b) Les films en fran\u00e7ais doivent \u00eatre sous-titr\u00e9s en anglais.<\/p>\n<p class=\"p1\" style=\"padding-left: 40px;\">c) Les films en langue tierce (autre que le fran\u00e7ais ou l&rsquo;anglais) doivent \u00eatre sous-titr\u00e9s en fran\u00e7ais et en anglais simultan\u00e9ment sur le m\u00eame \u00e9cran.<\/p>\n<p class=\"p1\" style=\"padding-left: 40px;\"><strong>Exemple 1\u00a0:<\/strong> Si la majorit\u00e9 de votre film est en anglais, les sous-titres des parties anglaises seront en fran\u00e7ais. Si, toutefois, certaines parties sont en allemand ou dans une autre langue, vous devez vous assurer qu&rsquo;elles sont correctement sous-titr\u00e9es simultan\u00e9ment en fran\u00e7ais et en anglais.<\/p>\n<p class=\"p1\" style=\"padding-left: 40px;\"><strong>Exemple 2\u00a0:<\/strong> Si votre film est enti\u00e8rement en arabe ou en swahili, les sous-titres devront \u00eatre simultan\u00e9ment en fran\u00e7ais et en anglais.<\/p>\n<p class=\"p1\" style=\"padding-left: 40px;\"><strong>Exemple 3\u00a0:<\/strong> Si votre film contient un dialecte proche du fran\u00e7ais ou de l&rsquo;anglais, comme le cr\u00e9ole ou le patois, les sous-titres doivent tout de m\u00eame \u00eatre inclus simultan\u00e9ment en anglais et en fran\u00e7ais pour mieux acommoder le public.<\/p>\n<p class=\"p1\">Les sous-titres doivent \u00eatre int\u00e9gr\u00e9s au fichier du film. Les films avec le fichier sous titres \u00e0 part ne seront pas accept\u00e9s. Si vous avez des sous-titres dans un fichier s\u00e9par\u00e9 qui ne sont pas int\u00e9gr\u00e9s (par exemple, SRT), veuillez trouver un moyen de les int\u00e9grer. Sinon, contactez-nous et nous examinerons si nous pouvons vous proposer une solution payante pour les int\u00e9grer. <strong>Si vous n&rsquo;avez pas de sous-titres, vous \u00eates responsable de trouver un service de traduction et de sous-titrage dans les d\u00e9lais impartis.<\/strong><\/p>\n<p class=\"p1\">Voir ci-dessous des exemples de sous-titres\u00a0:<\/p>\n<p class=\"p1\"><img decoding=\"async\" class=\"size-medium wp-image-112325\" style=\"font-family: -apple-system, BlinkMacSystemFont, 'Segoe UI', Roboto, Oxygen-Sans, Ubuntu, Cantarell, 'Helvetica Neue', sans-serif;\" src=\"https:\/\/fifp.fr\/wp-content\/uploads\/2024\/10\/Sous-titres-Subtitless_1-320x198.jpg\" alt=\"\" width=\"320\" height=\"198\" srcset=\"https:\/\/fifp.fr\/wp-content\/uploads\/2024\/10\/Sous-titres-Subtitless_1-320x198.jpg 320w, https:\/\/fifp.fr\/wp-content\/uploads\/2024\/10\/Sous-titres-Subtitless_1-1200x743.jpg 1200w, https:\/\/fifp.fr\/wp-content\/uploads\/2024\/10\/Sous-titres-Subtitless_1-768x476.jpg 768w, https:\/\/fifp.fr\/wp-content\/uploads\/2024\/10\/Sous-titres-Subtitless_1-1536x951.jpg 1536w, https:\/\/fifp.fr\/wp-content\/uploads\/2024\/10\/Sous-titres-Subtitless_1-18x12.jpg 18w, https:\/\/fifp.fr\/wp-content\/uploads\/2024\/10\/Sous-titres-Subtitless_1-350x217.jpg 350w, https:\/\/fifp.fr\/wp-content\/uploads\/2024\/10\/Sous-titres-Subtitless_1.jpg 1550w\" sizes=\"(max-width: 320px) 100vw, 320px\" \/><\/p>\n<p><img decoding=\"async\" class=\"size-medium wp-image-112326\" src=\"https:\/\/fifp.fr\/wp-content\/uploads\/2024\/10\/Sous-titres-Subtitless_2-320x198.jpg\" alt=\"\" width=\"320\" height=\"198\" srcset=\"https:\/\/fifp.fr\/wp-content\/uploads\/2024\/10\/Sous-titres-Subtitless_2-320x198.jpg 320w, https:\/\/fifp.fr\/wp-content\/uploads\/2024\/10\/Sous-titres-Subtitless_2-1200x743.jpg 1200w, https:\/\/fifp.fr\/wp-content\/uploads\/2024\/10\/Sous-titres-Subtitless_2-768x476.jpg 768w, https:\/\/fifp.fr\/wp-content\/uploads\/2024\/10\/Sous-titres-Subtitless_2-1536x951.jpg 1536w, https:\/\/fifp.fr\/wp-content\/uploads\/2024\/10\/Sous-titres-Subtitless_2-18x12.jpg 18w, https:\/\/fifp.fr\/wp-content\/uploads\/2024\/10\/Sous-titres-Subtitless_2-350x217.jpg 350w, https:\/\/fifp.fr\/wp-content\/uploads\/2024\/10\/Sous-titres-Subtitless_2.jpg 1550w\" sizes=\"(max-width: 320px) 100vw, 320px\" \/><\/p>\n<p><img decoding=\"async\" class=\"size-medium wp-image-112327\" src=\"https:\/\/fifp.fr\/wp-content\/uploads\/2024\/10\/Sous-titres-Subtitless_3-320x198.jpg\" alt=\"\" width=\"320\" height=\"198\" srcset=\"https:\/\/fifp.fr\/wp-content\/uploads\/2024\/10\/Sous-titres-Subtitless_3-320x198.jpg 320w, https:\/\/fifp.fr\/wp-content\/uploads\/2024\/10\/Sous-titres-Subtitless_3-1200x743.jpg 1200w, https:\/\/fifp.fr\/wp-content\/uploads\/2024\/10\/Sous-titres-Subtitless_3-768x476.jpg 768w, https:\/\/fifp.fr\/wp-content\/uploads\/2024\/10\/Sous-titres-Subtitless_3-1536x951.jpg 1536w, https:\/\/fifp.fr\/wp-content\/uploads\/2024\/10\/Sous-titres-Subtitless_3-18x12.jpg 18w, https:\/\/fifp.fr\/wp-content\/uploads\/2024\/10\/Sous-titres-Subtitless_3-350x217.jpg 350w, https:\/\/fifp.fr\/wp-content\/uploads\/2024\/10\/Sous-titres-Subtitless_3.jpg 1550w\" sizes=\"(max-width: 320px) 100vw, 320px\" \/><\/p>\n<p><img decoding=\"async\" class=\"size-medium wp-image-112328\" src=\"https:\/\/fifp.fr\/wp-content\/uploads\/2024\/10\/Sous-titres-Subtitless_4-320x198.jpg\" alt=\"\" width=\"320\" height=\"198\" srcset=\"https:\/\/fifp.fr\/wp-content\/uploads\/2024\/10\/Sous-titres-Subtitless_4-320x198.jpg 320w, https:\/\/fifp.fr\/wp-content\/uploads\/2024\/10\/Sous-titres-Subtitless_4-1200x743.jpg 1200w, https:\/\/fifp.fr\/wp-content\/uploads\/2024\/10\/Sous-titres-Subtitless_4-768x476.jpg 768w, https:\/\/fifp.fr\/wp-content\/uploads\/2024\/10\/Sous-titres-Subtitless_4-1536x951.jpg 1536w, https:\/\/fifp.fr\/wp-content\/uploads\/2024\/10\/Sous-titres-Subtitless_4-18x12.jpg 18w, https:\/\/fifp.fr\/wp-content\/uploads\/2024\/10\/Sous-titres-Subtitless_4-350x217.jpg 350w, https:\/\/fifp.fr\/wp-content\/uploads\/2024\/10\/Sous-titres-Subtitless_4.jpg 1550w\" sizes=\"(max-width: 320px) 100vw, 320px\" \/><\/p>\n<p>&nbsp;<\/p>\n<p class=\"p1\"><strong>2. EXIGENCES CONCERNANT LE FICHIER NUM\u00c9RIQUE<\/strong><\/p>\n<ul>\n<li class=\"p1\">Veuillez soumettre un fichier num\u00e9rique de votre film en haute d\u00e9finition. Les exigences suivantes doivent \u00eatre respect\u00e9es\u00a0:<\/li>\n<li class=\"p1\">Taille du fichier\u00a0: 10\u00a0Go maximum (les fichiers de plus de 10\u00a0Go seront refus\u00e9s)<\/li>\n<li class=\"p1\">Format du fichier\u00a0: MP4 ou MOV<\/li>\n<li class=\"p1\">R\u00e9solution\u00a0: 1080p (1920\u00a0x\u00a01080) ou 2K (2048\u00a0x\u00a01080) [une r\u00e9solution sup\u00e9rieure peut entra\u00eener des probl\u00e8mes de lecture]<\/li>\n<li class=\"p1\">Assurez-vous que votre fichier film ne comporte ni filigrane ni \u00e9tiquette.<\/li>\n<li class=\"p1\">Assurez-vous que le son fonctionne correctement.<\/li>\n<\/ul>\n<p class=\"p1\" style=\"padding-left: 40px;\"><strong>Remarque\u00a01\u00a0:<\/strong> Nous n\u2019acceptons pas les fichiers au format DCP.<\/p>\n<p class=\"p1\" style=\"padding-left: 40px;\"><strong>Remarque\u00a02\u00a0:<\/strong> Nous testerons vos fichiers film une fois t\u00e9l\u00e9charg\u00e9s et vous informerons de tout probl\u00e8me technique. Vous aurez la possibilit\u00e9 de corriger les probl\u00e8mes et de nous renvoyer votre fichier film.<\/p>\n<p class=\"p1\">Envoyez votre film via WeTransfer, Vimeo (avec mot de passe), Google Drive, Dropbox ou tout autre service de partage de fichiers. Veuillez vous assurer que les param\u00e8tres sont d\u00e9finis pour nous permettre de t\u00e9l\u00e9charger votre film. Nous nous efforcerons de t\u00e9l\u00e9charger tous les fichiers dans les d\u00e9lais impartis. Vous pouvez programmer la disponibilit\u00e9 du fichier de votre film plus longtemps afin de faciliter le travail de nos \u00e9quipes.<\/p>\n<p>&nbsp;<\/p>\n<p class=\"p1\"><strong>3. CARACT\u00c9RISTIQUES DU PROJECTEUR POUR LA SALLE DE CIN\u00c9MA<\/strong><\/p>\n<p class=\"p1\">Veuillez tenir compte des sp\u00e9cifications du projecteur lors de l&rsquo;envoi de votre film.<\/p>\n<ul>\n<li class=\"p1\">Projecteur\u00a0: Vid\u00e9oprojecteur, 8\u00a0000 lumens, 16:1.<\/li>\n<li class=\"p1\">Configuration audio\u00a0: St\u00e9r\u00e9o 2.1.<\/li>\n<\/ul>\n<p>&nbsp;<\/p>\n<p class=\"p1\"><strong>4. AUTRES EXIGENCES<\/strong><\/p>\n<p class=\"p1\">Nous collecterons les informations concernant votre film via FilmFreeway ou Festhome. Veuillez impr\u00e9ativement mettre \u00e0 jour ces plateformes d\u00e8s que possible. Nous recherchons les \u00e9l\u00e9ments suivants\u00a0:<\/p>\n<ul>\n<li class=\"p1\">Affiche du film \u00e0 jour (avec les lauriers du FIFP si vous le souhaitez)<\/li>\n<li class=\"p1\">Photos du film (avec des images du film et des coulisses, si disponibles)<\/li>\n<li class=\"p1\">Court synopsis \u00e0 jour en fran\u00e7ais et en anglais (maximum un paragraphe)<\/li>\n<li class=\"p1\">Titre du film \u00e0 jour en fran\u00e7ais et en langue originale<\/li>\n<\/ul>\n<p class=\"p1\">Veuillez \u00e9galement prendre le temps de vous familiariser avec le <span style=\"color: #0000ff;\"><strong><a style=\"color: #0000ff;\" href=\"https:\/\/fifp.fr\/wp-content\/uploads\/2022\/11\/Regulations-Reglement-FIFP2022.pdf\">r\u00e8glement du festival<\/a><\/strong><\/span>.<\/p>\n<p class=\"p1\">Pour toute question, n&rsquo;h\u00e9sitez pas \u00e0 nous contacter \u00e0 l&rsquo;adresse <a href=\"mailto:tech@fifp.fr\"><strong><span style=\"color: #0000ff;\">tech@fifp.fr<\/span><\/strong><\/a>.<\/p>\n<p>&nbsp;<\/p>\n","protected":false},"excerpt":{"rendered":"<p>Veuillez fournir les informations demand\u00e9es dans cette fiche technique \u00e0 tech@fifp.fr avant le 20 ao\u00fbt, 2025. Exigences relatives aux sous-titres [&hellip;]<\/p>\n","protected":false},"author":13,"featured_media":112338,"parent":0,"menu_order":0,"comment_status":"closed","ping_status":"closed","template":"","meta":{"footnotes":""},"class_list":["post-112649","page","type-page","status-publish","has-post-thumbnail","hentry"],"yoast_head":"<!-- This site is optimized with the Yoast SEO plugin v27.3 - https:\/\/yoast.com\/product\/yoast-seo-wordpress\/ -->\n<title>Fiche Technique - Festival International Du Film Pan Africain | Cannes<\/title>\n<meta name=\"robots\" content=\"index, follow, max-snippet:-1, max-image-preview:large, max-video-preview:-1\" \/>\n<link rel=\"canonical\" href=\"https:\/\/fifp.fr\/en\/fiche-technique\/\" \/>\n<meta property=\"og:locale\" content=\"en_US\" \/>\n<meta property=\"og:type\" content=\"article\" \/>\n<meta property=\"og:title\" content=\"Fiche Technique - Festival International Du Film Pan Africain | Cannes\" \/>\n<meta property=\"og:description\" content=\"Veuillez fournir les informations demand\u00e9es dans cette fiche technique \u00e0 tech@fifp.fr avant le 20 ao\u00fbt, 2025. Exigences relatives aux sous-titres [&hellip;]\" \/>\n<meta property=\"og:url\" content=\"https:\/\/fifp.fr\/en\/fiche-technique\/\" \/>\n<meta property=\"og:site_name\" content=\"Festival International Du Film Pan Africain | Cannes\" \/>\n<meta property=\"article:modified_time\" content=\"2025-07-22T21:20:29+00:00\" \/>\n<meta property=\"og:image\" content=\"https:\/\/fifp.fr\/wp-content\/uploads\/2024\/10\/Miramar-Salle.jpeg\" \/>\n\t<meta property=\"og:image:width\" content=\"1920\" \/>\n\t<meta property=\"og:image:height\" content=\"1280\" \/>\n\t<meta property=\"og:image:type\" content=\"image\/jpeg\" \/>\n<meta name=\"twitter:card\" content=\"summary_large_image\" \/>\n<meta name=\"twitter:label1\" content=\"Est. reading time\" \/>\n\t<meta name=\"twitter:data1\" content=\"5 minutes\" \/>\n<script type=\"application\/ld+json\" class=\"yoast-schema-graph\">{\"@context\":\"https:\\\/\\\/schema.org\",\"@graph\":[{\"@type\":\"WebPage\",\"@id\":\"https:\\\/\\\/fifp.fr\\\/fiche-technique\\\/\",\"url\":\"https:\\\/\\\/fifp.fr\\\/fiche-technique\\\/\",\"name\":\"Fiche Technique - Festival International Du Film Pan Africain | Cannes\",\"isPartOf\":{\"@id\":\"https:\\\/\\\/fifp.fr\\\/#website\"},\"primaryImageOfPage\":{\"@id\":\"https:\\\/\\\/fifp.fr\\\/fiche-technique\\\/#primaryimage\"},\"image\":{\"@id\":\"https:\\\/\\\/fifp.fr\\\/fiche-technique\\\/#primaryimage\"},\"thumbnailUrl\":\"https:\\\/\\\/fifp.fr\\\/wp-content\\\/uploads\\\/2024\\\/10\\\/Miramar-Salle.jpeg\",\"datePublished\":\"2025-07-09T21:58:47+00:00\",\"dateModified\":\"2025-07-22T21:20:29+00:00\",\"breadcrumb\":{\"@id\":\"https:\\\/\\\/fifp.fr\\\/fiche-technique\\\/#breadcrumb\"},\"inLanguage\":\"en-US\",\"potentialAction\":[{\"@type\":\"ReadAction\",\"target\":[\"https:\\\/\\\/fifp.fr\\\/fiche-technique\\\/\"]}]},{\"@type\":\"ImageObject\",\"inLanguage\":\"en-US\",\"@id\":\"https:\\\/\\\/fifp.fr\\\/fiche-technique\\\/#primaryimage\",\"url\":\"https:\\\/\\\/fifp.fr\\\/wp-content\\\/uploads\\\/2024\\\/10\\\/Miramar-Salle.jpeg\",\"contentUrl\":\"https:\\\/\\\/fifp.fr\\\/wp-content\\\/uploads\\\/2024\\\/10\\\/Miramar-Salle.jpeg\",\"width\":1920,\"height\":1280},{\"@type\":\"BreadcrumbList\",\"@id\":\"https:\\\/\\\/fifp.fr\\\/fiche-technique\\\/#breadcrumb\",\"itemListElement\":[{\"@type\":\"ListItem\",\"position\":1,\"name\":\"Festival Film Pan Africain De Cannes\",\"item\":\"https:\\\/\\\/fifp.fr\\\/\"},{\"@type\":\"ListItem\",\"position\":2,\"name\":\"Fiche Technique\"}]},{\"@type\":\"WebSite\",\"@id\":\"https:\\\/\\\/fifp.fr\\\/#website\",\"url\":\"https:\\\/\\\/fifp.fr\\\/\",\"name\":\"Festival International Du Film Pan Africain | Cannes\",\"description\":\"Au Coeur Du CInema &amp; Des Arts Pan Africain\",\"potentialAction\":[{\"@type\":\"SearchAction\",\"target\":{\"@type\":\"EntryPoint\",\"urlTemplate\":\"https:\\\/\\\/fifp.fr\\\/?s={search_term_string}\"},\"query-input\":{\"@type\":\"PropertyValueSpecification\",\"valueRequired\":true,\"valueName\":\"search_term_string\"}}],\"inLanguage\":\"en-US\"}]}<\/script>\n<!-- \/ Yoast SEO plugin. -->","yoast_head_json":{"title":"Fiche Technique - Festival International Du Film Pan Africain | Cannes","robots":{"index":"index","follow":"follow","max-snippet":"max-snippet:-1","max-image-preview":"max-image-preview:large","max-video-preview":"max-video-preview:-1"},"canonical":"https:\/\/fifp.fr\/en\/fiche-technique\/","og_locale":"en_US","og_type":"article","og_title":"Fiche Technique - Festival International Du Film Pan Africain | Cannes","og_description":"Veuillez fournir les informations demand\u00e9es dans cette fiche technique \u00e0 tech@fifp.fr avant le 20 ao\u00fbt, 2025. Exigences relatives aux sous-titres [&hellip;]","og_url":"https:\/\/fifp.fr\/en\/fiche-technique\/","og_site_name":"Festival International Du Film Pan Africain | Cannes","article_modified_time":"2025-07-22T21:20:29+00:00","og_image":[{"width":1920,"height":1280,"url":"https:\/\/fifp.fr\/wp-content\/uploads\/2024\/10\/Miramar-Salle.jpeg","type":"image\/jpeg"}],"twitter_card":"summary_large_image","twitter_misc":{"Est. reading time":"5 minutes"},"schema":{"@context":"https:\/\/schema.org","@graph":[{"@type":"WebPage","@id":"https:\/\/fifp.fr\/fiche-technique\/","url":"https:\/\/fifp.fr\/fiche-technique\/","name":"Fiche Technique - Festival International Du Film Pan Africain | Cannes","isPartOf":{"@id":"https:\/\/fifp.fr\/#website"},"primaryImageOfPage":{"@id":"https:\/\/fifp.fr\/fiche-technique\/#primaryimage"},"image":{"@id":"https:\/\/fifp.fr\/fiche-technique\/#primaryimage"},"thumbnailUrl":"https:\/\/fifp.fr\/wp-content\/uploads\/2024\/10\/Miramar-Salle.jpeg","datePublished":"2025-07-09T21:58:47+00:00","dateModified":"2025-07-22T21:20:29+00:00","breadcrumb":{"@id":"https:\/\/fifp.fr\/fiche-technique\/#breadcrumb"},"inLanguage":"en-US","potentialAction":[{"@type":"ReadAction","target":["https:\/\/fifp.fr\/fiche-technique\/"]}]},{"@type":"ImageObject","inLanguage":"en-US","@id":"https:\/\/fifp.fr\/fiche-technique\/#primaryimage","url":"https:\/\/fifp.fr\/wp-content\/uploads\/2024\/10\/Miramar-Salle.jpeg","contentUrl":"https:\/\/fifp.fr\/wp-content\/uploads\/2024\/10\/Miramar-Salle.jpeg","width":1920,"height":1280},{"@type":"BreadcrumbList","@id":"https:\/\/fifp.fr\/fiche-technique\/#breadcrumb","itemListElement":[{"@type":"ListItem","position":1,"name":"Festival Film Pan Africain De Cannes","item":"https:\/\/fifp.fr\/"},{"@type":"ListItem","position":2,"name":"Fiche Technique"}]},{"@type":"WebSite","@id":"https:\/\/fifp.fr\/#website","url":"https:\/\/fifp.fr\/","name":"Festival International Du Film Pan Africain | Cannes","description":"Au Coeur Du CInema &amp; Des Arts Pan Africain","potentialAction":[{"@type":"SearchAction","target":{"@type":"EntryPoint","urlTemplate":"https:\/\/fifp.fr\/?s={search_term_string}"},"query-input":{"@type":"PropertyValueSpecification","valueRequired":true,"valueName":"search_term_string"}}],"inLanguage":"en-US"}]}},"_links":{"self":[{"href":"https:\/\/fifp.fr\/en\/wp-json\/wp\/v2\/pages\/112649","targetHints":{"allow":["GET"]}}],"collection":[{"href":"https:\/\/fifp.fr\/en\/wp-json\/wp\/v2\/pages"}],"about":[{"href":"https:\/\/fifp.fr\/en\/wp-json\/wp\/v2\/types\/page"}],"author":[{"embeddable":true,"href":"https:\/\/fifp.fr\/en\/wp-json\/wp\/v2\/users\/13"}],"replies":[{"embeddable":true,"href":"https:\/\/fifp.fr\/en\/wp-json\/wp\/v2\/comments?post=112649"}],"version-history":[{"count":10,"href":"https:\/\/fifp.fr\/en\/wp-json\/wp\/v2\/pages\/112649\/revisions"}],"predecessor-version":[{"id":112674,"href":"https:\/\/fifp.fr\/en\/wp-json\/wp\/v2\/pages\/112649\/revisions\/112674"}],"wp:featuredmedia":[{"embeddable":true,"href":"https:\/\/fifp.fr\/en\/wp-json\/wp\/v2\/media\/112338"}],"wp:attachment":[{"href":"https:\/\/fifp.fr\/en\/wp-json\/wp\/v2\/media?parent=112649"}],"curies":[{"name":"wp","href":"https:\/\/api.w.org\/{rel}","templated":true}]}}