{"id":413,"date":"2014-02-10T20:57:46","date_gmt":"2014-02-10T19:57:46","guid":{"rendered":"http:\/\/fifp.fr\/?page_id=413"},"modified":"2026-03-31T17:45:50","modified_gmt":"2026-03-31T15:45:50","slug":"submit","status":"publish","type":"page","link":"https:\/\/fifp.fr\/en\/submit\/","title":{"rendered":"INSCRIRE UN FILM | FILM SUBMISSIONS"},"content":{"rendered":"<div class=\"wpb-content-wrapper\"><div data-parent=\"true\" class=\"vc_row has-bg need-focus style-color-nhtu-bg row-container onepage-section boomapps_vcrow\" data-label=\"Programme\" data-name=\"programme\" id=\"row-unique-0\"><div class=\"row unequal col-no-gutter no-top-padding no-bottom-padding no-h-padding full-width row-parent\" data-height-ratio=\"50\"><div class=\"wpb_row row-inner\"><div class=\"wpb_column pos-top pos-center align_left align_center_tablet column_parent col-lg-3 boomapps_vccolumn tablet-hidden col-md-66 single-internal-gutter\"><div class=\"uncol style-light unexpand\"  ><div class=\"uncoltable\" style=\"min-height: 280px;\"><div class=\"uncell  boomapps_vccolumn single-block-padding\" ><div class=\"column-background background-element\">\n\t\t\t\t\t\t\t\t\t\t\t<div class=\"background-wrapper\">\n\t\t\t\t\t\t\t\t\t\t\t\t<div class=\"background-inner\" style=\"background-image: url(https:\/\/fifp.fr\/wp-content\/uploads\/2019\/05\/Nicole-Amerteifio.jpg);background-repeat: no-repeat;background-position: center center;background-size: couverture;\" data-o_src=\"https:\/\/fifp.fr\/wp-content\/uploads\/2019\/05\/Nicole-Amerteifio.jpg\"><\/div>\n\t\t\t\t\t\t\t\t\t\t\t\t\n\t\t\t\t\t\t\t\t\t\t\t<\/div>\n\t\t\t\t\t\t\t\t\t\t<\/div><div class=\"uncont\" ><\/div><\/div><\/div><\/div><\/div><div class=\"wpb_column pos-middle pos-center align_left align_center_tablet align_center_mobile column_parent col-lg-3 boomapps_vccolumn single-internal-gutter\"><div class=\"uncol style-light\"  ><div class=\"uncoltable\"><div class=\"uncell  boomapps_vccolumn triple-block-padding style-color-vyce-bg has-bg\" ><div class=\"uncont\" ><div class=\"vc_custom_heading_wrap\"><div class=\"heading-text el-text\" ><h2 class=\"font-202503 fontsize-155944 fontspace-111509 text-capitalize\" ><i><span><span style=\"color: #ffffff;\">Date limite: 31 MARS 2026 | Extended Deadline : April 30, 2026 <\/span><\/span><\/i><\/h2><\/div><div class=\"clear\"><\/div><\/div><div class=\"vc_custom_heading_wrap\"><div class=\"heading-text el-text\" ><h3 class=\"font-202503 h3 fontspace-111509 text-capitalize\" ><i><span><span style=\"color: #ffffff;\"><strong> Statut &#8211; Ouvert <\/strong><\/span><\/span><\/i><\/h3><\/div><div class=\"clear\"><\/div><\/div><\/div><\/div><\/div><\/div><\/div><div class=\"wpb_column pos-middle pos-center align_center align_center_tablet align_center_mobile column_parent col-lg-6 boomapps_vccolumn tablet-hidden single-internal-gutter\"><div class=\"uncol style-spec style-dark\"  ><div class=\"uncoltable\"><div class=\"uncell  boomapps_vccolumn triple-block-padding style-color-rgdb-bg has-bg\" ><div class=\"uncont\" ><div class=\"uncode_text_column\" ><p><img decoding=\"async\" class=\"wp-image-79016 aligncenter\" src=\"https:\/\/fifp.fr\/wp-content\/uploads\/2019\/05\/Laurels-Gold-Transparent.png\" alt=\"\" width=\"208\" height=\"208\" srcset=\"https:\/\/fifp.fr\/wp-content\/uploads\/2019\/05\/Laurels-Gold-Transparent.png 1000w, https:\/\/fifp.fr\/wp-content\/uploads\/2019\/05\/Laurels-Gold-Transparent-160x160.png 160w, https:\/\/fifp.fr\/wp-content\/uploads\/2019\/05\/Laurels-Gold-Transparent-320x320.png 320w, https:\/\/fifp.fr\/wp-content\/uploads\/2019\/05\/Laurels-Gold-Transparent-768x768.png 768w, https:\/\/fifp.fr\/wp-content\/uploads\/2019\/05\/Laurels-Gold-Transparent-300x300.png 300w, https:\/\/fifp.fr\/wp-content\/uploads\/2019\/05\/Laurels-Gold-Transparent-600x600.png 600w, https:\/\/fifp.fr\/wp-content\/uploads\/2019\/05\/Laurels-Gold-Transparent-100x100.png 100w\" sizes=\"(max-width: 208px) 100vw, 208px\" \/><\/p>\n<\/div><div class=\"vc_custom_heading_wrap\"><div class=\"heading-text el-text\" ><h3 class=\"font-762333 h2 fontspace-111509 text-capitalize\" ><span><\/p><\/span><span><h1><em>Information<br \/><\/span><span><\/em><\/h1><\/span><span><p><\/span><\/h3><\/div><div class=\"clear\"><\/div><\/div><div class=\"divider-wrapper\"  >\n    <hr class=\"unseparator border-color-prif-color separator-no-padding\"  \/>\n<\/div>\n<span class=\"btn-container\" ><a role=\"button\"  href=\"https:\/\/fifp.fr\/wp-content\/uploads\/2024\/01\/Submission-Callout.2024.pdf\" class=\"custom-link btn btn-lg btn-custom-typo font-134980 font-weight-800 text-initial no-letterspace border-width-0 btn-color-gyho btn-square btn-outline btn-icon-left\" title=\"Submission Callout\" target=\"_blank\"><i class=\"fa fa-download\"><\/i>Details on the selection and the official competition<\/a><\/span><span class=\"btn-container\" ><a role=\"button\"  href=\"https:\/\/fifp.fr\/wp-content\/uploads\/2022\/11\/Regulations-Reglement-FIFP2022.pdf\" class=\"custom-link btn btn-lg btn-custom-typo font-134980 font-weight-800 text-initial no-letterspace border-width-0 btn-color-gyho btn-square btn-outline btn-icon-left\" title=\"Grille synoptique | Film Schedule\" target=\"_blank\"><i class=\"fa fa-download\"><\/i>PLEASE READ THE FIFP RULES BEFORE SUBMITTING YOUR FILM<\/a><\/span><\/div><\/div><\/div><\/div><\/div><script id=\"script-row-unique-0\" data-row=\"script-row-unique-0\" type=\"text\/javascript\" class=\"vc_controls\">UNCODE.initRow(document.getElementById(\"row-unique-0\"));<\/script><\/div><\/div><\/div><div data-parent=\"true\" class=\"vc_row row-container boomapps_vcrow\" id=\"row-unique-1\"><div class=\"row limit-width row-parent\"><div class=\"wpb_row row-inner\"><div class=\"wpb_column pos-top pos-center align_left column_parent col-lg-12 boomapps_vccolumn single-internal-gutter\"><div class=\"uncol style-light\"  ><div class=\"uncoltable\"><div class=\"uncell  boomapps_vccolumn no-block-padding\" ><div class=\"uncont\" ><div class=\"uncode-tabs wpb_content_element\" data-interval=\"\"  data-target=\"\"><div class=\"uncode-wrapper tab-container\"><div class=\"vc_tta-tabs-container\"><ul class=\"nav nav-tabs wpb_tabs_nav ui-tabs-nav vc_tta-tabs-list text-center\"><li data-tab-id=\"tab-1474410998-1-75\" data-tab-o-id=\"1474410998-1-75\" class=\"vc_tta-tab active\"><a href=\"#tab-1474410998-1-75\" data-toggle=\"tab\"><span><span><span class=\"\">Film submissions<\/span><\/span><\/span><\/a><\/li><\/ul><\/div><div class=\"tab-content wpb_wrapper\"><div id=\"tab-1474410998-1-75\" class=\"tab-pane in active fade half-internal-gutter single-block-padding\"><div>\n\t\t\t\t<div class=\"vc_row style-color-lxmt-bg row-internal row-container boomapps_vcrow\"><div class=\"row row-child\"><div class=\"wpb_row row-inner row-inner-force\"><div class=\"wpb_column pos-top pos-center align_left column_child col-lg-12 boomapps_vccolumn single-internal-gutter\"><div class=\"uncol style-light\" ><div class=\"uncoltable\"><div class=\"uncell  boomapps_vccolumn no-block-padding\" ><div class=\"uncont\" ><div class=\"uncode_text_column\" ><\/p>\n<p style=\"text-align: center;\"><strong>Thank you for registering and\u00a0 submitting your film on\u00a0FilmFreeway's or Festhome's secure platforms<\/strong><br \/>\n<strong>The selection committee will be studying your films carefully.<\/strong><\/p>\n<\/div><\/div><\/div><\/div><\/div><\/div><\/div><\/div><\/div><div class=\"wpb_content_element\"  >\n\t<div class=\"messagebox_text style-color-vyce-bg\"><h3 style=\"text-align: center;\"><span style=\"color: #000000;\"><strong>&#x26a0; NOTE\u00a0<\/strong><\/span><\/h3>\n<p>&nbsp;<\/p>\n<p>Aucun sous titrage n&rsquo;est exig\u00e9 lors de la soumission de votre film. En revanche, d\u00e8s sa s\u00e9lection, les r\u00e8gles suivantes doivent \u00eatre respect\u00e9es pour r\u00e9pondre \u00e0 la demande de notre public international:<\/p>\n<ul>\n<li><em><span style=\"font-weight: 400;\">English films must contain French subtitles. <\/span><\/em><\/li>\n<li><em><span style=\"font-weight: 400;\">French films must contain English subtitles.<\/span><\/em><\/li>\n<li><em><span style=\"font-weight: 400;\">Films containing a third language (other than French or English) must contain subtitles in both French and English.<\/span><\/em><\/li>\n<\/ul>\n<div><!--block--><strong>&gt; We provide subtitling support via our professional translation partners. For more information on these paid services, please contact <a href=\"mailto:tech@fifp.fr\"><em>tech@fifp.fr<\/em><\/a>.<\/strong><\/div>\n<div><\/div>\n<div>&gt; If your film is selected, a digital HD file must be sent (formats: .MP4, .MOV, or .MKV). Please send it to: <a href=\"mailto:tech@fifp.fr\">tech@fifp.fr<\/a> via Wetranfer ou autres plateformes de transfert. Le DCP n&rsquo;est pas accept\u00e9 pour des raisons logistiques.<\/div>\n<div><\/div>\n<div>&gt; L&rsquo;exactitude et la compl\u00e9tude des informations fournies lors de l&rsquo;inscription sont obligatoires. L&rsquo;ensemble des \u00e9l\u00e9ments (dur\u00e9e exacte, poster, bande-annonce, cr\u00e9dits, etc.) sera utilis\u00e9 tel quel pour la programmation et nos supports de communication. Nous vous demandons de porter une attention particuli\u00e8re \u00e0 votre synopsis : il doit \u00eatre court, percutant et vendeur. Tout dossier incomplet ou comportant des informations erron\u00e9es pourra faire l&rsquo;objet d&rsquo;une disqualification. Nous vous remercions donc de veiller \u00e0 remplir chaque champ avec la plus grande rigueur pour garantir la s\u00e9lection et la mise en valeur de votre film.<\/div>\n<\/div>\n\t<\/div>\n<div class=\"empty-space empty-single\" ><span class=\"empty-space-inner\"><\/span><\/div>\n<div class=\"vc_row row-internal row-container boomapps_vcrow\"><div class=\"row row-child\"><div class=\"wpb_row row-inner\"><div class=\"wpb_column pos-top pos-center align_center column_child col-lg-6 boomapps_vccolumn single-internal-gutter\"><div class=\"uncol style-light\" ><div class=\"uncoltable\"><div class=\"uncell  boomapps_vccolumn no-block-padding\" ><div class=\"uncont\" ><div class=\"uncode_text_column\" ><\/p>\n<h3 style=\"text-align: center;\">Platforme Filmfreeway<\/h3>\n<p style=\"text-align: center;\">Cliquez sur le bouton ci-dessous et soumettez votre film d\u00e8s maintenant!<\/p>\n<p style=\"text-align: center;\">Submit your film today!<\/p>\n<p>\n<\/div><div class=\"uncode_text_column\" ><p><a title=\"Click to submit on FilmFreeway\" href=\"https:\/\/filmfreeway.com\/festivals\/1353?utm_campaign=Festival+International+du+Film+PanAfricain+de+Cannes&amp;utm_medium=External&amp;utm_source=Submission+Button\" target=\"_blank\" rel=\"noopener\"><img decoding=\"async\" title=\"Click to submit on FilmFreeway\" src=\"https:\/\/public-assets.filmfreeway.com\/submission_buttons\/v2\/med_submission_btn@2x-sky-gradient.png\" width=\"263\" height=\"102\" \/><\/a><\/p>\n<\/div><div class=\"uncode_text_column\" ><p><img decoding=\"async\" class=\"aligncenter wp-image-111672\" src=\"https:\/\/fifp.fr\/wp-content\/uploads\/2024\/01\/scoring-filmfreway-fifp.png\" alt=\"\" width=\"342\" height=\"99\" srcset=\"https:\/\/fifp.fr\/wp-content\/uploads\/2024\/01\/scoring-filmfreway-fifp.png 1026w, https:\/\/fifp.fr\/wp-content\/uploads\/2024\/01\/scoring-filmfreway-fifp-320x93.png 320w, https:\/\/fifp.fr\/wp-content\/uploads\/2024\/01\/scoring-filmfreway-fifp-768x223.png 768w, https:\/\/fifp.fr\/wp-content\/uploads\/2024\/01\/scoring-filmfreway-fifp-18x5.png 18w, https:\/\/fifp.fr\/wp-content\/uploads\/2024\/01\/scoring-filmfreway-fifp-350x102.png 350w\" sizes=\"(max-width: 342px) 100vw, 342px\" \/><\/p>\n<\/div><\/div><\/div><\/div><\/div><\/div><div class=\"wpb_column pos-top pos-center align_center align_center_tablet align_center_mobile column_child col-lg-6 boomapps_vccolumn single-internal-gutter\"><div class=\"uncol style-light\" ><div class=\"uncoltable\"><div class=\"uncell  boomapps_vccolumn no-block-padding\" ><div class=\"uncont\" ><div class=\"uncode_text_column\" ><\/p>\n<h3 style=\"text-align: center;\">Plateforme Festhome<\/h3>\n<p style=\"text-align: center;\">Cliquez sur le bouton ci-dessous et soumettez votre film d\u00e8s maintenant!<\/p>\n<p style=\"text-align: center;\">Submit your film today !<\/p>\n<p>\n<\/div><div class=\"uncode_text_column\" ><\/p>\n<p style=\"text-align: center;\"><a href=\"https:\/\/festhome.com\/f\/2386\" target=\"_blank\" rel=\"noopener noreferrer\"><img decoding=\"async\" class=\"aligncenter\" src=\"https:\/\/festhomedocs.com\/img\/logos\/buttons\/festhome_white_big.png\" alt=\"\" width=\"243\" height=\"105\" \/><\/a><\/p>\n<p>\n<\/div><\/div><\/div><\/div><\/div><\/div><\/div><\/div><\/div><\/div><\/div><\/div><\/div><\/div><\/div><\/div><\/div><\/div><\/div><script id=\"script-row-unique-1\" data-row=\"script-row-unique-1\" type=\"text\/javascript\" class=\"vc_controls\">UNCODE.initRow(document.getElementById(\"row-unique-1\"));<\/script><\/div><\/div><\/div><div data-parent=\"true\" class=\"vc_row inverted-device-order has-bg need-focus style-color-vyce-bg vc_custom_1637776703050 border-color-gyho-color row-container boomapps_vcrow\" style=\"border-style: solid;border-top-width: 1px ;border-bottom-width: 1px ;\" id=\"row-unique-2\"><div class=\"row unequal col-double-gutter quad-top-padding quad-bottom-padding no-h-padding full-width row-parent\"><div class=\"wpb_row row-inner\"><div class=\"wpb_column pos-middle pos-center align_left align_center_mobile column_parent col-lg-6 boomapps_vccolumn single-internal-gutter\"><div class=\"uncol style-light\"  ><div class=\"uncoltable\"><div class=\"uncell  boomapps_vccolumn single-block-padding style-color-vyce-bg has-bg\" ><div class=\"uncont\" style=\" max-width:528px;\" ><div class=\"vc_custom_heading_wrap\"><div class=\"heading-text el-text\" ><h6 class=\"fontsize-160000 fontspace-135905 text-accent-color text-uppercase\" ><span>November 2021<\/span><\/h6><\/div><div class=\"clear\"><\/div><\/div><div class=\"vc_custom_heading_wrap\"><div class=\"heading-text el-text\" ><h3 class=\"h2 fontheight-357766\" ><span>\u00ab\u00a0The Cuba in Africa team was honored to attend this festival and to be among the winners of two awards, including the Dikalo Award for Peace. The festival was warm, well-organized and all our questions leading up to the festival were fully honored. We were touched by how much thought went into recognizing and honoring PanAfrican films. I highly recommend this festival.\u00a0\u00bb<\/span><\/h3><\/div><div class=\"clear\"><\/div><\/div><div class=\"uncode_text_column\" ><p>\u2014 Negash Abdurahman, Director of the film &lsquo;Cuba In Africa&rsquo;<\/p>\n<\/div><\/div><\/div><\/div><\/div><\/div><div class=\"wpb_column pos-top pos-center align_right column_parent col-lg-6 boomapps_vccolumn single-internal-gutter\"><div class=\"uncol style-light\"  ><div class=\"uncoltable\"><div class=\"uncell  boomapps_vccolumn no-block-padding\" ><div class=\"uncont\" ><div class=\"uncode-single-media  text-left\"><div class=\"single-wrapper\" style=\"max-width: 100%;\"><div class=\"tmb tmb-light  tmb-media-first tmb-media-last tmb-content-overlay tmb-no-bg\"><div class=\"t-inside\"><div class=\"t-entry-visual\"><div class=\"t-entry-visual-tc\"><div class=\"uncode-single-media-wrapper\"><img decoding=\"async\" class=\"wp-image-82694\" src=\"https:\/\/fifp.fr\/wp-content\/uploads\/2021\/11\/IMG_4970.jpg\" width=\"2500\" height=\"1667\" alt=\"\" srcset=\"https:\/\/fifp.fr\/wp-content\/uploads\/2021\/11\/IMG_4970.jpg 2500w, https:\/\/fifp.fr\/wp-content\/uploads\/2021\/11\/IMG_4970-320x213.jpg 320w, https:\/\/fifp.fr\/wp-content\/uploads\/2021\/11\/IMG_4970-1200x800.jpg 1200w, https:\/\/fifp.fr\/wp-content\/uploads\/2021\/11\/IMG_4970-768x512.jpg 768w, https:\/\/fifp.fr\/wp-content\/uploads\/2021\/11\/IMG_4970-1536x1024.jpg 1536w, https:\/\/fifp.fr\/wp-content\/uploads\/2021\/11\/IMG_4970-2048x1366.jpg 2048w\" sizes=\"(max-width: 2500px) 100vw, 2500px\" \/><\/div>\n\t\t\t\t\t<\/div>\n\t\t\t\t<\/div><\/div><\/div><\/div><\/div><\/div><\/div><\/div><\/div><\/div><script id=\"script-row-unique-2\" data-row=\"script-row-unique-2\" type=\"text\/javascript\" class=\"vc_controls\">UNCODE.initRow(document.getElementById(\"row-unique-2\"));<\/script><\/div><\/div><\/div>\n<\/div>","protected":false},"excerpt":{"rendered":"Date limite: 31 MARS 2026 | Extended Deadline : April 30, 2026 Statut - Ouvert Information D\u00e9tails sur la s\u00e9lection [...]","protected":false},"author":2,"featured_media":113498,"parent":0,"menu_order":0,"comment_status":"closed","ping_status":"closed","template":"","meta":{"footnotes":""},"class_list":["post-413","page","type-page","status-publish","has-post-thumbnail","hentry"],"yoast_head":"<!-- This site is optimized with the Yoast SEO plugin v27.3 - https:\/\/yoast.com\/product\/yoast-seo-wordpress\/ -->\n<title>INSCRIRE UN FILM | FILM SUBMISSIONS - Festival International Du Film Pan Africain | Cannes<\/title>\n<meta name=\"robots\" content=\"index, follow, max-snippet:-1, max-image-preview:large, max-video-preview:-1\" \/>\n<link rel=\"canonical\" href=\"https:\/\/fifp.fr\/en\/submit\/\" \/>\n<meta property=\"og:locale\" content=\"en_US\" \/>\n<meta property=\"og:type\" content=\"article\" \/>\n<meta property=\"og:title\" content=\"INSCRIRE UN FILM | FILM SUBMISSIONS - Festival International Du Film Pan Africain | Cannes\" \/>\n<meta property=\"og:url\" content=\"https:\/\/fifp.fr\/en\/submit\/\" \/>\n<meta property=\"og:site_name\" content=\"Festival International Du Film Pan Africain | Cannes\" \/>\n<meta property=\"article:modified_time\" content=\"2026-03-31T15:45:50+00:00\" \/>\n<meta property=\"og:image\" content=\"https:\/\/fifp.fr\/wp-content\/uploads\/2026\/01\/A5-Flyer-FIFP2026-Appel-a-films-2026.jpg\" \/>\n\t<meta property=\"og:image:width\" content=\"1749\" \/>\n\t<meta property=\"og:image:height\" content=\"2481\" \/>\n\t<meta property=\"og:image:type\" content=\"image\/jpeg\" \/>\n<meta name=\"twitter:card\" content=\"summary_large_image\" \/>\n<meta name=\"twitter:label1\" content=\"Est. reading time\" \/>\n\t<meta name=\"twitter:data1\" content=\"5 minutes\" \/>\n<script type=\"application\/ld+json\" class=\"yoast-schema-graph\">{\"@context\":\"https:\\\/\\\/schema.org\",\"@graph\":[{\"@type\":\"WebPage\",\"@id\":\"https:\\\/\\\/fifp.fr\\\/submit\\\/\",\"url\":\"https:\\\/\\\/fifp.fr\\\/submit\\\/\",\"name\":\"INSCRIRE UN FILM | FILM SUBMISSIONS - Festival International Du Film Pan Africain | Cannes\",\"isPartOf\":{\"@id\":\"https:\\\/\\\/fifp.fr\\\/#website\"},\"primaryImageOfPage\":{\"@id\":\"https:\\\/\\\/fifp.fr\\\/submit\\\/#primaryimage\"},\"image\":{\"@id\":\"https:\\\/\\\/fifp.fr\\\/submit\\\/#primaryimage\"},\"thumbnailUrl\":\"https:\\\/\\\/fifp.fr\\\/wp-content\\\/uploads\\\/2026\\\/01\\\/A5-Flyer-FIFP2026-Appel-a-films-2026.jpg\",\"datePublished\":\"2014-02-10T19:57:46+00:00\",\"dateModified\":\"2026-03-31T15:45:50+00:00\",\"breadcrumb\":{\"@id\":\"https:\\\/\\\/fifp.fr\\\/submit\\\/#breadcrumb\"},\"inLanguage\":\"en-US\",\"potentialAction\":[{\"@type\":\"ReadAction\",\"target\":[\"https:\\\/\\\/fifp.fr\\\/submit\\\/\"]}]},{\"@type\":\"ImageObject\",\"inLanguage\":\"en-US\",\"@id\":\"https:\\\/\\\/fifp.fr\\\/submit\\\/#primaryimage\",\"url\":\"https:\\\/\\\/fifp.fr\\\/wp-content\\\/uploads\\\/2026\\\/01\\\/A5-Flyer-FIFP2026-Appel-a-films-2026.jpg\",\"contentUrl\":\"https:\\\/\\\/fifp.fr\\\/wp-content\\\/uploads\\\/2026\\\/01\\\/A5-Flyer-FIFP2026-Appel-a-films-2026.jpg\",\"width\":1749,\"height\":2481},{\"@type\":\"BreadcrumbList\",\"@id\":\"https:\\\/\\\/fifp.fr\\\/submit\\\/#breadcrumb\",\"itemListElement\":[{\"@type\":\"ListItem\",\"position\":1,\"name\":\"Festival Film Pan Africain De Cannes\",\"item\":\"https:\\\/\\\/fifp.fr\\\/\"},{\"@type\":\"ListItem\",\"position\":2,\"name\":\"INSCRIRE UN FILM | FILM SUBMISSIONS\"}]},{\"@type\":\"WebSite\",\"@id\":\"https:\\\/\\\/fifp.fr\\\/#website\",\"url\":\"https:\\\/\\\/fifp.fr\\\/\",\"name\":\"Festival International Du Film Pan Africain | Cannes\",\"description\":\"Au Coeur Du CInema &amp; Des Arts Pan Africain\",\"potentialAction\":[{\"@type\":\"SearchAction\",\"target\":{\"@type\":\"EntryPoint\",\"urlTemplate\":\"https:\\\/\\\/fifp.fr\\\/?s={search_term_string}\"},\"query-input\":{\"@type\":\"PropertyValueSpecification\",\"valueRequired\":true,\"valueName\":\"search_term_string\"}}],\"inLanguage\":\"en-US\"}]}<\/script>\n<!-- \/ Yoast SEO plugin. -->","yoast_head_json":{"title":"INSCRIRE UN FILM | FILM SUBMISSIONS - Festival International Du Film Pan Africain | Cannes","robots":{"index":"index","follow":"follow","max-snippet":"max-snippet:-1","max-image-preview":"max-image-preview:large","max-video-preview":"max-video-preview:-1"},"canonical":"https:\/\/fifp.fr\/en\/submit\/","og_locale":"en_US","og_type":"article","og_title":"INSCRIRE UN FILM | FILM SUBMISSIONS - Festival International Du Film Pan Africain | Cannes","og_url":"https:\/\/fifp.fr\/en\/submit\/","og_site_name":"Festival International Du Film Pan Africain | Cannes","article_modified_time":"2026-03-31T15:45:50+00:00","og_image":[{"width":1749,"height":2481,"url":"https:\/\/fifp.fr\/wp-content\/uploads\/2026\/01\/A5-Flyer-FIFP2026-Appel-a-films-2026.jpg","type":"image\/jpeg"}],"twitter_card":"summary_large_image","twitter_misc":{"Est. reading time":"5 minutes"},"schema":{"@context":"https:\/\/schema.org","@graph":[{"@type":"WebPage","@id":"https:\/\/fifp.fr\/submit\/","url":"https:\/\/fifp.fr\/submit\/","name":"INSCRIRE UN FILM | FILM SUBMISSIONS - Festival International Du Film Pan Africain | Cannes","isPartOf":{"@id":"https:\/\/fifp.fr\/#website"},"primaryImageOfPage":{"@id":"https:\/\/fifp.fr\/submit\/#primaryimage"},"image":{"@id":"https:\/\/fifp.fr\/submit\/#primaryimage"},"thumbnailUrl":"https:\/\/fifp.fr\/wp-content\/uploads\/2026\/01\/A5-Flyer-FIFP2026-Appel-a-films-2026.jpg","datePublished":"2014-02-10T19:57:46+00:00","dateModified":"2026-03-31T15:45:50+00:00","breadcrumb":{"@id":"https:\/\/fifp.fr\/submit\/#breadcrumb"},"inLanguage":"en-US","potentialAction":[{"@type":"ReadAction","target":["https:\/\/fifp.fr\/submit\/"]}]},{"@type":"ImageObject","inLanguage":"en-US","@id":"https:\/\/fifp.fr\/submit\/#primaryimage","url":"https:\/\/fifp.fr\/wp-content\/uploads\/2026\/01\/A5-Flyer-FIFP2026-Appel-a-films-2026.jpg","contentUrl":"https:\/\/fifp.fr\/wp-content\/uploads\/2026\/01\/A5-Flyer-FIFP2026-Appel-a-films-2026.jpg","width":1749,"height":2481},{"@type":"BreadcrumbList","@id":"https:\/\/fifp.fr\/submit\/#breadcrumb","itemListElement":[{"@type":"ListItem","position":1,"name":"Festival Film Pan Africain De Cannes","item":"https:\/\/fifp.fr\/"},{"@type":"ListItem","position":2,"name":"INSCRIRE UN FILM | FILM SUBMISSIONS"}]},{"@type":"WebSite","@id":"https:\/\/fifp.fr\/#website","url":"https:\/\/fifp.fr\/","name":"Festival International Du Film Pan Africain | Cannes","description":"Au Coeur Du CInema &amp; Des Arts Pan Africain","potentialAction":[{"@type":"SearchAction","target":{"@type":"EntryPoint","urlTemplate":"https:\/\/fifp.fr\/?s={search_term_string}"},"query-input":{"@type":"PropertyValueSpecification","valueRequired":true,"valueName":"search_term_string"}}],"inLanguage":"en-US"}]}},"_links":{"self":[{"href":"https:\/\/fifp.fr\/en\/wp-json\/wp\/v2\/pages\/413","targetHints":{"allow":["GET"]}}],"collection":[{"href":"https:\/\/fifp.fr\/en\/wp-json\/wp\/v2\/pages"}],"about":[{"href":"https:\/\/fifp.fr\/en\/wp-json\/wp\/v2\/types\/page"}],"author":[{"embeddable":true,"href":"https:\/\/fifp.fr\/en\/wp-json\/wp\/v2\/users\/2"}],"replies":[{"embeddable":true,"href":"https:\/\/fifp.fr\/en\/wp-json\/wp\/v2\/comments?post=413"}],"version-history":[{"count":43,"href":"https:\/\/fifp.fr\/en\/wp-json\/wp\/v2\/pages\/413\/revisions"}],"predecessor-version":[{"id":113502,"href":"https:\/\/fifp.fr\/en\/wp-json\/wp\/v2\/pages\/413\/revisions\/113502"}],"wp:featuredmedia":[{"embeddable":true,"href":"https:\/\/fifp.fr\/en\/wp-json\/wp\/v2\/media\/113498"}],"wp:attachment":[{"href":"https:\/\/fifp.fr\/en\/wp-json\/wp\/v2\/media?parent=413"}],"curies":[{"name":"wp","href":"https:\/\/api.w.org\/{rel}","templated":true}]}}