{"id":47,"date":"2013-12-30T09:01:53","date_gmt":"2013-12-30T08:01:53","guid":{"rendered":"http:\/\/localhost:8888\/basile\/?page_id=47"},"modified":"2025-12-18T14:55:29","modified_gmt":"2025-12-18T12:55:29","slug":"team","status":"publish","type":"page","link":"https:\/\/fifp.fr\/en\/team\/","title":{"rendered":"TEAM"},"content":{"rendered":"<div class=\"wpb-content-wrapper\"><div data-parent=\"true\" class=\"vc_row row-container boomapps_vcrow\" id=\"row-unique-0\"><div class=\"row no-top-padding no-bottom-padding no-h-padding full-width row-parent\"><div class=\"wpb_row row-inner\"><div class=\"wpb_column pos-top pos-center align_left column_parent col-lg-12 boomapps_vccolumn single-internal-gutter\"><div class=\"uncol style-light\"  ><div class=\"uncoltable\"><div class=\"uncell  boomapps_vccolumn no-block-padding\" ><div class=\"uncont\" ><div id=\"gallery-158697\" class=\"un-media-gallery isotope-system isotope-general-light grid-general-light\">\n\t\t\t\t\t\n\t\n\t<div class=\"isotope-wrapper grid-wrapper px-gutter\" >\n\t\t\t\t\t\t\t\t\t<div class=\"isotope-container isotope-layout style-metro\" data-type=\"metro\" data-layout=\"cellsByRow\" data-lg=\"1000\" data-md=\"600\" data-sm=\"480\">\n<div class=\"tmb tmb-iso-w4 tmb-iso-h4 tmb-light tmb-overlay-gradient-bottom tmb-text-showed tmb-overlay-showed tmb-overlay-anim tmb-overlay-bottom tmb-overlay-text-center tmb-image-color-anim tmb-image-anim tmb-bordered tmb-id-53396  tmb-media-first tmb-media-last tmb-content-overlay tmb-no-bg\" ><div class=\"t-inside no-anim\" ><div class=\"t-entry-visual\"><div class=\"t-entry-visual-tc\"><div class=\"t-entry-visual-cont\"><div class=\"t-entry-visual-overlay\" style=\"mix-blend-mode: darken;\"><div class=\"t-entry-visual-overlay-in style-color-vyce-bg\"><\/div><\/div><div class=\"t-overlay-wrap\"><div class=\"t-overlay-inner\">\n\t\t\t\t\t\t\t\t\t\t\t\t\t\t<div class=\"t-overlay-content\">\n\t\t\t\t\t\t\t\t\t\t\t\t\t\t\t<div class=\"t-overlay-text half-block-padding\"><div class=\"t-entry\"><h3 class=\"t-entry-title h4 title-scale\">Basile Eitel NGANGUE EBELLE<\/h3><p class=\"t-entry-meta\"><span>Pr\u00e9sident\/Fondateur | Founding President<\/span><\/p><\/div><\/div><\/div><\/div><\/div><a role=\"button\" href=\"#\" class=\"inactive-link t-background-click\">\n\t\t\t\t\t\t\t\t\t\t\t\t<div class=\"t-background-cover\" style=\"background-image:url('https:\/\/fifp.fr\/wp-content\/uploads\/2018\/03\/Basile-Ngangue-Ebelle-uai-258x258.jpg')\"><\/div>\n\t\t\t\t\t\t\t\t\t\t\t<\/a><\/div>\n\t\t\t\t\t<\/div>\n\t\t\t\t<\/div><\/div><\/div><div class=\"tmb tmb-iso-w3 tmb-iso-h4 tmb-light tmb-overlay-gradient-bottom tmb-text-showed tmb-overlay-showed tmb-overlay-anim tmb-overlay-bottom tmb-overlay-text-center tmb-image-color-anim tmb-image-anim tmb-bordered tmb-id-82841  tmb-media-first tmb-media-last tmb-content-overlay tmb-no-bg\" ><div class=\"t-inside no-anim\" ><div class=\"t-entry-visual\"><div class=\"t-entry-visual-tc\"><div class=\"t-entry-visual-cont\"><a  class=\"inactive-link\" data-lb-index=\"1\"><div class=\"t-entry-visual-overlay\" style=\"mix-blend-mode: darken;\"><div class=\"t-entry-visual-overlay-in style-color-vyce-bg\"><\/div><\/div><div class=\"t-overlay-wrap\"><div class=\"t-overlay-inner\">\n\t\t\t\t\t\t\t\t\t\t\t\t\t\t<div class=\"t-overlay-content\">\n\t\t\t\t\t\t\t\t\t\t\t\t\t\t\t<div class=\"t-overlay-text half-block-padding\"><div class=\"t-entry\"><h3 class=\"t-entry-title h4 title-scale\">Yohan NGANGUE EBELLE<\/h3><p class=\"t-entry-meta\"><span>Directeur | CEO<\/span><\/p><\/div><\/div><\/div><\/div><\/div><div class=\"t-background-cover\" style=\"background-image:url('https:\/\/fifp.fr\/wp-content\/uploads\/2022\/03\/808pix-uai-666x888.png')\"><\/div><\/a><\/div>\n\t\t\t\t\t<\/div>\n\t\t\t\t<\/div><\/div><\/div><div class=\"tmb tmb-iso-w3 tmb-iso-h4 tmb-light tmb-overlay-gradient-bottom tmb-text-showed tmb-overlay-showed tmb-overlay-anim tmb-overlay-bottom tmb-overlay-text-center tmb-image-color-anim tmb-image-anim tmb-bordered tmb-id-79417  tmb-media-first tmb-media-last tmb-content-overlay tmb-no-bg\" ><div class=\"t-inside no-anim\" ><div class=\"t-entry-visual\"><div class=\"t-entry-visual-tc\"><div class=\"t-entry-visual-cont\"><a  class=\"inactive-link\" data-lb-index=\"2\"><div class=\"t-entry-visual-overlay\" style=\"mix-blend-mode: darken;\"><div class=\"t-entry-visual-overlay-in style-color-vyce-bg\"><\/div><\/div><div class=\"t-overlay-wrap\"><div class=\"t-overlay-inner\">\n\t\t\t\t\t\t\t\t\t\t\t\t\t\t<div class=\"t-overlay-content\">\n\t\t\t\t\t\t\t\t\t\t\t\t\t\t\t<div class=\"t-overlay-text half-block-padding\"><div class=\"t-entry\"><h3 class=\"t-entry-title h4 title-scale\">Georges SIA<\/h3><p class=\"t-entry-meta\"><span>Directeur Technique | Technical director<\/span><\/p><\/div><\/div><\/div><\/div><\/div><div class=\"t-background-cover\" style=\"background-image:url('https:\/\/fifp.fr\/wp-content\/uploads\/2019\/06\/Georges-sia-uai-652x869.png')\"><\/div><\/a><\/div>\n\t\t\t\t\t<\/div>\n\t\t\t\t<\/div><\/div><\/div><div class=\"tmb tmb-iso-w3 tmb-iso-h4 tmb-light tmb-overlay-gradient-bottom tmb-text-showed tmb-overlay-showed tmb-overlay-anim tmb-overlay-bottom tmb-overlay-text-center tmb-image-color-anim tmb-image-anim tmb-bordered tmb-id-79413  tmb-media-first tmb-media-last tmb-content-overlay tmb-no-bg\" ><div class=\"t-inside no-anim\" ><div class=\"t-entry-visual\"><div class=\"t-entry-visual-tc\"><div class=\"t-entry-visual-cont\"><a  class=\"inactive-link\" data-lb-index=\"3\"><div class=\"t-entry-visual-overlay\" style=\"mix-blend-mode: darken;\"><div class=\"t-entry-visual-overlay-in style-color-vyce-bg\"><\/div><\/div><div class=\"t-overlay-wrap\"><div class=\"t-overlay-inner\">\n\t\t\t\t\t\t\t\t\t\t\t\t\t\t<div class=\"t-overlay-content\">\n\t\t\t\t\t\t\t\t\t\t\t\t\t\t\t<div class=\"t-overlay-text half-block-padding\"><div class=\"t-entry\"><h3 class=\"t-entry-title h4 title-scale\">Houria KARI<\/h3><p class=\"t-entry-meta\"><span>Responsable Ressources Humaines & H\u00e9bergement | HR Manager & Accommodation<\/span><\/p><\/div><\/div><\/div><\/div><\/div><div class=\"t-background-cover\" style=\"background-image:url('https:\/\/fifp.fr\/wp-content\/uploads\/2019\/06\/Houria-uai-368x490.png')\"><\/div><\/a><\/div>\n\t\t\t\t\t<\/div>\n\t\t\t\t<\/div><\/div><\/div><div class=\"tmb tmb-iso-w3 tmb-iso-h4 tmb-light tmb-overlay-gradient-bottom tmb-text-showed tmb-overlay-showed tmb-overlay-anim tmb-overlay-bottom tmb-overlay-text-center tmb-image-color-anim tmb-image-anim tmb-bordered tmb-id-79418  tmb-media-first tmb-media-last tmb-content-overlay tmb-no-bg\" ><div class=\"t-inside no-anim\" ><div class=\"t-entry-visual\"><div class=\"t-entry-visual-tc\"><div class=\"t-entry-visual-cont\"><a  class=\"inactive-link\" data-lb-index=\"4\"><div class=\"t-entry-visual-overlay\" style=\"mix-blend-mode: darken;\"><div class=\"t-entry-visual-overlay-in style-color-vyce-bg\"><\/div><\/div><div class=\"t-overlay-wrap\"><div class=\"t-overlay-inner\">\n\t\t\t\t\t\t\t\t\t\t\t\t\t\t<div class=\"t-overlay-content\">\n\t\t\t\t\t\t\t\t\t\t\t\t\t\t\t<div class=\"t-overlay-text half-block-padding\"><div class=\"t-entry\"><h3 class=\"t-entry-title h4 title-scale\">Annick MERCIER<\/h3><p class=\"t-entry-meta\"><span>Directrice tr\u00e9sorerie | Treasury Director<\/span><\/p><\/div><\/div><\/div><\/div><\/div><div class=\"t-background-cover\" style=\"background-image:url('https:\/\/fifp.fr\/wp-content\/uploads\/2019\/06\/Annick.jpg')\"><\/div><\/a><\/div>\n\t\t\t\t\t<\/div>\n\t\t\t\t<\/div><\/div><\/div>\t\t\t<\/div>\n\t\t\t\t\t<\/div>\n\n\t\n\t\n\t\n<\/div>\n\n<\/div><\/div><\/div><\/div><\/div><script id=\"script-row-unique-0\" data-row=\"script-row-unique-0\" type=\"text\/javascript\" class=\"vc_controls\">UNCODE.initRow(document.getElementById(\"row-unique-0\"));<\/script><\/div><\/div><\/div><div data-parent=\"true\" class=\"vc_row row-next-to-blend row-container boomapps_vcrow\" id=\"row-unique-1\"><div class=\"row limit-width row-parent\"><div class=\"wpb_row row-inner\"><div class=\"wpb_column pos-top pos-center align_left column_parent col-lg-12 boomapps_vccolumn single-internal-gutter\"><div class=\"uncol style-light\"  ><div class=\"uncoltable\"><div class=\"uncell  boomapps_vccolumn no-block-padding\" ><div class=\"uncont\" ><div class=\"uncode_text_column\" ><\/p>\n<ul>\n<li>Coordinatrice &gt;\u00a0<strong>TOMEDI Prisca<\/strong><\/li>\n<li>Assistante Logistique &gt; <strong>BENICHOU<\/strong>\u00a0<strong>Emmanuel<\/strong><\/li>\n<li>Assistante Logistique &gt; <strong>RAZAFINDRAMARINDRAZANA Perette<\/strong><\/li>\n<li>Assistante Logistique &gt; <strong>FLEURY Katherine<\/strong><\/li>\n<li>Assistante Logistique &gt;\u00a0 <strong>MIGLIORE <\/strong><strong>Corinne<\/strong><\/li>\n<li>Charg\u00e9e de relations de proximit\u00e9 &gt; <strong>Roselyne VERMEULEN<\/strong><\/li>\n<li>Communication &gt; <strong>NSD Communication<\/strong><\/li>\n<li>Marketing &gt;<strong> 2NG Consulting<\/strong><\/li>\n<li>Logistique &gt; <strong>NSD Logistique<\/strong><\/li>\n<\/ul>\n<p>\n<\/div><\/div><\/div><\/div><\/div><\/div><script id=\"script-row-unique-1\" data-row=\"script-row-unique-1\" type=\"text\/javascript\" class=\"vc_controls\">UNCODE.initRow(document.getElementById(\"row-unique-1\"));<\/script><\/div><\/div><\/div><div data-parent=\"true\" class=\"vc_row vc_custom_1473366137907 row-container boomapps_vcrow\" style=\"background-color: #bcbcbc ;\" id=\"row-unique-2\"><div class=\"row limit-width row-parent\"><div class=\"wpb_row row-inner\"><div class=\"wpb_column pos-top pos-center align_left column_parent col-lg-12 boomapps_vccolumn single-internal-gutter\"><div class=\"uncol style-light\"  ><div class=\"uncoltable\"><div class=\"uncell  boomapps_vccolumn no-block-padding\" ><div class=\"uncont\" ><div class=\"uncode_text_column\" ><\/p>\n<h3 style=\"text-align: center;\"><strong>Ambassadrices<\/strong><\/h3>\n<p style=\"text-align: center;\"><strong>Mesdames :<\/strong><\/p>\n<p style=\"text-align: center;\">Nolda DI MASSAMBA<\/p>\n<p style=\"text-align: center;\">H\u00e9l\u00e8ne LABOUREL<\/p>\n<p style=\"text-align: center;\">F\u00e9licit\u00e9 NDEMA MOUSSA<\/p>\n<h3 style=\"text-align: center;\"><strong>Membres d&rsquo;Honneurs<\/strong><\/h3>\n<p style=\"text-align: center;\"><strong>Mesdames &amp; Messieurs :<\/strong><\/p>\n<p style=\"text-align: center;\">Marguerite ENDALLE EYONDI &#8211; Prisca TOMEDI DJOUGOUANE &#8211; Romie Fran\u00e7oise EKWALLA &#8211; Diva PAVESI &#8211; Djessy EBOUMBOU EKWA &#8211; Virginie PRUNIER\u00a0 &#8211; Mich\u00e8le V. CHATELLIER &#8211; Djazira GAHROUT &#8211; Bernadette JOLAIN- CARA &#8211; Debbie WEISS (Boston \u2013 U.S.A) &#8211; D\u00e9borah BELLEVY &#8211; Claudia FISHER &#8211; Mariama SYLLA &#8211;\u00a0Florence ELOMO AKOA\u00a0 &#8211; William Franck NEN MBAPPE -Yohan NGANGUE EBELLE &#8211; S\u00e9v\u00e9rin Jr NDEMA MOUSSA (Ottawa &#8211; Canada) &#8211; St\u00e9phane PINEAU &#8211; Dominique JOHNSON &#8211; Cyrille BIANCHERI &#8211; Fran\u00e7ois MAUREL &#8211; Daniel AMBROGI &#8211; Nicolas BWANGA EKWALLA<\/p>\n<p>\n<\/div><\/div><\/div><\/div><\/div><\/div><script id=\"script-row-unique-2\" data-row=\"script-row-unique-2\" type=\"text\/javascript\" class=\"vc_controls\">UNCODE.initRow(document.getElementById(\"row-unique-2\"));<\/script><\/div><\/div><\/div><div data-parent=\"true\" class=\"vc_row row-container boomapps_vcrow\" id=\"row-unique-3\"><div class=\"row limit-width row-parent\"><div class=\"wpb_row row-inner\"><div class=\"wpb_column pos-top pos-center align_left column_parent col-lg-12 boomapps_vccolumn single-internal-gutter\"><div class=\"uncol style-light\"  ><div class=\"uncoltable\"><div class=\"uncell  boomapps_vccolumn no-block-padding\" ><div class=\"uncont\" ><div class=\"uncode_text_column\" ><\/p>\n<p style=\"text-align: left;\"><strong><br \/>\nFestival International du Film PanAfricain<br \/>\nNord-Sud D\u00e9veloppement<\/strong><br \/>\nLa Surprise<br \/>\n32, rue Louis P\u00e9rrissol<br \/>\n06400 Cannes<br \/>\nFrance<br \/>\n+33 (0) 610 046 944<\/p>\n<p style=\"text-align: left;\">NORTH AMERICA<br \/>\nBoston &#8211; New York &#8211; Ottawa &#8211; Montr\u00e9al &#8211; Toronto<\/p>\n<p style=\"text-align: left;\">AFRICA<br \/>\nCameroun &#8211; Congo &#8211; Cote d&rsquo;Ivoire &#8211; Burkina Faso &#8211; Mali &#8211; S\u00e9n\u00e9gal<\/p>\n<p style=\"text-align: left;\"><strong>Organisateur \/ Promoter : Nord-Sud D\u00e9veloppement<\/strong><\/p>\n<p style=\"text-align: left;\">Nord-Sud D\u00e9veloppement est une entreprise solidaire (Loi 1901) n\u00e9e en 1997. La Culture est pour nous un moteur de rapprochement des peuples et d&rsquo;\u00e9l\u00e9vation de l&rsquo;\u00catre.<\/p>\n<p style=\"text-align: left;\">Depuis sa cr\u00e9ation, Nord-Sud D\u00e9veloppement a \u00e9t\u00e9 \u00e0 l&rsquo;origine de diff\u00e9rents projets culturels et durables parmi lesquels \u00ab\u00a0Le Festival International du Film PanAfricain de Cannes\u00a0\u00bb. Notre objectif : \u00catre au Coeur d&rsquo;un d\u00e9veloppement juste et \u00e9quitable.<\/p>\n<p style=\"text-align: left;\"><em><span id=\"result_box\" lang=\"en\">North-South Development is a non-profit organization founded in 1997. Culture is our soul and allows the reconciliation of people and the of elevation of being.<br \/>\nSince its creation, the North-South Development was originally formed from different cultural and sustainable projects, including \u00ab\u00a0The International Pan African Film Festival of Cannes.\u00a0\u00bb Our goal: to be at the heart of a just and fair development.<\/span><\/em><\/p>\n<\/div><\/div><\/div><\/div><\/div><\/div><script id=\"script-row-unique-3\" data-row=\"script-row-unique-3\" type=\"text\/javascript\" class=\"vc_controls\">UNCODE.initRow(document.getElementById(\"row-unique-3\"));<\/script><\/div><\/div><\/div>\n<\/div>","protected":false},"excerpt":{"rendered":"Basile Eitel NGANGUE EBELLEPr\u00e9sident\/Fondateur | Founding President Yohan NGANGUE EBELLEDirecteur | CEO Georges SIADirecteur Technique | Technical director Houria KARIResponsable [...]","protected":false},"author":2,"featured_media":79162,"parent":0,"menu_order":7,"comment_status":"closed","ping_status":"closed","template":"","meta":{"footnotes":""},"class_list":["post-47","page","type-page","status-publish","has-post-thumbnail","hentry"],"yoast_head":"<!-- This site is optimized with the Yoast SEO plugin v27.3 - https:\/\/yoast.com\/product\/yoast-seo-wordpress\/ -->\n<title>L&#039;\u00c9QUIPE | TEAM - Festival International Du Film Pan Africain | Cannes<\/title>\n<meta name=\"robots\" content=\"index, follow, max-snippet:-1, max-image-preview:large, max-video-preview:-1\" \/>\n<link rel=\"canonical\" href=\"https:\/\/fifp.fr\/en\/team\/\" \/>\n<meta property=\"og:locale\" content=\"en_US\" \/>\n<meta property=\"og:type\" content=\"article\" \/>\n<meta property=\"og:title\" content=\"L&#039;\u00c9QUIPE | TEAM - Festival International Du Film Pan Africain | Cannes\" \/>\n<meta property=\"og:url\" content=\"https:\/\/fifp.fr\/en\/team\/\" \/>\n<meta property=\"og:site_name\" content=\"Festival International Du Film Pan Africain | Cannes\" \/>\n<meta property=\"article:modified_time\" content=\"2025-12-18T12:55:29+00:00\" \/>\n<meta property=\"og:image\" content=\"https:\/\/fifp.fr\/wp-content\/uploads\/2019\/05\/FIFP2019.jpg\" \/>\n\t<meta property=\"og:image:width\" content=\"2048\" \/>\n\t<meta property=\"og:image:height\" content=\"1536\" \/>\n\t<meta property=\"og:image:type\" content=\"image\/jpeg\" \/>\n<meta name=\"twitter:card\" content=\"summary_large_image\" \/>\n<meta name=\"twitter:label1\" content=\"Est. reading time\" \/>\n\t<meta name=\"twitter:data1\" content=\"2 minutes\" \/>\n<script type=\"application\/ld+json\" class=\"yoast-schema-graph\">{\"@context\":\"https:\\\/\\\/schema.org\",\"@graph\":[{\"@type\":\"WebPage\",\"@id\":\"https:\\\/\\\/fifp.fr\\\/team\\\/\",\"url\":\"https:\\\/\\\/fifp.fr\\\/team\\\/\",\"name\":\"L'\u00c9QUIPE | TEAM - Festival International Du Film Pan Africain | Cannes\",\"isPartOf\":{\"@id\":\"https:\\\/\\\/fifp.fr\\\/#website\"},\"primaryImageOfPage\":{\"@id\":\"https:\\\/\\\/fifp.fr\\\/team\\\/#primaryimage\"},\"image\":{\"@id\":\"https:\\\/\\\/fifp.fr\\\/team\\\/#primaryimage\"},\"thumbnailUrl\":\"https:\\\/\\\/fifp.fr\\\/wp-content\\\/uploads\\\/2019\\\/05\\\/FIFP2019.jpg\",\"datePublished\":\"2013-12-30T08:01:53+00:00\",\"dateModified\":\"2025-12-18T12:55:29+00:00\",\"breadcrumb\":{\"@id\":\"https:\\\/\\\/fifp.fr\\\/team\\\/#breadcrumb\"},\"inLanguage\":\"en-US\",\"potentialAction\":[{\"@type\":\"ReadAction\",\"target\":[\"https:\\\/\\\/fifp.fr\\\/team\\\/\"]}]},{\"@type\":\"ImageObject\",\"inLanguage\":\"en-US\",\"@id\":\"https:\\\/\\\/fifp.fr\\\/team\\\/#primaryimage\",\"url\":\"https:\\\/\\\/fifp.fr\\\/wp-content\\\/uploads\\\/2019\\\/05\\\/FIFP2019.jpg\",\"contentUrl\":\"https:\\\/\\\/fifp.fr\\\/wp-content\\\/uploads\\\/2019\\\/05\\\/FIFP2019.jpg\",\"width\":2048,\"height\":1536},{\"@type\":\"BreadcrumbList\",\"@id\":\"https:\\\/\\\/fifp.fr\\\/team\\\/#breadcrumb\",\"itemListElement\":[{\"@type\":\"ListItem\",\"position\":1,\"name\":\"Festival Film Pan Africain De Cannes\",\"item\":\"https:\\\/\\\/fifp.fr\\\/\"},{\"@type\":\"ListItem\",\"position\":2,\"name\":\"L&rsquo;\u00c9QUIPE | TEAM\"}]},{\"@type\":\"WebSite\",\"@id\":\"https:\\\/\\\/fifp.fr\\\/#website\",\"url\":\"https:\\\/\\\/fifp.fr\\\/\",\"name\":\"Festival International Du Film Pan Africain | Cannes\",\"description\":\"Au Coeur Du CInema &amp; Des Arts Pan Africain\",\"potentialAction\":[{\"@type\":\"SearchAction\",\"target\":{\"@type\":\"EntryPoint\",\"urlTemplate\":\"https:\\\/\\\/fifp.fr\\\/?s={search_term_string}\"},\"query-input\":{\"@type\":\"PropertyValueSpecification\",\"valueRequired\":true,\"valueName\":\"search_term_string\"}}],\"inLanguage\":\"en-US\"}]}<\/script>\n<!-- \/ Yoast SEO plugin. -->","yoast_head_json":{"title":"L'\u00c9QUIPE | TEAM - Festival International Du Film Pan Africain | Cannes","robots":{"index":"index","follow":"follow","max-snippet":"max-snippet:-1","max-image-preview":"max-image-preview:large","max-video-preview":"max-video-preview:-1"},"canonical":"https:\/\/fifp.fr\/en\/team\/","og_locale":"en_US","og_type":"article","og_title":"L'\u00c9QUIPE | TEAM - Festival International Du Film Pan Africain | Cannes","og_url":"https:\/\/fifp.fr\/en\/team\/","og_site_name":"Festival International Du Film Pan Africain | Cannes","article_modified_time":"2025-12-18T12:55:29+00:00","og_image":[{"width":2048,"height":1536,"url":"https:\/\/fifp.fr\/wp-content\/uploads\/2019\/05\/FIFP2019.jpg","type":"image\/jpeg"}],"twitter_card":"summary_large_image","twitter_misc":{"Est. reading time":"2 minutes"},"schema":{"@context":"https:\/\/schema.org","@graph":[{"@type":"WebPage","@id":"https:\/\/fifp.fr\/team\/","url":"https:\/\/fifp.fr\/team\/","name":"L'\u00c9QUIPE | TEAM - Festival International Du Film Pan Africain | Cannes","isPartOf":{"@id":"https:\/\/fifp.fr\/#website"},"primaryImageOfPage":{"@id":"https:\/\/fifp.fr\/team\/#primaryimage"},"image":{"@id":"https:\/\/fifp.fr\/team\/#primaryimage"},"thumbnailUrl":"https:\/\/fifp.fr\/wp-content\/uploads\/2019\/05\/FIFP2019.jpg","datePublished":"2013-12-30T08:01:53+00:00","dateModified":"2025-12-18T12:55:29+00:00","breadcrumb":{"@id":"https:\/\/fifp.fr\/team\/#breadcrumb"},"inLanguage":"en-US","potentialAction":[{"@type":"ReadAction","target":["https:\/\/fifp.fr\/team\/"]}]},{"@type":"ImageObject","inLanguage":"en-US","@id":"https:\/\/fifp.fr\/team\/#primaryimage","url":"https:\/\/fifp.fr\/wp-content\/uploads\/2019\/05\/FIFP2019.jpg","contentUrl":"https:\/\/fifp.fr\/wp-content\/uploads\/2019\/05\/FIFP2019.jpg","width":2048,"height":1536},{"@type":"BreadcrumbList","@id":"https:\/\/fifp.fr\/team\/#breadcrumb","itemListElement":[{"@type":"ListItem","position":1,"name":"Festival Film Pan Africain De Cannes","item":"https:\/\/fifp.fr\/"},{"@type":"ListItem","position":2,"name":"L&rsquo;\u00c9QUIPE | TEAM"}]},{"@type":"WebSite","@id":"https:\/\/fifp.fr\/#website","url":"https:\/\/fifp.fr\/","name":"Festival International Du Film Pan Africain | Cannes","description":"Au Coeur Du CInema &amp; Des Arts Pan Africain","potentialAction":[{"@type":"SearchAction","target":{"@type":"EntryPoint","urlTemplate":"https:\/\/fifp.fr\/?s={search_term_string}"},"query-input":{"@type":"PropertyValueSpecification","valueRequired":true,"valueName":"search_term_string"}}],"inLanguage":"en-US"}]}},"_links":{"self":[{"href":"https:\/\/fifp.fr\/en\/wp-json\/wp\/v2\/pages\/47","targetHints":{"allow":["GET"]}}],"collection":[{"href":"https:\/\/fifp.fr\/en\/wp-json\/wp\/v2\/pages"}],"about":[{"href":"https:\/\/fifp.fr\/en\/wp-json\/wp\/v2\/types\/page"}],"author":[{"embeddable":true,"href":"https:\/\/fifp.fr\/en\/wp-json\/wp\/v2\/users\/2"}],"replies":[{"embeddable":true,"href":"https:\/\/fifp.fr\/en\/wp-json\/wp\/v2\/comments?post=47"}],"version-history":[{"count":35,"href":"https:\/\/fifp.fr\/en\/wp-json\/wp\/v2\/pages\/47\/revisions"}],"predecessor-version":[{"id":113485,"href":"https:\/\/fifp.fr\/en\/wp-json\/wp\/v2\/pages\/47\/revisions\/113485"}],"wp:featuredmedia":[{"embeddable":true,"href":"https:\/\/fifp.fr\/en\/wp-json\/wp\/v2\/media\/79162"}],"wp:attachment":[{"href":"https:\/\/fifp.fr\/en\/wp-json\/wp\/v2\/media?parent=47"}],"curies":[{"name":"wp","href":"https:\/\/api.w.org\/{rel}","templated":true}]}}