{"id":48803,"date":"2016-09-21T02:14:01","date_gmt":"2016-09-21T01:14:01","guid":{"rendered":"http:\/\/fifp.fr\/?page_id=48803"},"modified":"2025-07-24T16:41:42","modified_gmt":"2025-07-24T14:41:42","slug":"billetterie-tickets","status":"publish","type":"page","link":"https:\/\/fifp.fr\/en\/billetterie-tickets\/","title":{"rendered":"INFO + TICKETS"},"content":{"rendered":"<div class=\"wpb-content-wrapper\"><div data-parent=\"true\" class=\"vc_row row-container boomapps_vcrow\" id=\"row-unique-0\"><div class=\"row limit-width row-parent\"><div class=\"wpb_row row-inner\"><div class=\"wpb_column pos-top pos-center align_left column_parent col-lg-12 boomapps_vccolumn single-internal-gutter\"><div class=\"uncol style-light\"  ><div class=\"uncoltable\"><div class=\"uncell  boomapps_vccolumn no-block-padding\" ><div class=\"uncont\" ><div class=\"uncode-tabs wpb_content_element\" data-interval=\"\"  data-target=\"\"><div class=\"uncode-wrapper tab-container\"><div class=\"vc_tta-tabs-container\"><ul class=\"nav nav-tabs wpb_tabs_nav ui-tabs-nav vc_tta-tabs-list text-center\"><li data-tab-id=\"tab-1477751079-1-41\" data-tab-o-id=\"1477751079-1-41\" class=\"vc_tta-tab active\"><a href=\"#tab-1477751079-1-41\" data-toggle=\"tab\"><span><span><span class=\"\">BUY YOUR TICKETS TODAY<\/span><\/span><\/span><\/a><\/li><\/ul><\/div><div class=\"tab-content wpb_wrapper\"><div id=\"tab-1477751079-1-41\" class=\"tab-pane in active fade half-internal-gutter single-block-padding\"><div>\n\t\t\t\t<div class=\"uncode_text_column\" ><\/p>\n<p style=\"text-align: center;\"><strong>Welcoming Festival<\/strong><br \/>\nL&rsquo;acc\u00e8s aux projections et aux conf\u00e9rences de l&rsquo;Espace Miramar est possible gr\u00e2ce \u00e0 l\u2019achat d\u2019un ticket s\u00e9ance (e-ticket) ou du Pass. (Acc\u00e8s gratuit aux s\u00e9ances pour les Cannois &#8211; un justificatif vous sera demand\u00e9)<br \/>\nLe Pass vous permet d&rsquo;acc\u00e9der aux films et conf\u00e9rences en illimit\u00e9 durant tout le Festival.<\/p>\n<p style=\"text-align: center;\">L&rsquo;acc\u00e8s au Salon Panafricain de Cannes est libre et gratuit !<\/p>\n<p style=\"text-align: center;\">D\u00e9couvrez notre billetterie en ligne ci-dessous!<\/p>\n<p>\n<\/div><\/div><\/div><\/div><\/div><\/div><\/div><\/div><\/div><\/div><\/div><script id=\"script-row-unique-0\" data-row=\"script-row-unique-0\" type=\"text\/javascript\" class=\"vc_controls\">UNCODE.initRow(document.getElementById(\"row-unique-0\"));<\/script><\/div><\/div><\/div><div data-parent=\"true\" class=\"vc_row row-container boomapps_vcrow\" id=\"row-unique-1\"><div class=\"row limit-width row-parent\"><div class=\"wpb_row row-inner\"><div class=\"wpb_column pos-top pos-center align_left column_parent col-lg-12 boomapps_vccolumn single-internal-gutter\"><div class=\"uncol style-light\"  ><div class=\"uncoltable\"><div class=\"uncell  boomapps_vccolumn no-block-padding\" ><div class=\"uncont\" ><div class=\"uncode_text_column border-color-uydo-color\" ><\/p>\n<h2 style=\"text-align: center;\"><span class=\"font-850707\" style=\"color: #000000;\">22\u00c8ME \u00c9DITION | 22 &gt; 26 OCT. 2025<\/span><\/h2>\n<p>\n<\/div><div class=\"uncode_text_column\" ><p><a class=\"weezevent-widget-integration\" title=\"Logiciel billetterie en ligne\" href=\"https:\/\/weezevent.com\/?c=sys_widget\" target=\"_blank\" rel=\"noopener\" data-src=\"https:\/\/widget.weezevent.com\/ticket\/E1368558\/?code=38230&amp;locale=fr-FR&amp;width_auto=1&amp;color_primary=00AEEF\" data-width=\"650\" data-height=\"600\" data-id=\"1368558\" data-resize=\"1\" data-width_auto=\"1\" data-noscroll=\"0\" data-use-container=\"yes\" data-type=\"neo\">Billetterie Weezevent<\/a><br \/>\n<script type=\"text\/javascript\" src=\"https:\/\/widget.weezevent.com\/weez.js\"><\/script><\/p>\n<\/div><\/div><\/div><\/div><\/div><\/div><script id=\"script-row-unique-1\" data-row=\"script-row-unique-1\" type=\"text\/javascript\" class=\"vc_controls\">UNCODE.initRow(document.getElementById(\"row-unique-1\"));<\/script><\/div><\/div><\/div><div data-parent=\"true\" class=\"vc_row inverted-device-order vc_custom_1632217081425 border-color-gyho-color row-container boomapps_vcrow\" style=\"border-style: solid;border-top-width: 1px ;\" id=\"row-unique-2\"><div class=\"row unequal col-no-gutter no-top-padding no-bottom-padding no-h-padding full-width row-parent\" data-height-ratio=\"55\"><div class=\"wpb_row row-inner\"><div class=\"wpb_column pos-middle pos-center align_left column_parent col-lg-6 boomapps_vccolumn single-internal-gutter\"><div class=\"uncol style-light\"  ><div class=\"uncoltable\"><div class=\"uncell  boomapps_vccolumn quad-block-padding\" ><div class=\"uncont\" style=\" max-width:600px;\" ><div class=\"vc_row row-internal row-container boomapps_vcrow\"><div class=\"row row-child\"><div class=\"wpb_row row-inner\"><div class=\"wpb_column pos-top pos-center align_left column_child col-lg-12 boomapps_vccolumn half-internal-gutter\"><div class=\"uncol style-light\" ><div class=\"uncoltable\"><div class=\"uncell  boomapps_vccolumn no-block-padding\" ><div class=\"uncont\" ><div class=\"vc_custom_heading_wrap\"><div class=\"heading-text el-text\" ><\/p>\n<h1>VENUE<\/h1>\n<p>\n<\/div><div class=\"clear\"><\/div><\/div><div class=\"empty-space empty-half\" ><span class=\"empty-space-inner\"><\/span><\/div>\n<div class=\"uncode_text_column\" ><\/p>\n<h1><strong>CANNES<\/strong><\/h1>\n<p>&nbsp;<\/p>\n<h2><span style=\"color: #000000;\"><strong>ESPACE MIRAMAR <\/strong><\/span><\/h2>\n<ul>\n<li>65 Boulevard de la Croisette<\/li>\n<\/ul>\n<h2><span style=\"color: #000000;\"><strong>H\u00d4TEL MARTINEZ<\/strong><\/span><\/h2>\n<ul>\n<li>73 Boulevard de la Croisette<\/li>\n<\/ul>\n<p>\n<\/div><\/div><\/div><\/div><\/div><\/div><\/div><\/div><\/div><div class=\"empty-space empty-double\" ><span class=\"empty-space-inner\"><\/span><\/div>\n<div class=\"vc_row row-internal row-container boomapps_vcrow\"><div class=\"row row-child\"><div class=\"wpb_row row-inner\"><div class=\"wpb_column pos-top pos-center align_left column_child col-lg-12 boomapps_vccolumn half-internal-gutter\"><div class=\"uncol style-light\" ><div class=\"uncoltable\"><div class=\"uncell  boomapps_vccolumn no-block-padding\" ><div class=\"uncont\" ><div class=\"divider-wrapper\"  >\n    <hr class=\"unseparator border-,Default-color separator-no-padding\"  \/>\n<\/div>\n<div class=\"vc_custom_heading_wrap\"><div class=\"heading-text el-text\" ><\/p>\n<h1>ACCREDITATION DEPARTMENT<\/h1>\n<p>\n<\/div><div class=\"clear\"><\/div><\/div><\/div><\/div><\/div><\/div><\/div><\/div><\/div><\/div><div class=\"vc_row row-internal row-container boomapps_vcrow\"><div class=\"row row-child\"><div class=\"wpb_row row-inner\"><div class=\"wpb_column pos-top pos-center align_left column_child col-lg-12 boomapps_vccolumn half-internal-gutter\"><div class=\"uncol style-light\" ><div class=\"uncoltable\"><div class=\"uncell  boomapps_vccolumn no-block-padding\" ><div class=\"uncont\" ><div class=\"icon-box icon-box-left\" ><div class=\"icon-box-icon fa-container\" ><span class=\"text-default-color btn-disable-hover\"><i class=\"fa fa-envelope2 fa-2x fa-fw\"><\/i><\/span><\/div><div class=\"icon-box-content\"><div class=\"icon-box-heading icon-box-fa-2x\"><h3 class=\"h6\">accreditation@fifp.fr<\/h3><\/div><\/div><\/div><div class=\"icon-box icon-box-left\" ><div class=\"icon-box-icon fa-container\" ><span class=\"text-default-color btn-disable-hover\"><i class=\"fa fa-mobile2 fa-2x fa-fw\"><\/i><\/span><\/div><div class=\"icon-box-content\"><div class=\"icon-box-heading icon-box-fa-2x\"><h3 class=\"h6\">Tel: +33 (0)6 1004 6944<\/h3><\/div><\/div><\/div><\/div><\/div><\/div><\/div><\/div><\/div><\/div><\/div><div class=\"vc_row row-internal row-container boomapps_vcrow\"><div class=\"row row-child\"><div class=\"wpb_row row-inner\"><div class=\"wpb_column pos-top pos-center align_left column_child col-lg-12 boomapps_vccolumn half-internal-gutter\"><div class=\"uncol style-light\" ><div class=\"uncoltable\"><div class=\"uncell  boomapps_vccolumn no-block-padding\" ><div class=\"uncont\" ><div class=\"divider-wrapper\"  >\n    <hr class=\"unseparator border-,Default-color separator-no-padding\"  \/>\n<\/div>\n<div class=\"uncode-vc-social  icons-lead\"><div class=\"social-icon icon-box icon-box-top icon-inline\" ><a href=\"https:\/\/www.instagram.com\/fifpanafricain\/\" role=\"button\" target=\"_blank\"><i class=\"fa fa-instagram\"><\/i><\/a><\/div><div class=\"social-icon icon-box icon-box-top icon-inline\" ><a href=\"https:\/\/linkedin.com\/company\/festival-international-du-film-panafricain\" role=\"button\" target=\"_blank\"><i class=\"fa fa-linkedin-square\"><\/i><\/a><\/div><div class=\"social-icon icon-box icon-box-top icon-inline\" ><a href=\"https:\/\/www.facebook.com\/fifpanafricain\" role=\"button\" target=\"_blank\"><i class=\"fa fa-social-facebook\"><\/i><\/a><\/div><div class=\"social-icon icon-box icon-box-top icon-inline\" ><a href=\"https:\/\/www.youtube.com\/channel\/UCgwQgAbWV31Wm8JD64hgb3w\" role=\"button\" target=\"_blank\"><i class=\"fa fa-youtube-play\"><\/i><\/a><\/div><div class=\"social-icon icon-box icon-box-top icon-inline\" ><a href=\"https:\/\/twitter.com\/fifpanafricain\" role=\"button\" target=\"_blank\"><i class=\"fa fa-social-twitter\"><\/i><\/a><\/div><div class=\"social-icon icon-box icon-box-top icon-inline\" ><a href=\"http:\/\/fifp.fr\/en\/feed\/\" role=\"button\" target=\"_blank\"><i class=\"fa fa-rss-square\"><\/i><\/a><\/div><\/div><\/div><\/div><\/div><\/div><\/div><\/div><\/div><\/div><div class=\"divider-wrapper\"  >\n    <hr class=\"unseparator border-,Default-color separator-no-padding\"  \/>\n<\/div>\n<\/div><\/div><\/div><\/div><\/div><div class=\"wpb_column pos-top pos-center align_left column_parent col-lg-6 boomapps_vccolumn single-internal-gutter\"><div class=\"uncol style-spec style-dark\"  ><div class=\"uncoltable\" style=\"min-height: 360px;\"><div class=\"uncell  boomapps_vccolumn triple-block-padding style-accent-bg has-bg\" ><div class=\"uncont\" ><div class=\"uncode-gmaps-widget\" >\n\t\t<div class=\"uncode-wrapper\">\n\t\t<div id=\"gmapWNLXHy\" class=\"uncode-map-wrapper\" data-draggable=\"true\" data-zoom=\"16\" data-color=\"accent\" data-lat=\"43.548989\" data-lon=\"7.029014\" data-saturation=\"-100\" data-brightness=\"0\" style=\"height: 400px\">\n\t\t<\/div>\n\t\t\t\t<div id=\"gmapWNLXHy-zoom-in\" class=\"gmap-buttons gmap-zoom-min btn style-accent-bg\"><\/div>\n\t\t<div id=\"gmapWNLXHy-zoom-out\" class=\"gmap-buttons gmap-zoom-out btn style-accent-bg\"><\/div>\n\t\t\t\t\t<\/div>\n\t<\/div>\n<\/div><\/div><\/div><\/div><\/div><script id=\"script-row-unique-2\" data-row=\"script-row-unique-2\" type=\"text\/javascript\" class=\"vc_controls\">UNCODE.initRow(document.getElementById(\"row-unique-2\"));<\/script><\/div><\/div><\/div><div data-parent=\"true\" class=\"vc_row row-container boomapps_vcrow\" id=\"row-unique-3\"><div class=\"row no-top-padding no-bottom-padding no-h-padding full-width row-parent\"><div class=\"wpb_row row-inner\"><div class=\"wpb_column pos-top pos-center align_left column_parent col-lg-12 boomapps_vccolumn single-internal-gutter\"><div class=\"uncol style-light\"  ><div class=\"uncoltable\"><div class=\"uncell  boomapps_vccolumn single-block-padding style-color-gyho-bg has-bg\" ><div class=\"uncont\" ><div class=\"uncode-accordion wpb_accordion wpb_content_element  sign-size-rg w-border\" data-collapsible=\"no\" data-target=\"\" data-active-tab=\"1\" >\n\t\t<div class=\"panel-group wpb_wrapper wpb_accordion_wrapper\" id=\"accordion_780132846\" data-no-toggle=\"\">\n\n<div class=\"panel panel-default wpb_accordion_section group  no-block-padding active-group\"><div class=\"panel-heading wpb_accordion_header ui-accordion-header\"><p class=\"panel-title active font-weight- text-   icon-size-rg\"><a data-toggle=\"collapse\" data-parent=\"#accordion_780132846\" href=\"#1622821805-1-65\"><span>Sanitary measures<\/span><\/a><\/p><\/div><div id=\"1622821805-1-65\" class=\"panel-collapse collapse in\"><div class=\"panel-body wpb_accordion_content ui-accordion-content half-internal-gutter single-block-padding\">\n\t\t\t\t\t\t<div class=\"uncode_text_column\" ><p>We are very happy to welcome you safely and invite you to discover the new health measures put in place:<br \/>\n\u2013 The reception areas are cleaned and disinfected regularly.<\/p>\n<p>Please<br \/>\n\u2013 In case of symptoms suggestive of coronavirus (cough, fever, \u2026) please do not come to the festival.<br \/>\n\u2013 Choose to buy tickets on our website<br \/>\n\u2013 Respect the schedule of your session<br \/>\n\u2013 Disinfect your hands at the entrance to the room<br \/>\n\u2013 Hydro-alcoholic gel at your disposal<br \/>\n\u2013 Throw your waste in the appropriate containers when leaving the room.<\/p>\n<\/div><\/div><\/div><\/div>\n\t\t<\/div><\/div><\/div><\/div><\/div><\/div><\/div><script id=\"script-row-unique-3\" data-row=\"script-row-unique-3\" type=\"text\/javascript\" class=\"vc_controls\">UNCODE.initRow(document.getElementById(\"row-unique-3\"));<\/script><\/div><\/div><\/div>\n<\/div>","protected":false},"excerpt":{"rendered":"R\u00e9servez vos places Festival ouvert \u00e0 tous ! L&rsquo;acc\u00e8s aux projections et aux conf\u00e9rences de l&rsquo;Espace Miramar est possible gr\u00e2ce [...]","protected":false},"author":2,"featured_media":80029,"parent":0,"menu_order":0,"comment_status":"closed","ping_status":"closed","template":"","meta":{"footnotes":""},"class_list":["post-48803","page","type-page","status-publish","has-post-thumbnail","hentry"],"yoast_head":"<!-- This site is optimized with the Yoast SEO plugin v27.3 - https:\/\/yoast.com\/product\/yoast-seo-wordpress\/ -->\n<title>INFO + TICKETS - Festival International Du Film Pan Africain | Cannes<\/title>\n<meta name=\"robots\" content=\"index, follow, max-snippet:-1, max-image-preview:large, max-video-preview:-1\" \/>\n<link rel=\"canonical\" href=\"https:\/\/fifp.fr\/en\/billetterie-tickets\/\" \/>\n<meta property=\"og:locale\" content=\"en_US\" \/>\n<meta property=\"og:type\" content=\"article\" \/>\n<meta property=\"og:title\" content=\"INFO + TICKETS - Festival International Du Film Pan Africain | Cannes\" \/>\n<meta property=\"og:url\" content=\"https:\/\/fifp.fr\/en\/billetterie-tickets\/\" \/>\n<meta property=\"og:site_name\" content=\"Festival International Du Film Pan Africain | Cannes\" \/>\n<meta property=\"article:modified_time\" content=\"2025-07-24T14:41:42+00:00\" \/>\n<meta property=\"og:image\" content=\"https:\/\/fifp.fr\/wp-content\/uploads\/2020\/01\/conferences-fifp-x-nsd-institute.png\" \/>\n\t<meta property=\"og:image:width\" content=\"648\" \/>\n\t<meta property=\"og:image:height\" content=\"1773\" \/>\n\t<meta property=\"og:image:type\" content=\"image\/png\" \/>\n<meta name=\"twitter:card\" content=\"summary_large_image\" \/>\n<meta name=\"twitter:label1\" content=\"Est. reading time\" \/>\n\t<meta name=\"twitter:data1\" content=\"3 minutes\" \/>\n<script type=\"application\/ld+json\" class=\"yoast-schema-graph\">{\"@context\":\"https:\\\/\\\/schema.org\",\"@graph\":[{\"@type\":\"WebPage\",\"@id\":\"https:\\\/\\\/fifp.fr\\\/billetterie-tickets\\\/\",\"url\":\"https:\\\/\\\/fifp.fr\\\/billetterie-tickets\\\/\",\"name\":\"INFO + TICKETS - Festival International Du Film Pan Africain | Cannes\",\"isPartOf\":{\"@id\":\"https:\\\/\\\/fifp.fr\\\/#website\"},\"primaryImageOfPage\":{\"@id\":\"https:\\\/\\\/fifp.fr\\\/billetterie-tickets\\\/#primaryimage\"},\"image\":{\"@id\":\"https:\\\/\\\/fifp.fr\\\/billetterie-tickets\\\/#primaryimage\"},\"thumbnailUrl\":\"https:\\\/\\\/fifp.fr\\\/wp-content\\\/uploads\\\/2020\\\/01\\\/conferences-fifp-x-nsd-institute.png\",\"datePublished\":\"2016-09-21T01:14:01+00:00\",\"dateModified\":\"2025-07-24T14:41:42+00:00\",\"breadcrumb\":{\"@id\":\"https:\\\/\\\/fifp.fr\\\/billetterie-tickets\\\/#breadcrumb\"},\"inLanguage\":\"en-US\",\"potentialAction\":[{\"@type\":\"ReadAction\",\"target\":[\"https:\\\/\\\/fifp.fr\\\/billetterie-tickets\\\/\"]}]},{\"@type\":\"ImageObject\",\"inLanguage\":\"en-US\",\"@id\":\"https:\\\/\\\/fifp.fr\\\/billetterie-tickets\\\/#primaryimage\",\"url\":\"https:\\\/\\\/fifp.fr\\\/wp-content\\\/uploads\\\/2020\\\/01\\\/conferences-fifp-x-nsd-institute.png\",\"contentUrl\":\"https:\\\/\\\/fifp.fr\\\/wp-content\\\/uploads\\\/2020\\\/01\\\/conferences-fifp-x-nsd-institute.png\",\"width\":648,\"height\":1773},{\"@type\":\"BreadcrumbList\",\"@id\":\"https:\\\/\\\/fifp.fr\\\/billetterie-tickets\\\/#breadcrumb\",\"itemListElement\":[{\"@type\":\"ListItem\",\"position\":1,\"name\":\"Festival Film Pan Africain De Cannes\",\"item\":\"https:\\\/\\\/fifp.fr\\\/\"},{\"@type\":\"ListItem\",\"position\":2,\"name\":\"INFO + TICKETS\"}]},{\"@type\":\"WebSite\",\"@id\":\"https:\\\/\\\/fifp.fr\\\/#website\",\"url\":\"https:\\\/\\\/fifp.fr\\\/\",\"name\":\"Festival International Du Film Pan Africain | Cannes\",\"description\":\"Au Coeur Du CInema &amp; Des Arts Pan Africain\",\"potentialAction\":[{\"@type\":\"SearchAction\",\"target\":{\"@type\":\"EntryPoint\",\"urlTemplate\":\"https:\\\/\\\/fifp.fr\\\/?s={search_term_string}\"},\"query-input\":{\"@type\":\"PropertyValueSpecification\",\"valueRequired\":true,\"valueName\":\"search_term_string\"}}],\"inLanguage\":\"en-US\"}]}<\/script>\n<!-- \/ Yoast SEO plugin. -->","yoast_head_json":{"title":"INFO + TICKETS - Festival International Du Film Pan Africain | Cannes","robots":{"index":"index","follow":"follow","max-snippet":"max-snippet:-1","max-image-preview":"max-image-preview:large","max-video-preview":"max-video-preview:-1"},"canonical":"https:\/\/fifp.fr\/en\/billetterie-tickets\/","og_locale":"en_US","og_type":"article","og_title":"INFO + TICKETS - Festival International Du Film Pan Africain | Cannes","og_url":"https:\/\/fifp.fr\/en\/billetterie-tickets\/","og_site_name":"Festival International Du Film Pan Africain | Cannes","article_modified_time":"2025-07-24T14:41:42+00:00","og_image":[{"width":648,"height":1773,"url":"https:\/\/fifp.fr\/wp-content\/uploads\/2020\/01\/conferences-fifp-x-nsd-institute.png","type":"image\/png"}],"twitter_card":"summary_large_image","twitter_misc":{"Est. reading time":"3 minutes"},"schema":{"@context":"https:\/\/schema.org","@graph":[{"@type":"WebPage","@id":"https:\/\/fifp.fr\/billetterie-tickets\/","url":"https:\/\/fifp.fr\/billetterie-tickets\/","name":"INFO + TICKETS - Festival International Du Film Pan Africain | Cannes","isPartOf":{"@id":"https:\/\/fifp.fr\/#website"},"primaryImageOfPage":{"@id":"https:\/\/fifp.fr\/billetterie-tickets\/#primaryimage"},"image":{"@id":"https:\/\/fifp.fr\/billetterie-tickets\/#primaryimage"},"thumbnailUrl":"https:\/\/fifp.fr\/wp-content\/uploads\/2020\/01\/conferences-fifp-x-nsd-institute.png","datePublished":"2016-09-21T01:14:01+00:00","dateModified":"2025-07-24T14:41:42+00:00","breadcrumb":{"@id":"https:\/\/fifp.fr\/billetterie-tickets\/#breadcrumb"},"inLanguage":"en-US","potentialAction":[{"@type":"ReadAction","target":["https:\/\/fifp.fr\/billetterie-tickets\/"]}]},{"@type":"ImageObject","inLanguage":"en-US","@id":"https:\/\/fifp.fr\/billetterie-tickets\/#primaryimage","url":"https:\/\/fifp.fr\/wp-content\/uploads\/2020\/01\/conferences-fifp-x-nsd-institute.png","contentUrl":"https:\/\/fifp.fr\/wp-content\/uploads\/2020\/01\/conferences-fifp-x-nsd-institute.png","width":648,"height":1773},{"@type":"BreadcrumbList","@id":"https:\/\/fifp.fr\/billetterie-tickets\/#breadcrumb","itemListElement":[{"@type":"ListItem","position":1,"name":"Festival Film Pan Africain De Cannes","item":"https:\/\/fifp.fr\/"},{"@type":"ListItem","position":2,"name":"INFO + TICKETS"}]},{"@type":"WebSite","@id":"https:\/\/fifp.fr\/#website","url":"https:\/\/fifp.fr\/","name":"Festival International Du Film Pan Africain | Cannes","description":"Au Coeur Du CInema &amp; Des Arts Pan Africain","potentialAction":[{"@type":"SearchAction","target":{"@type":"EntryPoint","urlTemplate":"https:\/\/fifp.fr\/?s={search_term_string}"},"query-input":{"@type":"PropertyValueSpecification","valueRequired":true,"valueName":"search_term_string"}}],"inLanguage":"en-US"}]}},"_links":{"self":[{"href":"https:\/\/fifp.fr\/en\/wp-json\/wp\/v2\/pages\/48803","targetHints":{"allow":["GET"]}}],"collection":[{"href":"https:\/\/fifp.fr\/en\/wp-json\/wp\/v2\/pages"}],"about":[{"href":"https:\/\/fifp.fr\/en\/wp-json\/wp\/v2\/types\/page"}],"author":[{"embeddable":true,"href":"https:\/\/fifp.fr\/en\/wp-json\/wp\/v2\/users\/2"}],"replies":[{"embeddable":true,"href":"https:\/\/fifp.fr\/en\/wp-json\/wp\/v2\/comments?post=48803"}],"version-history":[{"count":73,"href":"https:\/\/fifp.fr\/en\/wp-json\/wp\/v2\/pages\/48803\/revisions"}],"predecessor-version":[{"id":112681,"href":"https:\/\/fifp.fr\/en\/wp-json\/wp\/v2\/pages\/48803\/revisions\/112681"}],"wp:featuredmedia":[{"embeddable":true,"href":"https:\/\/fifp.fr\/en\/wp-json\/wp\/v2\/media\/80029"}],"wp:attachment":[{"href":"https:\/\/fifp.fr\/en\/wp-json\/wp\/v2\/media?parent=48803"}],"curies":[{"name":"wp","href":"https:\/\/api.w.org\/{rel}","templated":true}]}}