{"id":49616,"date":"2016-10-21T06:26:51","date_gmt":"2016-10-21T05:26:51","guid":{"rendered":"http:\/\/fifp.fr\/?page_id=49616"},"modified":"2025-10-15T16:39:00","modified_gmt":"2025-10-15T14:39:00","slug":"presse","status":"publish","type":"page","link":"https:\/\/fifp.fr\/en\/presse\/","title":{"rendered":"PRESS"},"content":{"rendered":"<div class=\"wpb-content-wrapper\"><div data-parent=\"true\" class=\"vc_row row-container boomapps_vcrow\" id=\"row-unique-0\"><div class=\"row limit-width row-parent\"><div class=\"wpb_row row-inner\"><div class=\"wpb_column pos-top pos-center align_left column_parent col-lg-12 boomapps_vccolumn single-internal-gutter\"><div class=\"uncol style-light\"  ><div class=\"uncoltable\"><div class=\"uncell  boomapps_vccolumn no-block-padding\" ><div class=\"uncont\" ><\/div><\/div><\/div><\/div><\/div><script id=\"script-row-unique-0\" data-row=\"script-row-unique-0\" type=\"text\/javascript\" class=\"vc_controls\">UNCODE.initRow(document.getElementById(\"row-unique-0\"));<\/script><\/div><\/div><\/div><div data-parent=\"true\" class=\"vc_row row-container boomapps_vcrow\" id=\"row-unique-1\"><div class=\"row exa-top-padding single-bottom-padding single-h-padding full-width row-parent\"><div class=\"wpb_row row-inner\"><div class=\"wpb_column pos-top pos-center align_center align_center_tablet align_center_mobile column_parent col-lg-6 boomapps_vccolumn single-internal-gutter\"><div class=\"uncol style-light\"  ><div class=\"uncoltable\"><div class=\"uncell  boomapps_vccolumn single-block-padding\" ><div class=\"uncont\" ><div class=\"uncode_text_column border-color-uydo-color\" ><\/p>\n<h2 style=\"text-align: center;\"><span style=\"color: #000000;\">Dossier de presse | Press Kit<\/span><\/h2>\n<p style=\"text-align: center;\"><a href=\"https:\/\/fifp.fr\/wp-content\/uploads\/2025\/09\/Affiche-Officielle-FIFP2025.png\"><span style=\"color: #0000ff;\">Affiche Officielle 2025<\/span><\/a><\/p>\n<p style=\"text-align: center;\"><span style=\"color: #0000ff;\"><a style=\"color: #0000ff;\" href=\"https:\/\/fifp.fr\/wp-content\/uploads\/2025\/10\/COMMUNIQUE-DE-PRESSE-FESTIVAL-INT.-DU-FILM-PANAFRICAIN-2025.pdf\">Communiqu\u00e9 de presse 2025<\/a><\/span><\/p>\n<p style=\"text-align: center;\"><span style=\"color: #0000ff;\"><a style=\"color: #0000ff;\" href=\"https:\/\/fifp.fr\/wp-content\/uploads\/2025\/09\/Dossier-de-presse-2025.pdf\">Dossier de presse 2025<\/a><\/span><\/p>\n<p style=\"text-align: center;\">Logos | <a href=\"https:\/\/fifp.fr\/wp-content\/uploads\/2024\/09\/logofifp2024_1.jpeg\"><span style=\"color: #0000ff;\">Version<\/span> 1<\/a> + <a href=\"https:\/\/fifp.fr\/wp-content\/uploads\/2024\/09\/logofifp2024.jpeg\"><span style=\"color: #0000ff;\">Version<\/span> 2<\/a><\/p>\n<p>&nbsp;<\/p>\n<p>&nbsp;<\/p>\n<\/div><div class=\"divider-wrapper\"  >\n    <hr class=\"unseparator dashed border-color-jevc-color separator-no-padding\"  \/>\n<\/div>\n<div class=\"uncode-tabs wpb_content_element\" data-interval=\"\"  data-target=\"\"><div class=\"uncode-wrapper tab-container\"><div class=\"vc_tta-tabs-container\"><ul class=\"nav nav-tabs wpb_tabs_nav ui-tabs-nav vc_tta-tabs-list text-center\"><li data-tab-id=\"tab-1561480672785-0-3\" data-tab-o-id=\"1561480672785-0-3\" class=\"vc_tta-tab active\"><a href=\"#tab-1561480672785-0-3\" data-toggle=\"tab\"><span><span><span class=\"\">Press accreditation<\/span><\/span><\/span><\/a><\/li><\/ul><\/div><div class=\"tab-content wpb_wrapper\"><div id=\"tab-1561480672785-0-3\" class=\"tab-pane in active fade half-internal-gutter single-block-padding\"><div>\n\t\t\t\t<div class=\"uncode_text_column\" ><p><span style=\"color: #333333;\">Send your request to:<\/span><\/p>\n<\/div><div class=\"icon-box icon-box-left\" ><div class=\"icon-box-icon fa-container\" ><a role=\"button\" href=\"mailto:accreditation@fifp.fr\" class=\"text-default-color custom-link\"><i class=\"fa fa-envelope2 fa-2x fa-fw\"><\/i><\/a><\/div><div class=\"icon-box-content\"><div class=\"icon-box-heading icon-box-fa-2x\"><h3 class=\"h6\">accreditation@fifp.fr<\/h3><\/div><\/div><\/div><div class=\"icon-box icon-box-left\" ><div class=\"icon-box-icon fa-container\" ><span class=\"text-default-color btn-disable-hover\"><i class=\"fa fa-mobile2 fa-2x fa-fw\"><\/i><\/span><\/div><div class=\"icon-box-content\"><div class=\"icon-box-heading icon-box-fa-2x\"><h3 class=\"h6\">Tel: +33 (0)6 1004 6944<\/h3><\/div><\/div><\/div><div class=\"uncode_text_column\" ><\/p>\n<hr \/>\n<p style=\"text-align: left;\"><span style=\"color: #333333;\">The FIFP Commition will review your request and provide a response in the shortest possible time after your request.<\/span><\/p>\n<p>\n<\/div><div class=\"empty-space empty-single\" ><span class=\"empty-space-inner\"><\/span><\/div>\n<\/div><\/div><\/div><\/div><\/div><div class=\"empty-space empty-single\" ><span class=\"empty-space-inner\"><\/span><\/div>\n<\/div><\/div><\/div><\/div><\/div><div class=\"wpb_column pos-top pos-center align_left column_parent col-lg-6 boomapps_vccolumn double-internal-gutter\"><div class=\"uncol style-light\"  ><div class=\"uncoltable\"><div class=\"uncell  vc_custom_1561537381317 boomapps_vccolumn border-color-uydo-color double-block-padding style-color-lxmt-bg has-bg\" style=\"border-style: solid;border-top-width: 1px ;border-left-width: 1px ;\" ><div class=\"uncont\" ><div class=\"uncode_text_column\" ><\/p>\n<h3 style=\"text-align: center;\"><strong>Communiqu\u00e9 de Presse 2025<\/strong><\/h3>\n<p align=\"CENTER\">Festival International du Film PanAfricain de Cannes annonce ces dates 2025<\/p>\n<p align=\"JUSTIFY\">La 22eme Royale \u00c9dition du Festival International du Film PanAfricain de Cannes(FIFP) se tiendra du 22 au 26 octobre 2025. Le FIFP prendra place comme d\u2019habitude sur la Croisette \u00e0 l\u2019Espace Miramar (65 bd de la Croisette) pour les projections, conf\u00e9rences, March\u00e9 du Film et \u00e0 l&rsquo;H\u00f4tel Martinez (73 Bd de la Croisette) pour les Master Class, conf\u00e9rences et D\u00eener de Gala.<\/p>\n<p align=\"JUSTIFY\">Le Festival International du Film PanAfricain est une plateforme de valorisation du cin\u00e9ma et de ses m\u00e9tiers. Une id\u00e9ale place d\u2019\u00e9change des savoirs, savoir-faire et comp\u00e9tences au service du cin\u00e9ma mondial.<\/p>\n<p align=\"JUSTIFY\">Professionnel(les), cin\u00e9philes, Media, journalistes, visiteurs\u2026 vous \u00eates tr\u00e8s attendus nombreux.<\/p>\n<p align=\"JUSTIFY\">Un stand pour exposer vos \u0153uvres : R\u00e9alisateurs, producteurs, \u00e9crivains, photographes, sculpteurs, peintres\u2026<\/p>\n<p align=\"JUSTIFY\">Chor\u00e9graphes, auteurs, compositeurs, stylistes, interpr\u00e8tes rendez visible vos \u0153uvres et savoir-faire.<\/p>\n<p>Renseignez-Vous !<\/p>\n<p><a href=\"http:\/\/Www.fifp.fr\" target=\"_blank\" rel=\"noopener\" data-saferedirecturl=\"https:\/\/www.google.com\/url?q=http:\/\/Www.fifp.fr&amp;source=gmail&amp;ust=1753455148962000&amp;usg=AOvVaw1zGXGh6aemcdSiVz8ovNIZ\">www.fifp.fr<\/a><\/p>\n<p>whatsapp : +33 610 046 944<\/p>\n<p>E-mail : <a href=\"mailto:contact@fifp.fr\" target=\"_blank\" rel=\"noopener\">contact@fifp.fr<\/a><\/p>\n<\/div><div class=\"uncode-tabs wpb_content_element\" data-interval=\"\"  data-target=\"\"><div class=\"uncode-wrapper tab-container\"><div class=\"vc_tta-tabs-container\"><ul class=\"nav nav-tabs wpb_tabs_nav ui-tabs-nav vc_tta-tabs-list text-center\"><li data-tab-id=\"tab-1474411147827-2-3\" data-tab-o-id=\"1474411147827-2-3\" class=\"vc_tta-tab active\"><a href=\"#tab-1474411147827-2-3\" data-toggle=\"tab\"><span><span><span class=\"\">Articles de presse r\u00e9cents<\/span><\/span><\/span><\/a><\/li><\/ul><\/div><div class=\"tab-content wpb_wrapper\"><div id=\"tab-1474411147827-2-3\" class=\"tab-pane in active fade half-internal-gutter single-block-padding\"><div>\n\t\t\t\t<div id=\"index-1192389362\" class=\"isotope-system isotope-general-light grid-general-light\" >\n\t\t\t\n\t\t\t\t\t\t\t\t\t\t\t\t\t\t<div class=\"isotope-wrapper grid-wrapper single-gutter\" >\t\t\t\t\t\t\t\t\t\t\t\t<div class=\"isotope-container grid-container isotope-layout style-masonry isotope-pagination grid-pagination\" data-type=\"masonry\" data-layout=\"masonry\" data-lg=\"600\" data-md=\"600\" data-sm=\"480\" data-vp-height=\"\">\t\t\t<div class=\"tmb atc-typography-inherit tmb-iso-w12 tmb-iso-h4 tmb-round tmb-light tmb-overlay-text-anim tmb-overlay-anim tmb-content-lateral-left tmb-content-vertical-top tmb-content-size-5 tmb-content-lateral-responsive tmb-content-left tmb-image-anim  grid-cat-105 grid-cat-150 grid-cat-216 tmb-id-113489 tmb-img-ratio tmb-content-lateral tmb-media-first\" ><div class=\"t-inside style-color-xsdn-bg animate_when_almost_visible bottom-t-top\" data-delay=\"200\"><div class=\"t-entry-visual\"><div class=\"t-entry-visual-tc\"><div class=\"t-entry-visual-cont\"><div class=\"dummy\" style=\"padding-top: 100%;\"><\/div><a role=\"button\" tabindex=\"-1\" href=\"https:\/\/fifp.fr\/en\/inscrivez-votre-film-et-participez-au-festival-en-2026\/\" class=\"pushed\" target=\"_self\" data-lb-index=\"0\"><div class=\"t-entry-visual-overlay\"><div class=\"t-entry-visual-overlay-in style-dark-bg\" style=\"opacity: 0.5;\"><\/div><\/div><div class=\"t-overlay-wrap\"><div class=\"t-overlay-inner\">\n\t\t\t\t\t\t\t\t\t\t\t\t\t\t<div class=\"t-overlay-content\">\n\t\t\t\t\t\t\t\t\t\t\t\t\t\t\t<div class=\"t-overlay-text single-block-padding\"><div class=\"t-entry t-single-line\"><i class=\"fa fa-plus2 t-icon-size-sm t-overlay-icon\"><\/i><\/div><\/div><\/div><\/div><\/div><img decoding=\"async\" class=\"wp-image-113326\" src=\"https:\/\/fifp.fr\/wp-content\/uploads\/2025\/12\/DSC0717-2-uai-1371x1371.jpg\" width=\"1371\" height=\"1371\" alt=\"\" \/><\/a><\/div>\n\t\t\t\t\t<\/div>\n\t\t\t\t<\/div><div class=\"t-entry-text\">\n\t\t\t\t\t\t\t\t\t<div class=\"t-entry-text-tc single-block-padding\"><div class=\"t-entry\"><p class=\"t-entry-meta\"><span class=\"t-entry-date\">18 December 2025<\/span><\/p><h3 class=\"t-entry-title h2 title-scale\"><a href=\"https:\/\/fifp.fr\/en\/inscrivez-votre-film-et-participez-au-festival-en-2026\/\" target=\"_self\">Inscrivez votre film et participez au Festival du 21 au 25 Oct. 2026<\/a><\/h3><hr \/><\/div><\/div>\n\t\t\t\t\t\t\t<\/div><\/div><\/div>\t\t<\/div>\t\n\t\n\n\t<\/div>\t\t\t<div class=\"isotope-footer grid-footer style-light without-bg single-gutter\">\n\t\t\t\t\t\t\t\t\t<div class=\"isotope-footer-inner grid-footer-inner limit-width menu-light text-center\">\n\t\t\t\t\t\t\t<ul class='pagination'>\n\t\t\t\t\t\t\t\t\t\t\t\t\t\t\t\t\t<li class=\"page-prev\"><span class=\"btn btn-link btn-disable-hover\"><i class=\"fa fa-angle-left\"><\/i><\/a><\/li>\n\t\t\t\t\t\t\t\t\n\t\t\t\t\t\t\t\t\n\t\t\t\t\t\t\t\t\t\t\t\t\t\t\t\t\t<li><span class=\"btn btn-link text-default-color\"><span aria-current=\"page\" class=\"page-numbers current\">1<\/span><\/span><\/li>\n\t\t\t\t\t\t\t\t\t\t\t\t\t\t\t\t\t<li><span class=\"btn btn-link text-default-color\"><a class=\"page-numbers\" href=\"https:\/\/fifp.fr\/en\/wp-json\/wp\/v2\/pages\/49616\/page\/2\">2<\/a><\/span><\/li>\n\t\t\t\t\t\t\t\t\t\t\t\t\t\t\t\t\t<li><span class=\"btn btn-link text-default-color\"><a class=\"page-numbers\" href=\"https:\/\/fifp.fr\/en\/wp-json\/wp\/v2\/pages\/49616\/page\/3\">3<\/a><\/span><\/li>\n\t\t\t\t\t\t\t\t\t\t\t\t\t\t\t\t\t<li><span class=\"btn btn-link text-default-color\"><span class=\"page-numbers dots\">&hellip;<\/span><\/span><\/li>\n\t\t\t\t\t\t\t\t\t\t\t\t\t\t\t\t\t<li><span class=\"btn btn-link text-default-color\"><a class=\"page-numbers\" href=\"https:\/\/fifp.fr\/en\/wp-json\/wp\/v2\/pages\/49616\/page\/64\">64<\/a><\/span><\/li>\n\t\t\t\t\t\t\t\t\n\t\t\t\t\t\t\t\t\t\t\t\t\t\t\t\t\t<li class=\"page-next\"><a class=\"btn btn-link text-default-color\" href=\"https:\/\/fifp.fr\/en\/wp-json\/wp\/v2\/pages\/49616\/page\/2\" aria-label=\"Next\"><i class=\"fa fa-angle-right\"><\/i><\/a><\/li>\n\n\t\t\t\t\t\t\t\t\t\t\t\t\t\t\t<\/ul>\n\t\t\t\t\t\t<\/div>\n\t\t\t\t\t\t\t<\/div>\n\t\t\t\t<\/div>\n<\/div><\/div><\/div><\/div><\/div><\/div><\/div><\/div><\/div><\/div><script id=\"script-row-unique-1\" data-row=\"script-row-unique-1\" type=\"text\/javascript\" class=\"vc_controls\">UNCODE.initRow(document.getElementById(\"row-unique-1\"));<\/script><\/div><\/div><\/div>\n<\/div>","protected":false},"excerpt":{"rendered":"Appel \u00e0 Films \u2013 Festival International du Film Panafricain de Cannes 2026 Madame, Monsieur, Nous sommes ravis de vous annoncer [...]","protected":false},"author":2,"featured_media":0,"parent":0,"menu_order":0,"comment_status":"closed","ping_status":"closed","template":"","meta":{"footnotes":""},"class_list":["post-49616","page","type-page","status-publish","hentry"],"yoast_head":"<!-- This site is optimized with the Yoast SEO plugin v27.3 - https:\/\/yoast.com\/product\/yoast-seo-wordpress\/ -->\n<title>PRESS | PRESSE - Festival International Du Film Pan Africain | Cannes<\/title>\n<meta name=\"robots\" content=\"index, follow, max-snippet:-1, max-image-preview:large, max-video-preview:-1\" \/>\n<link rel=\"canonical\" href=\"https:\/\/fifp.fr\/en\/presse\/\" \/>\n<meta property=\"og:locale\" content=\"en_US\" \/>\n<meta property=\"og:type\" content=\"article\" \/>\n<meta property=\"og:title\" content=\"PRESS | PRESSE - Festival International Du Film Pan Africain | Cannes\" \/>\n<meta property=\"og:url\" content=\"https:\/\/fifp.fr\/en\/presse\/\" \/>\n<meta property=\"og:site_name\" content=\"Festival International Du Film Pan Africain | Cannes\" \/>\n<meta property=\"article:modified_time\" content=\"2025-10-15T14:39:00+00:00\" \/>\n<meta name=\"twitter:card\" content=\"summary_large_image\" \/>\n<meta name=\"twitter:label1\" content=\"Est. reading time\" \/>\n\t<meta name=\"twitter:data1\" content=\"2 minutes\" \/>\n<script type=\"application\/ld+json\" class=\"yoast-schema-graph\">{\"@context\":\"https:\\\/\\\/schema.org\",\"@graph\":[{\"@type\":\"WebPage\",\"@id\":\"https:\\\/\\\/fifp.fr\\\/presse\\\/\",\"url\":\"https:\\\/\\\/fifp.fr\\\/presse\\\/\",\"name\":\"PRESS | PRESSE - Festival International Du Film Pan Africain | Cannes\",\"isPartOf\":{\"@id\":\"https:\\\/\\\/fifp.fr\\\/#website\"},\"datePublished\":\"2016-10-21T05:26:51+00:00\",\"dateModified\":\"2025-10-15T14:39:00+00:00\",\"breadcrumb\":{\"@id\":\"https:\\\/\\\/fifp.fr\\\/presse\\\/#breadcrumb\"},\"inLanguage\":\"en-US\",\"potentialAction\":[{\"@type\":\"ReadAction\",\"target\":[\"https:\\\/\\\/fifp.fr\\\/presse\\\/\"]}]},{\"@type\":\"BreadcrumbList\",\"@id\":\"https:\\\/\\\/fifp.fr\\\/presse\\\/#breadcrumb\",\"itemListElement\":[{\"@type\":\"ListItem\",\"position\":1,\"name\":\"Festival Film Pan Africain De Cannes\",\"item\":\"https:\\\/\\\/fifp.fr\\\/\"},{\"@type\":\"ListItem\",\"position\":2,\"name\":\"PRESS | PRESSE\"}]},{\"@type\":\"WebSite\",\"@id\":\"https:\\\/\\\/fifp.fr\\\/#website\",\"url\":\"https:\\\/\\\/fifp.fr\\\/\",\"name\":\"Festival International Du Film Pan Africain | Cannes\",\"description\":\"Au Coeur Du CInema &amp; Des Arts Pan Africain\",\"potentialAction\":[{\"@type\":\"SearchAction\",\"target\":{\"@type\":\"EntryPoint\",\"urlTemplate\":\"https:\\\/\\\/fifp.fr\\\/?s={search_term_string}\"},\"query-input\":{\"@type\":\"PropertyValueSpecification\",\"valueRequired\":true,\"valueName\":\"search_term_string\"}}],\"inLanguage\":\"en-US\"}]}<\/script>\n<!-- \/ Yoast SEO plugin. -->","yoast_head_json":{"title":"PRESS | PRESSE - Festival International Du Film Pan Africain | Cannes","robots":{"index":"index","follow":"follow","max-snippet":"max-snippet:-1","max-image-preview":"max-image-preview:large","max-video-preview":"max-video-preview:-1"},"canonical":"https:\/\/fifp.fr\/en\/presse\/","og_locale":"en_US","og_type":"article","og_title":"PRESS | PRESSE - Festival International Du Film Pan Africain | Cannes","og_url":"https:\/\/fifp.fr\/en\/presse\/","og_site_name":"Festival International Du Film Pan Africain | Cannes","article_modified_time":"2025-10-15T14:39:00+00:00","twitter_card":"summary_large_image","twitter_misc":{"Est. reading time":"2 minutes"},"schema":{"@context":"https:\/\/schema.org","@graph":[{"@type":"WebPage","@id":"https:\/\/fifp.fr\/presse\/","url":"https:\/\/fifp.fr\/presse\/","name":"PRESS | PRESSE - Festival International Du Film Pan Africain | Cannes","isPartOf":{"@id":"https:\/\/fifp.fr\/#website"},"datePublished":"2016-10-21T05:26:51+00:00","dateModified":"2025-10-15T14:39:00+00:00","breadcrumb":{"@id":"https:\/\/fifp.fr\/presse\/#breadcrumb"},"inLanguage":"en-US","potentialAction":[{"@type":"ReadAction","target":["https:\/\/fifp.fr\/presse\/"]}]},{"@type":"BreadcrumbList","@id":"https:\/\/fifp.fr\/presse\/#breadcrumb","itemListElement":[{"@type":"ListItem","position":1,"name":"Festival Film Pan Africain De Cannes","item":"https:\/\/fifp.fr\/"},{"@type":"ListItem","position":2,"name":"PRESS | PRESSE"}]},{"@type":"WebSite","@id":"https:\/\/fifp.fr\/#website","url":"https:\/\/fifp.fr\/","name":"Festival International Du Film Pan Africain | Cannes","description":"Au Coeur Du CInema &amp; Des Arts Pan Africain","potentialAction":[{"@type":"SearchAction","target":{"@type":"EntryPoint","urlTemplate":"https:\/\/fifp.fr\/?s={search_term_string}"},"query-input":{"@type":"PropertyValueSpecification","valueRequired":true,"valueName":"search_term_string"}}],"inLanguage":"en-US"}]}},"_links":{"self":[{"href":"https:\/\/fifp.fr\/en\/wp-json\/wp\/v2\/pages\/49616","targetHints":{"allow":["GET"]}}],"collection":[{"href":"https:\/\/fifp.fr\/en\/wp-json\/wp\/v2\/pages"}],"about":[{"href":"https:\/\/fifp.fr\/en\/wp-json\/wp\/v2\/types\/page"}],"author":[{"embeddable":true,"href":"https:\/\/fifp.fr\/en\/wp-json\/wp\/v2\/users\/2"}],"replies":[{"embeddable":true,"href":"https:\/\/fifp.fr\/en\/wp-json\/wp\/v2\/comments?post=49616"}],"version-history":[{"count":35,"href":"https:\/\/fifp.fr\/en\/wp-json\/wp\/v2\/pages\/49616\/revisions"}],"predecessor-version":[{"id":113221,"href":"https:\/\/fifp.fr\/en\/wp-json\/wp\/v2\/pages\/49616\/revisions\/113221"}],"wp:attachment":[{"href":"https:\/\/fifp.fr\/en\/wp-json\/wp\/v2\/media?parent=49616"}],"curies":[{"name":"wp","href":"https:\/\/api.w.org\/{rel}","templated":true}]}}