{"id":49702,"date":"2016-10-29T14:08:18","date_gmt":"2016-10-29T12:08:18","guid":{"rendered":"http:\/\/fifp.fr\/?page_id=49702"},"modified":"2022-04-15T17:52:19","modified_gmt":"2022-04-15T15:52:19","slug":"dons","status":"publish","type":"page","link":"https:\/\/fifp.fr\/en\/dons\/","title":{"rendered":"\u2665 DONATION"},"content":{"rendered":"<div class=\"wpb-content-wrapper\"><div data-parent=\"true\" class=\"vc_row row-container boomapps_vcrow\" id=\"row-unique-0\"><div class=\"row limit-width row-parent\"><div class=\"wpb_row row-inner\"><div class=\"wpb_column pos-top pos-center align_left column_parent col-lg-12 boomapps_vccolumn single-internal-gutter\"><div class=\"uncol style-light\"  ><div class=\"uncoltable\"><div class=\"uncell  boomapps_vccolumn no-block-padding\" ><div class=\"uncont\" ><div class=\"uncode_text_column\" ><p class=\"translation-block\">Since 1997, Nord Sud Developpement has been at the heart of the development of social ties through the culture and education. You can also contribute and help your non-profit organization which manages the PanAfrican Film Festival and the NSD. Do you like our participatory and citizen platform? By making a donation, your investment helps to:<\/p>\n<ul>\n<li>Develop access to the professional cinematographic world for thousands of independent directors<\/li>\n<li>Create opportunities for youth and give hope to new talents<\/li>\n<li>Rental of rooms<\/li>\n<li>Get people talking about the Festival. As you can imagine, communication is very expensive these days.<\/li>\n<li>Pay for food for volunteers<\/li>\n<li>Rent equipments<\/li>\n<li>Pay the expenses of professionals and artists<\/li>\n<\/ul>\n<p>\n<\/div><\/div><\/div><\/div><\/div><\/div><script id=\"script-row-unique-0\" data-row=\"script-row-unique-0\" type=\"text\/javascript\" class=\"vc_controls\">UNCODE.initRow(document.getElementById(\"row-unique-0\"));<\/script><\/div><\/div><\/div><div data-parent=\"true\" class=\"vc_row row-container boomapps_vcrow\" id=\"row-unique-1\"><div class=\"row limit-width row-parent\"><div class=\"wpb_row row-inner\"><div class=\"wpb_column pos-top pos-center align_left column_parent col-lg-4 boomapps_vccolumn single-internal-gutter\"><div class=\"uncol style-light\"  ><div class=\"uncoltable\"><div class=\"uncell  boomapps_vccolumn no-block-padding\" ><div class=\"uncont\" ><\/div><\/div><\/div><\/div><\/div><div class=\"wpb_column pos-top pos-center align_left column_parent col-lg-4 boomapps_vccolumn single-internal-gutter\"><div class=\"uncol style-light\"  ><div class=\"uncoltable\"><div class=\"uncell  boomapps_vccolumn no-block-padding\" ><div class=\"uncont\" ><div class=\"uncode_text_column\" ><\/p>\n<form action=\"https:\/\/www.paypal.com\/donate\" method=\"post\" target=\"_top\"><input name=\"hosted_button_id\" type=\"hidden\" value=\"2ABMHXLFXLPFA\" \/><br \/>\n<input title=\"PayPal - The safer, easier way to pay online!\" alt=\"Donate with PayPal button\" name=\"submit\" src=\"https:\/\/www.paypalobjects.com\/fr_FR\/FR\/i\/btn\/btn_donateCC_LG.gif\" type=\"image\" \/><br \/>\n<img decoding=\"async\" src=\"https:\/\/www.paypal.com\/fr_FR\/i\/scr\/pixel.gif\" alt=\"\" width=\"1\" height=\"1\" border=\"0\" \/><\/form>\n<p>\n<\/div><\/div><\/div><\/div><\/div><\/div><div class=\"wpb_column pos-top pos-center align_left column_parent col-lg-4 boomapps_vccolumn single-internal-gutter\"><div class=\"uncol style-light\"  ><div class=\"uncoltable\"><div class=\"uncell  boomapps_vccolumn no-block-padding\" ><div class=\"uncont\" ><\/div><\/div><\/div><\/div><\/div><script id=\"script-row-unique-1\" data-row=\"script-row-unique-1\" type=\"text\/javascript\" class=\"vc_controls\">UNCODE.initRow(document.getElementById(\"row-unique-1\"));<\/script><\/div><\/div><\/div><div data-parent=\"true\" class=\"vc_row has-bg need-focus style-color-lxmt-bg row-container boomapps_vcrow\" id=\"row-unique-2\"><div class=\"row limit-width row-parent\"><div class=\"wpb_row row-inner\"><div class=\"wpb_column pos-top pos-center align_left column_parent col-lg-12 boomapps_vccolumn single-internal-gutter\"><div class=\"uncol style-light\"  ><div class=\"uncoltable\"><div class=\"uncell  boomapps_vccolumn no-block-padding\" ><div class=\"uncont\" ><div class=\"uncode_text_column\" ><p class=\"translation-block\"><strong>ou p<\/strong><strong>ar ch\u00e8que<br>\r\n<\/strong><\/p>\n<p>paid to the order of: Association Nord-Sud D\u00e9veloppement <strong>Association Nord-Sud D\u00e9veloppement<\/strong><\/p>\n<p class=\"translation-block\">Mailing address:\u2028 Nord-Sud D\u00e9veloppement\u202832, rue louis P\u00e9rissol \u2013 06 400 Cannes<\/p>\n<\/div><div class=\"uncode_text_column\" ><p>For the past fifteen years, the \"Festival International du Film Panafricain\" has allowed artists to share their works in an idyllic, convivial and international place. Our event needs you to continue to be independent and you can help by making a donation. This cultural activity is produced by the NSD (a non-profit cultural organization). Your support is precious. One Love.<\/p>\n<p>&nbsp;<\/p>\n<p class=\"translation-block\">Nord-Sud D\u00e9veloppement\u2028<br>\n32, rue louis P\u00e9rissol \u2013 06 400 Cannes\u2028<br>\nT\u00e9l : 06 10 04 69 44\u2028<br>\nAssociation agr\u00e9\u00e9e jeunesse et Education Populaire Minist\u00e8re de la sant\u00e9, de la jeunesse et des sports n\u00b0 06514<br>\n\u2028Siret: 440 191 08800028\u2028<br>\nCode APE : 9001Z Arts du Spectacle Vivant<\/p>\n<\/div><\/div><\/div><\/div><\/div><\/div><script id=\"script-row-unique-2\" data-row=\"script-row-unique-2\" type=\"text\/javascript\" class=\"vc_controls\">UNCODE.initRow(document.getElementById(\"row-unique-2\"));<\/script><\/div><\/div><\/div><div data-parent=\"true\" class=\"vc_row has-bg need-focus style-color-lxmt-bg row-container boomapps_vcrow\" id=\"row-unique-3\"><div class=\"row limit-width row-parent\"><div class=\"wpb_row row-inner\"><div class=\"wpb_column pos-top pos-center align_left column_parent col-lg-12 boomapps_vccolumn single-internal-gutter\"><div class=\"uncol style-light\"  ><div class=\"uncoltable\"><div class=\"uncell  boomapps_vccolumn no-block-padding\" ><div class=\"uncont\" ><div class=\"icon-box icon-box-left\" ><div class=\"icon-box-icon fa-container\" style=\"margin-bottom: 0px;\" ><a role=\"button\" href=\"https:\/\/nsdgroup.org\/histoire\/\" title=\"Notre Histoire\" aria-label=\"Notre Histoire\" target=\"_blank\" class=\"fa fa-stack fa-1x btn-color-742106 fa-rounded btn-outline btn-shadow custom-link\"><i class=\"fa fa-sitemap\"><\/i><\/a><\/div><div class=\"icon-box-content\"><p class=\"text-bold\"><a class=\"btn btn-link\" href=\"https:\/\/nsdgroup.org\/histoire\/\" title=\"Notre Histoire\" aria-label=\"Notre Histoire\" target=\"_blank\">OUR STORY<\/a><\/p><\/div><\/div><div class=\"icon-box icon-box-left\" ><div class=\"icon-box-icon fa-container\" style=\"margin-bottom: 0px;\" ><a role=\"button\" href=\"https:\/\/www.linkedin.com\/company\/78358309\/admin\/\" title=\"Facebook NSD\" aria-label=\"Facebook NSD\" target=\"_blank\" class=\"fa fa-stack fa-1x btn-color-vyce fa-rounded btn-outline btn-shadow custom-link\"><i class=\"fa fa-linkedin\"><\/i><\/a><\/div><div class=\"icon-box-content\"><p class=\"text-bold\"><a class=\"btn btn-link\" href=\"https:\/\/www.linkedin.com\/company\/78358309\/admin\/\" title=\"Facebook NSD\" aria-label=\"Facebook NSD\" target=\"_blank\">LINKEDIN<\/a><\/p><\/div><\/div><div class=\"icon-box icon-box-left\" ><div class=\"icon-box-icon fa-container\" style=\"margin-bottom: 0px;\" ><a role=\"button\" href=\"https:\/\/www.facebook.com\/nsdeveloppement\/\" title=\"Facebook NSD\" aria-label=\"Facebook NSD\" target=\"_blank\" class=\"fa fa-stack fa-1x btn-color-210407 fa-rounded btn-outline btn-shadow custom-link\"><i class=\"fa fa-facebook\"><\/i><\/a><\/div><div class=\"icon-box-content\"><p class=\"text-bold\"><a class=\"btn btn-link\" href=\"https:\/\/www.facebook.com\/nsdeveloppement\/\" title=\"Facebook NSD\" aria-label=\"Facebook NSD\" target=\"_blank\">FACEBOOK<\/a><\/p><\/div><\/div><\/div><\/div><\/div><\/div><\/div><script id=\"script-row-unique-3\" data-row=\"script-row-unique-3\" type=\"text\/javascript\" class=\"vc_controls\">UNCODE.initRow(document.getElementById(\"row-unique-3\"));<\/script><\/div><\/div><\/div>\n<\/div>","protected":false},"excerpt":{"rendered":"Depuis 1997, Nord Sud d\u00e9veloppement est au Coeur du D\u00e9veloppement du lien Social par le biais de la Culture et [...]","protected":false},"author":2,"featured_media":79241,"parent":0,"menu_order":0,"comment_status":"closed","ping_status":"closed","template":"","meta":{"footnotes":""},"class_list":["post-49702","page","type-page","status-publish","has-post-thumbnail","hentry"],"yoast_head":"<!-- This site is optimized with the Yoast SEO plugin v27.3 - https:\/\/yoast.com\/product\/yoast-seo-wordpress\/ -->\n<title>DONS &#x2665; - Festival International Du Film Pan Africain | Cannes<\/title>\n<meta name=\"robots\" content=\"index, follow, max-snippet:-1, max-image-preview:large, max-video-preview:-1\" \/>\n<link rel=\"canonical\" href=\"https:\/\/fifp.fr\/en\/dons\/\" \/>\n<meta property=\"og:locale\" content=\"en_US\" \/>\n<meta property=\"og:type\" content=\"article\" \/>\n<meta property=\"og:title\" content=\"DONS &#x2665; - Festival International Du Film Pan Africain | Cannes\" \/>\n<meta property=\"og:url\" content=\"https:\/\/fifp.fr\/en\/dons\/\" \/>\n<meta property=\"og:site_name\" content=\"Festival International Du Film Pan Africain | Cannes\" \/>\n<meta property=\"article:modified_time\" content=\"2022-04-15T15:52:19+00:00\" \/>\n<meta property=\"og:image\" content=\"https:\/\/i0.wp.com\/fifp.fr\/wp-content\/uploads\/2019\/05\/FIFP2019_FestivalPanafricain58079777_10156378416127741_8048162529609777152_o.jpg?fit=900%2C506&ssl=1\" \/>\n\t<meta property=\"og:image:width\" content=\"900\" \/>\n\t<meta property=\"og:image:height\" content=\"506\" \/>\n\t<meta property=\"og:image:type\" content=\"image\/jpeg\" \/>\n<meta name=\"twitter:card\" content=\"summary_large_image\" \/>\n<meta name=\"twitter:label1\" content=\"Est. reading time\" \/>\n\t<meta name=\"twitter:data1\" content=\"3 minutes\" \/>\n<script type=\"application\/ld+json\" class=\"yoast-schema-graph\">{\"@context\":\"https:\\\/\\\/schema.org\",\"@graph\":[{\"@type\":\"WebPage\",\"@id\":\"https:\\\/\\\/fifp.fr\\\/dons\\\/\",\"url\":\"https:\\\/\\\/fifp.fr\\\/dons\\\/\",\"name\":\"DONS &#x2665; - Festival International Du Film Pan Africain | Cannes\",\"isPartOf\":{\"@id\":\"https:\\\/\\\/fifp.fr\\\/#website\"},\"primaryImageOfPage\":{\"@id\":\"https:\\\/\\\/fifp.fr\\\/dons\\\/#primaryimage\"},\"image\":{\"@id\":\"https:\\\/\\\/fifp.fr\\\/dons\\\/#primaryimage\"},\"thumbnailUrl\":\"https:\\\/\\\/fifp.fr\\\/wp-content\\\/uploads\\\/2019\\\/05\\\/FIFP2019_FestivalPanafricain58079777_10156378416127741_8048162529609777152_o.jpg\",\"datePublished\":\"2016-10-29T12:08:18+00:00\",\"dateModified\":\"2022-04-15T15:52:19+00:00\",\"breadcrumb\":{\"@id\":\"https:\\\/\\\/fifp.fr\\\/dons\\\/#breadcrumb\"},\"inLanguage\":\"en-US\",\"potentialAction\":[{\"@type\":\"ReadAction\",\"target\":[\"https:\\\/\\\/fifp.fr\\\/dons\\\/\"]}]},{\"@type\":\"ImageObject\",\"inLanguage\":\"en-US\",\"@id\":\"https:\\\/\\\/fifp.fr\\\/dons\\\/#primaryimage\",\"url\":\"https:\\\/\\\/fifp.fr\\\/wp-content\\\/uploads\\\/2019\\\/05\\\/FIFP2019_FestivalPanafricain58079777_10156378416127741_8048162529609777152_o.jpg\",\"contentUrl\":\"https:\\\/\\\/fifp.fr\\\/wp-content\\\/uploads\\\/2019\\\/05\\\/FIFP2019_FestivalPanafricain58079777_10156378416127741_8048162529609777152_o.jpg\",\"width\":900,\"height\":506},{\"@type\":\"BreadcrumbList\",\"@id\":\"https:\\\/\\\/fifp.fr\\\/dons\\\/#breadcrumb\",\"itemListElement\":[{\"@type\":\"ListItem\",\"position\":1,\"name\":\"Festival Film Pan Africain De Cannes\",\"item\":\"https:\\\/\\\/fifp.fr\\\/\"},{\"@type\":\"ListItem\",\"position\":2,\"name\":\"DONS &#x2665;\"}]},{\"@type\":\"WebSite\",\"@id\":\"https:\\\/\\\/fifp.fr\\\/#website\",\"url\":\"https:\\\/\\\/fifp.fr\\\/\",\"name\":\"Festival International Du Film Pan Africain | Cannes\",\"description\":\"Au Coeur Du CInema &amp; Des Arts Pan Africain\",\"potentialAction\":[{\"@type\":\"SearchAction\",\"target\":{\"@type\":\"EntryPoint\",\"urlTemplate\":\"https:\\\/\\\/fifp.fr\\\/?s={search_term_string}\"},\"query-input\":{\"@type\":\"PropertyValueSpecification\",\"valueRequired\":true,\"valueName\":\"search_term_string\"}}],\"inLanguage\":\"en-US\"}]}<\/script>\n<!-- \/ Yoast SEO plugin. -->","yoast_head_json":{"title":"DONS &#x2665; - Festival International Du Film Pan Africain | Cannes","robots":{"index":"index","follow":"follow","max-snippet":"max-snippet:-1","max-image-preview":"max-image-preview:large","max-video-preview":"max-video-preview:-1"},"canonical":"https:\/\/fifp.fr\/en\/dons\/","og_locale":"en_US","og_type":"article","og_title":"DONS &#x2665; - Festival International Du Film Pan Africain | Cannes","og_url":"https:\/\/fifp.fr\/en\/dons\/","og_site_name":"Festival International Du Film Pan Africain | Cannes","article_modified_time":"2022-04-15T15:52:19+00:00","og_image":[{"width":900,"height":506,"url":"https:\/\/i0.wp.com\/fifp.fr\/wp-content\/uploads\/2019\/05\/FIFP2019_FestivalPanafricain58079777_10156378416127741_8048162529609777152_o.jpg?fit=900%2C506&ssl=1","type":"image\/jpeg"}],"twitter_card":"summary_large_image","twitter_misc":{"Est. reading time":"3 minutes"},"schema":{"@context":"https:\/\/schema.org","@graph":[{"@type":"WebPage","@id":"https:\/\/fifp.fr\/dons\/","url":"https:\/\/fifp.fr\/dons\/","name":"DONS &#x2665; - Festival International Du Film Pan Africain | Cannes","isPartOf":{"@id":"https:\/\/fifp.fr\/#website"},"primaryImageOfPage":{"@id":"https:\/\/fifp.fr\/dons\/#primaryimage"},"image":{"@id":"https:\/\/fifp.fr\/dons\/#primaryimage"},"thumbnailUrl":"https:\/\/fifp.fr\/wp-content\/uploads\/2019\/05\/FIFP2019_FestivalPanafricain58079777_10156378416127741_8048162529609777152_o.jpg","datePublished":"2016-10-29T12:08:18+00:00","dateModified":"2022-04-15T15:52:19+00:00","breadcrumb":{"@id":"https:\/\/fifp.fr\/dons\/#breadcrumb"},"inLanguage":"en-US","potentialAction":[{"@type":"ReadAction","target":["https:\/\/fifp.fr\/dons\/"]}]},{"@type":"ImageObject","inLanguage":"en-US","@id":"https:\/\/fifp.fr\/dons\/#primaryimage","url":"https:\/\/fifp.fr\/wp-content\/uploads\/2019\/05\/FIFP2019_FestivalPanafricain58079777_10156378416127741_8048162529609777152_o.jpg","contentUrl":"https:\/\/fifp.fr\/wp-content\/uploads\/2019\/05\/FIFP2019_FestivalPanafricain58079777_10156378416127741_8048162529609777152_o.jpg","width":900,"height":506},{"@type":"BreadcrumbList","@id":"https:\/\/fifp.fr\/dons\/#breadcrumb","itemListElement":[{"@type":"ListItem","position":1,"name":"Festival Film Pan Africain De Cannes","item":"https:\/\/fifp.fr\/"},{"@type":"ListItem","position":2,"name":"DONS &#x2665;"}]},{"@type":"WebSite","@id":"https:\/\/fifp.fr\/#website","url":"https:\/\/fifp.fr\/","name":"Festival International Du Film Pan Africain | Cannes","description":"Au Coeur Du CInema &amp; Des Arts Pan Africain","potentialAction":[{"@type":"SearchAction","target":{"@type":"EntryPoint","urlTemplate":"https:\/\/fifp.fr\/?s={search_term_string}"},"query-input":{"@type":"PropertyValueSpecification","valueRequired":true,"valueName":"search_term_string"}}],"inLanguage":"en-US"}]}},"_links":{"self":[{"href":"https:\/\/fifp.fr\/en\/wp-json\/wp\/v2\/pages\/49702","targetHints":{"allow":["GET"]}}],"collection":[{"href":"https:\/\/fifp.fr\/en\/wp-json\/wp\/v2\/pages"}],"about":[{"href":"https:\/\/fifp.fr\/en\/wp-json\/wp\/v2\/types\/page"}],"author":[{"embeddable":true,"href":"https:\/\/fifp.fr\/en\/wp-json\/wp\/v2\/users\/2"}],"replies":[{"embeddable":true,"href":"https:\/\/fifp.fr\/en\/wp-json\/wp\/v2\/comments?post=49702"}],"version-history":[{"count":30,"href":"https:\/\/fifp.fr\/en\/wp-json\/wp\/v2\/pages\/49702\/revisions"}],"predecessor-version":[{"id":82880,"href":"https:\/\/fifp.fr\/en\/wp-json\/wp\/v2\/pages\/49702\/revisions\/82880"}],"wp:featuredmedia":[{"embeddable":true,"href":"https:\/\/fifp.fr\/en\/wp-json\/wp\/v2\/media\/79241"}],"wp:attachment":[{"href":"https:\/\/fifp.fr\/en\/wp-json\/wp\/v2\/media?parent=49702"}],"curies":[{"name":"wp","href":"https:\/\/api.w.org\/{rel}","templated":true}]}}