{"id":50176,"date":"2016-11-18T20:45:15","date_gmt":"2016-11-18T18:45:15","guid":{"rendered":"http:\/\/fifp.fr\/?page_id=50176"},"modified":"2021-05-04T19:40:16","modified_gmt":"2021-05-04T17:40:16","slug":"6-edition","status":"publish","type":"page","link":"https:\/\/fifp.fr\/en\/archives-fifp\/6-edition\/","title":{"rendered":"6\u00c8ME EDITION"},"content":{"rendered":"<div class=\"wpb-content-wrapper\"><div data-parent=\"true\" class=\"vc_row row-container boomapps_vcrow\" id=\"row-unique-0\"><div class=\"row limit-width row-parent\"><div class=\"wpb_row row-inner\"><div class=\"wpb_column pos-top pos-center align_left column_parent col-lg-12 boomapps_vccolumn single-internal-gutter\"><div class=\"uncol style-light\"  ><div class=\"uncoltable\"><div class=\"uncell  boomapps_vccolumn no-block-padding\" ><div class=\"uncont\" ><div class=\"uncode_text_column\" ><\/p>\n<p style=\"text-align: center;\"><span style=\"color: #000000;\">Le Jury de la 8\u00e8me \u00e9dition du Festival International du Film PanAfricain, \u00e9tait pr\u00e9sid\u00e9\u00a0par Mr <strong>Nasser BAKHTI\u00a0<\/strong>et compos\u00e9 par\u00a0Ghila SROKA,\u00a0Nolda Di MASSAMBA, Sihem MERAD,\u00a0Alexandre OGOU<\/span><span class=\"corps\">\u00a0<\/span><\/p>\n<p>\n<\/div><\/div><\/div><\/div><\/div><\/div><script id=\"script-row-unique-0\" data-row=\"script-row-unique-0\" type=\"text\/javascript\" class=\"vc_controls\">UNCODE.initRow(document.getElementById(\"row-unique-0\"));<\/script><\/div><\/div><\/div><div data-parent=\"true\" class=\"vc_row row-container boomapps_vcrow\" id=\"row-unique-1\"><div class=\"row full-width row-parent\"><div class=\"wpb_row row-inner\"><div class=\"wpb_column pos-top pos-center align_left column_parent col-lg-12 boomapps_vccolumn single-internal-gutter\"><div class=\"uncol style-light\"  ><div class=\"uncoltable\"><div class=\"uncell  boomapps_vccolumn no-block-padding\" ><div class=\"uncont\" ><div class=\"uncode-tabs wpb_content_element\" data-interval=\"\"  data-target=\"\"><div class=\"uncode-wrapper tab-container vertical-tab-wrapper\"><div class=\"vc_tta-tabs-container vertical-tab-menu\"><ul class=\"nav nav-tabs wpb_tabs_nav ui-tabs-nav vc_tta-tabs-list tabs-left tabs-vertical\"><li data-tab-id=\"tab-1475165930-1-26\" data-tab-o-id=\"1475165930-1-26\" class=\"vc_tta-tab active\"><a href=\"#tab-1475165930-1-26\" data-toggle=\"tab\"><span><span><span class=\"\">Films 2009<\/span><\/span><\/span><\/a><\/li><li data-tab-id=\"tab-1475165930-2-85\" data-tab-o-id=\"1475165930-2-85\" class=\"vc_tta-tab\"><a href=\"#tab-1475165930-2-85\" data-toggle=\"tab\"><span><span><span class=\"\">Program | Catalogue 2009<\/span><\/span><\/span><\/a><\/li><li data-tab-id=\"tab-1475166217589-2-5\" data-tab-o-id=\"1475166217589-2-5\" class=\"vc_tta-tab\"><a href=\"#tab-1475166217589-2-5\" data-toggle=\"tab\"><span><span><span class=\"\">Jury 2009<\/span><\/span><\/span><\/a><\/li><li data-tab-id=\"tab-1475166246384-3-9\" data-tab-o-id=\"1475166246384-3-9\" class=\"vc_tta-tab\"><a href=\"#tab-1475166246384-3-9\" data-toggle=\"tab\"><span><span><span class=\"\">Guests &amp; Tribute 2009<\/span><\/span><\/span><\/a><\/li><li data-tab-id=\"tab-1475166320340-5-2\" data-tab-o-id=\"1475166320340-5-2\" class=\"vc_tta-tab\"><a href=\"#tab-1475166320340-5-2\" data-toggle=\"tab\"><span><span><span class=\"\">Affiche | Poster 2009<\/span><\/span><\/span><\/a><\/li><\/ul><\/div><div class=\"vertical-tab-contents\"><div class=\"tab-content vertical wpb_wrapper\"><div id=\"tab-1475165930-1-26\" class=\"tab-pane in active fade half-internal-gutter single-block-padding\"><div>\n\t\t\t\t<div class=\"uncode_text_column\" ><\/p>\n<h2 style=\"text-align: center;\"><span style=\"color: #00ccff;\"><strong>FILMS &amp; SYNOPSIS<\/strong><\/span><\/h2>\n<blockquote>\n<h2 style=\"text-align: center;\">&gt;\u00a0<a href=\"http:\/\/fifp.fr\/wp-content\/uploads\/2016\/11\/Films-2009.pdf\">F<\/a><a href=\"http:\/\/fifp.fr\/wp-content\/uploads\/2016\/11\/Films-2009.pdf\">ilms-2009<\/a><\/h2>\n<p style=\"text-align: center;\"><\/blockquote>\n<p>\n<\/div><\/div><\/div><div id=\"tab-1475165930-2-85\" class=\"tab-pane fade half-internal-gutter single-block-padding\"><div>\n\t\t\t\t<div class=\"vc_row row-internal row-container boomapps_vcrow\"><div class=\"row row-child\"><div class=\"wpb_row row-inner\"><div class=\"wpb_column pos-top pos-center align_left column_child col-lg-12 boomapps_vccolumn single-internal-gutter\"><div class=\"uncol style-light\" ><div class=\"uncoltable\"><div class=\"uncell  boomapps_vccolumn no-block-padding\" ><div class=\"uncont\" ><div class=\"uncode_text_column\" ><\/p>\n<h2 style=\"text-align: center;\">&gt;\u00a0<span style=\"color: #00ccff;\">Programme | Program<\/span><\/h2>\n<h2 style=\"text-align: center;\"><strong>&gt;\u00a0<a href=\"http:\/\/fifp.fr\/wp-content\/uploads\/2013\/12\/dossier-de-presse-2009.pdf\" target=\"_blank\" rel=\"noopener noreferrer\">Programme<\/a><\/strong><\/h2>\n<p>\n<\/div><\/div><\/div><\/div><\/div><\/div><\/div><\/div><\/div><\/div><\/div><div id=\"tab-1475166217589-2-5\" class=\"tab-pane fade half-internal-gutter single-block-padding\"><div>\n\t\t\t\t<div class=\"vc_custom_heading_wrap\"><div class=\"heading-text el-text\" ><h2 class=\"h2\" ><span><\/p><\/span><span><h1 style=\"text-align: center;\">Jury<\/h1><\/span><span><p>&nbsp;<\/p><\/span><span><p><\/span><\/h2><\/div><div class=\"clear\"><\/div><\/div><div class=\"uncode_text_column\" ><\/p>\n<h2 style=\"text-align: center;\">&gt; <a href=\"http:\/\/fifp.fr\/wp-content\/uploads\/2013\/12\/President-du-Jury-et-menbres.pdf\">Pr\u00e9sident et membres du jury 2009<\/a><\/h2>\n<p>\n<\/div><\/div><\/div><div id=\"tab-1475166246384-3-9\" class=\"tab-pane fade half-internal-gutter single-block-padding\"><div>\n\t\t\t\t<div class=\"vc_custom_heading_wrap\"><div class=\"heading-text el-text\" ><h2 class=\"h2\" ><span><\/p><\/span><span><h1 style=\"text-align: center;\">Guests<\/h1><\/span><span><p><\/span><\/h2><\/div><div class=\"clear\"><\/div><\/div><div class=\"uncode_text_column\" ><\/p>\n<h2 style=\"text-align: center;\">&gt; <a href=\"http:\/\/fifp.fr\/wp-content\/uploads\/2013\/12\/Invites2009.pdf\" target=\"_blank\" rel=\"noopener noreferrer\">Invit\u00e9s<\/a><\/h2>\n<p>\n<\/div><\/div><\/div><div id=\"tab-1475166320340-5-2\" class=\"tab-pane fade half-internal-gutter single-block-padding\"><div>\n\t\t\t\t<div class=\"uncode-single-media  text-center\"><div class=\"single-wrapper\" style=\"max-width: 100%;\"><div class=\"tmb tmb-light  tmb-media-first tmb-media-last tmb-content-overlay tmb-no-bg tmb-lightbox\"><div class=\"t-inside\"><div class=\"t-entry-visual\"><div class=\"t-entry-visual-tc\"><div class=\"uncode-single-media-wrapper\"><div class=\"dummy\" style=\"padding-top: 143.8%;\"><\/div><a href=\"https:\/\/fifp.fr\/wp-content\/uploads\/2016\/11\/6%C2%B0EDITION_2009.png\" class=\"pushed\" data-active=\"1\" data-lbox=\"ilightbox_single-50177\" data-options=\"width:532,height:765,thumbnail: 'https:\/\/fifp.fr\/wp-content\/uploads\/2016\/11\/6&deg;EDITION_2009-320x460.png'\"><img decoding=\"async\" class=\"wp-image-50177\" src=\"https:\/\/fifp.fr\/wp-content\/uploads\/2016\/11\/6%C2%B0EDITION_2009.png\" width=\"532\" height=\"765\" alt=\"\"><\/a><\/div>\n\t\t\t\t\t<\/div>\n\t\t\t\t<\/div><\/div><\/div><\/div><\/div><\/div><\/div><\/div><\/div><\/div><\/div><\/div><\/div><\/div><\/div><\/div><script id=\"script-row-unique-1\" data-row=\"script-row-unique-1\" type=\"text\/javascript\" class=\"vc_controls\">UNCODE.initRow(document.getElementById(\"row-unique-1\"));<\/script><\/div><\/div><\/div>\n<\/div>","protected":false},"excerpt":{"rendered":"Le Jury de la 8\u00e8me \u00e9dition du Festival International du Film PanAfricain, \u00e9tait pr\u00e9sid\u00e9\u00a0par Mr Nasser BAKHTI\u00a0et compos\u00e9 par\u00a0Ghila SROKA,\u00a0Nolda [...]","protected":false},"author":2,"featured_media":50177,"parent":79051,"menu_order":0,"comment_status":"closed","ping_status":"closed","template":"","meta":{"footnotes":""},"class_list":["post-50176","page","type-page","status-publish","has-post-thumbnail","hentry","page_category-archives"],"yoast_head":"<!-- This site is optimized with the Yoast SEO plugin v27.3 - https:\/\/yoast.com\/product\/yoast-seo-wordpress\/ -->\n<title>6\u00c8ME EDITION - Festival International Du Film Pan Africain | Cannes<\/title>\n<meta name=\"robots\" content=\"index, follow, max-snippet:-1, max-image-preview:large, max-video-preview:-1\" \/>\n<link rel=\"canonical\" href=\"https:\/\/fifp.fr\/en\/archives-fifp\/6-edition\/\" \/>\n<meta property=\"og:locale\" content=\"en_US\" \/>\n<meta property=\"og:type\" content=\"article\" \/>\n<meta property=\"og:title\" content=\"6\u00c8ME EDITION - Festival International Du Film Pan Africain | Cannes\" \/>\n<meta property=\"og:url\" content=\"https:\/\/fifp.fr\/en\/archives-fifp\/6-edition\/\" \/>\n<meta property=\"og:site_name\" content=\"Festival International Du Film Pan Africain | Cannes\" \/>\n<meta property=\"article:modified_time\" content=\"2021-05-04T17:40:16+00:00\" \/>\n<meta property=\"og:image\" content=\"https:\/\/i0.wp.com\/fifp.fr\/wp-content\/uploads\/2016\/11\/6\u00b0EDITION_2009.png?fit=532%2C765&ssl=1\" \/>\n\t<meta property=\"og:image:width\" content=\"532\" \/>\n\t<meta property=\"og:image:height\" content=\"765\" \/>\n\t<meta property=\"og:image:type\" content=\"image\/png\" \/>\n<meta name=\"twitter:card\" content=\"summary_large_image\" \/>\n<meta name=\"twitter:label1\" content=\"Est. reading time\" \/>\n\t<meta name=\"twitter:data1\" content=\"1 minute\" \/>\n<script type=\"application\/ld+json\" class=\"yoast-schema-graph\">{\"@context\":\"https:\\\/\\\/schema.org\",\"@graph\":[{\"@type\":\"WebPage\",\"@id\":\"https:\\\/\\\/fifp.fr\\\/archives-fifp\\\/6-edition\\\/\",\"url\":\"https:\\\/\\\/fifp.fr\\\/archives-fifp\\\/6-edition\\\/\",\"name\":\"6\u00c8ME EDITION - Festival International Du Film Pan Africain | Cannes\",\"isPartOf\":{\"@id\":\"https:\\\/\\\/fifp.fr\\\/#website\"},\"primaryImageOfPage\":{\"@id\":\"https:\\\/\\\/fifp.fr\\\/archives-fifp\\\/6-edition\\\/#primaryimage\"},\"image\":{\"@id\":\"https:\\\/\\\/fifp.fr\\\/archives-fifp\\\/6-edition\\\/#primaryimage\"},\"thumbnailUrl\":\"https:\\\/\\\/fifp.fr\\\/wp-content\\\/uploads\\\/2016\\\/11\\\/6\u00b0EDITION_2009.png\",\"datePublished\":\"2016-11-18T18:45:15+00:00\",\"dateModified\":\"2021-05-04T17:40:16+00:00\",\"breadcrumb\":{\"@id\":\"https:\\\/\\\/fifp.fr\\\/archives-fifp\\\/6-edition\\\/#breadcrumb\"},\"inLanguage\":\"en-US\",\"potentialAction\":[{\"@type\":\"ReadAction\",\"target\":[\"https:\\\/\\\/fifp.fr\\\/archives-fifp\\\/6-edition\\\/\"]}]},{\"@type\":\"ImageObject\",\"inLanguage\":\"en-US\",\"@id\":\"https:\\\/\\\/fifp.fr\\\/archives-fifp\\\/6-edition\\\/#primaryimage\",\"url\":\"https:\\\/\\\/fifp.fr\\\/wp-content\\\/uploads\\\/2016\\\/11\\\/6\u00b0EDITION_2009.png\",\"contentUrl\":\"https:\\\/\\\/fifp.fr\\\/wp-content\\\/uploads\\\/2016\\\/11\\\/6\u00b0EDITION_2009.png\",\"width\":532,\"height\":765},{\"@type\":\"BreadcrumbList\",\"@id\":\"https:\\\/\\\/fifp.fr\\\/archives-fifp\\\/6-edition\\\/#breadcrumb\",\"itemListElement\":[{\"@type\":\"ListItem\",\"position\":1,\"name\":\"Festival Film Pan Africain De Cannes\",\"item\":\"https:\\\/\\\/fifp.fr\\\/\"},{\"@type\":\"ListItem\",\"position\":2,\"name\":\"ARCHIVES\",\"item\":\"https:\\\/\\\/fifp.fr\\\/archives-fifp\\\/\"},{\"@type\":\"ListItem\",\"position\":3,\"name\":\"6\u00c8ME EDITION\"}]},{\"@type\":\"WebSite\",\"@id\":\"https:\\\/\\\/fifp.fr\\\/#website\",\"url\":\"https:\\\/\\\/fifp.fr\\\/\",\"name\":\"Festival International Du Film Pan Africain | Cannes\",\"description\":\"Au Coeur Du CInema &amp; Des Arts Pan Africain\",\"potentialAction\":[{\"@type\":\"SearchAction\",\"target\":{\"@type\":\"EntryPoint\",\"urlTemplate\":\"https:\\\/\\\/fifp.fr\\\/?s={search_term_string}\"},\"query-input\":{\"@type\":\"PropertyValueSpecification\",\"valueRequired\":true,\"valueName\":\"search_term_string\"}}],\"inLanguage\":\"en-US\"}]}<\/script>\n<!-- \/ Yoast SEO plugin. -->","yoast_head_json":{"title":"6\u00c8ME EDITION - Festival International Du Film Pan Africain | Cannes","robots":{"index":"index","follow":"follow","max-snippet":"max-snippet:-1","max-image-preview":"max-image-preview:large","max-video-preview":"max-video-preview:-1"},"canonical":"https:\/\/fifp.fr\/en\/archives-fifp\/6-edition\/","og_locale":"en_US","og_type":"article","og_title":"6\u00c8ME EDITION - Festival International Du Film Pan Africain | Cannes","og_url":"https:\/\/fifp.fr\/en\/archives-fifp\/6-edition\/","og_site_name":"Festival International Du Film Pan Africain | Cannes","article_modified_time":"2021-05-04T17:40:16+00:00","og_image":[{"width":532,"height":765,"url":"https:\/\/i0.wp.com\/fifp.fr\/wp-content\/uploads\/2016\/11\/6\u00b0EDITION_2009.png?fit=532%2C765&ssl=1","type":"image\/png"}],"twitter_card":"summary_large_image","twitter_misc":{"Est. reading time":"1 minute"},"schema":{"@context":"https:\/\/schema.org","@graph":[{"@type":"WebPage","@id":"https:\/\/fifp.fr\/archives-fifp\/6-edition\/","url":"https:\/\/fifp.fr\/archives-fifp\/6-edition\/","name":"6\u00c8ME EDITION - Festival International Du Film Pan Africain | Cannes","isPartOf":{"@id":"https:\/\/fifp.fr\/#website"},"primaryImageOfPage":{"@id":"https:\/\/fifp.fr\/archives-fifp\/6-edition\/#primaryimage"},"image":{"@id":"https:\/\/fifp.fr\/archives-fifp\/6-edition\/#primaryimage"},"thumbnailUrl":"https:\/\/fifp.fr\/wp-content\/uploads\/2016\/11\/6\u00b0EDITION_2009.png","datePublished":"2016-11-18T18:45:15+00:00","dateModified":"2021-05-04T17:40:16+00:00","breadcrumb":{"@id":"https:\/\/fifp.fr\/archives-fifp\/6-edition\/#breadcrumb"},"inLanguage":"en-US","potentialAction":[{"@type":"ReadAction","target":["https:\/\/fifp.fr\/archives-fifp\/6-edition\/"]}]},{"@type":"ImageObject","inLanguage":"en-US","@id":"https:\/\/fifp.fr\/archives-fifp\/6-edition\/#primaryimage","url":"https:\/\/fifp.fr\/wp-content\/uploads\/2016\/11\/6\u00b0EDITION_2009.png","contentUrl":"https:\/\/fifp.fr\/wp-content\/uploads\/2016\/11\/6\u00b0EDITION_2009.png","width":532,"height":765},{"@type":"BreadcrumbList","@id":"https:\/\/fifp.fr\/archives-fifp\/6-edition\/#breadcrumb","itemListElement":[{"@type":"ListItem","position":1,"name":"Festival Film Pan Africain De Cannes","item":"https:\/\/fifp.fr\/"},{"@type":"ListItem","position":2,"name":"ARCHIVES","item":"https:\/\/fifp.fr\/archives-fifp\/"},{"@type":"ListItem","position":3,"name":"6\u00c8ME EDITION"}]},{"@type":"WebSite","@id":"https:\/\/fifp.fr\/#website","url":"https:\/\/fifp.fr\/","name":"Festival International Du Film Pan Africain | Cannes","description":"Au Coeur Du CInema &amp; Des Arts Pan Africain","potentialAction":[{"@type":"SearchAction","target":{"@type":"EntryPoint","urlTemplate":"https:\/\/fifp.fr\/?s={search_term_string}"},"query-input":{"@type":"PropertyValueSpecification","valueRequired":true,"valueName":"search_term_string"}}],"inLanguage":"en-US"}]}},"_links":{"self":[{"href":"https:\/\/fifp.fr\/en\/wp-json\/wp\/v2\/pages\/50176","targetHints":{"allow":["GET"]}}],"collection":[{"href":"https:\/\/fifp.fr\/en\/wp-json\/wp\/v2\/pages"}],"about":[{"href":"https:\/\/fifp.fr\/en\/wp-json\/wp\/v2\/types\/page"}],"author":[{"embeddable":true,"href":"https:\/\/fifp.fr\/en\/wp-json\/wp\/v2\/users\/2"}],"replies":[{"embeddable":true,"href":"https:\/\/fifp.fr\/en\/wp-json\/wp\/v2\/comments?post=50176"}],"version-history":[{"count":1,"href":"https:\/\/fifp.fr\/en\/wp-json\/wp\/v2\/pages\/50176\/revisions"}],"predecessor-version":[{"id":81541,"href":"https:\/\/fifp.fr\/en\/wp-json\/wp\/v2\/pages\/50176\/revisions\/81541"}],"up":[{"embeddable":true,"href":"https:\/\/fifp.fr\/en\/wp-json\/wp\/v2\/pages\/79051"}],"wp:featuredmedia":[{"embeddable":true,"href":"https:\/\/fifp.fr\/en\/wp-json\/wp\/v2\/media\/50177"}],"wp:attachment":[{"href":"https:\/\/fifp.fr\/en\/wp-json\/wp\/v2\/media?parent=50176"}],"curies":[{"name":"wp","href":"https:\/\/api.w.org\/{rel}","templated":true}]}}