{"id":50200,"date":"2016-11-19T16:04:46","date_gmt":"2016-11-19T14:04:46","guid":{"rendered":"http:\/\/fifp.fr\/?page_id=50200"},"modified":"2021-05-04T19:40:03","modified_gmt":"2021-05-04T17:40:03","slug":"4-edition","status":"publish","type":"page","link":"https:\/\/fifp.fr\/en\/archives-fifp\/4-edition\/","title":{"rendered":"4\u00c8ME EDITION"},"content":{"rendered":"<div class=\"wpb-content-wrapper\"><div data-parent=\"true\" class=\"vc_row row-container boomapps_vcrow\" id=\"row-unique-0\"><div class=\"row limit-width row-parent\"><div class=\"wpb_row row-inner\"><div class=\"wpb_column pos-top pos-center align_left column_parent col-lg-12 boomapps_vccolumn single-internal-gutter\"><div class=\"uncol style-light\"  ><div class=\"uncoltable\"><div class=\"uncell  boomapps_vccolumn no-block-padding\" ><div class=\"uncont\" ><div class=\"uncode-tabs wpb_content_element\" data-interval=\"\"  data-target=\"\"><div class=\"uncode-wrapper tab-container vertical-tab-wrapper\"><div class=\"vc_tta-tabs-container vertical-tab-menu\"><ul class=\"nav nav-tabs wpb_tabs_nav ui-tabs-nav vc_tta-tabs-list tabs-left tabs-vertical\"><li data-tab-id=\"tab-1479570265553-1-6\" data-tab-o-id=\"1479570265553-1-6\" class=\"vc_tta-tab active\"><a href=\"#tab-1479570265553-1-6\" data-toggle=\"tab\"><span><span><span class=\"\">Films &amp; Programme 2007<\/span><\/span><\/span><\/a><\/li><li data-tab-id=\"tab-1479566824-1-39\" data-tab-o-id=\"1479566824-1-39\" class=\"vc_tta-tab\"><a href=\"#tab-1479566824-1-39\" data-toggle=\"tab\"><span><span><span class=\"\">Poster 2007<\/span><\/span><\/span><\/a><\/li><\/ul><\/div><div class=\"vertical-tab-contents\"><div class=\"tab-content vertical wpb_wrapper\"><div id=\"tab-1479570265553-1-6\" class=\"tab-pane in active fade half-internal-gutter single-block-padding\"><div>\n\t\t\t\t<div class=\"uncode_text_column\" ><\/p>\n<h2 style=\"text-align: center;\">&gt;\u00a0<span style=\"color: #00ccff;\"><a style=\"color: #00ccff;\" href=\"http:\/\/fifp.fr\/wp-content\/uploads\/2016\/11\/Liste-des-Films.doc\">Films<\/a><\/span> &amp; <span style=\"color: #00ccff;\"><a style=\"color: #00ccff;\" href=\"http:\/\/fifp.fr\/wp-content\/uploads\/2016\/11\/Dossier_de_presse_2007-ge\u0301raldine_pourFax.doc\">Programme<\/a><\/span><\/h2>\n<p style=\"text-align: left;\">Projection : Tous les jours \u00e0 partir de 09h00 \u00e0 l&rsquo;Espace Miramar<br \/>\nCette quatri\u00e8me \u00e9dition propose une cinquantaine de films allant de la fiction au documentaire en passant par le court m\u00e9trage. Compos\u00e9 en majorit\u00e9 d&rsquo;\u0153uvres in\u00e9dites en France, d&rsquo;avant-premi\u00e8re, la programmation du Festival du Film Panafricain de Cannes perp\u00e9tue son esprit d&rsquo;innovation et sa qu\u00eate constante de l&rsquo;originalit\u00e9 : \u00ab\u00a0Il faut oser proposer un cin\u00e9ma qui bouscule les id\u00e9es re\u00e7ues\u00a0\u00bb.<\/p>\n<p><b>Quelques films s\u00e9lectionn\u00e9s parmi la cinquantaine programm\u00e9e :<\/b><br \/>\nThe Inevitable Undoing of Jay Brooks, de Jennifer Sharp (USA)<br \/>\nAnother Man&rsquo;s Do, Garden, de Sol de Carvalho (Mozambique)<br \/>\nConfidences, de Cyrille Masso (Cameroun)<br \/>\nAdolfo, de Sofi Delaage (France \/ Cuba)<br \/>\nLe rendez-vous, de sarra Abidi (Tunisie)<br \/>\nBillo Il grand Dakhaar, de Laura Muscardin (S\u00e9n\u00e9gal \/ Italie)<br \/>\nMokili, de Berni Goldblat (Burkina Faso)<br \/>\nSticks &amp; Stones, de Rehema Imani Trimiew (USA)<br \/>\nLe Bon \u00e9l\u00e8ve : Le mali et nous, de Paolo Quaregna (Italie\/Mali)<br \/>\nSistahood, de Nolda Massamba (France)<br \/>\nThomas Sankara, l&rsquo;homme int\u00e8gre de Robin Shuffield (France)<br \/>\nNanterre, une m\u00e9moire en miroir, de Cheikh Djema\u00ef (France)<br \/>\nLes Ames de l&rsquo;Exil, de Sa\u00efd Nanache (Alg\u00e9rie \/ France)<br \/>\nJobell and America, de Asha Lovelace (Trinidad et Topago)<br \/>\nA Fleur de peau, de Sacha Parisot (Ha\u00efti \/ USA)<br \/>\nElectric Purgatory : The fate of The Black Rocker, de Raymond Gayle (USA)<br \/>\nIl \u00e9tait une fois Sasha et D\u00e9sir\u00e9, de C\u00e9cile Vernant (France)<\/p>\n<p>Egalement : 1e projection de 4 films exp\u00e9rimentaux de l&rsquo;artiste Olga Koussou Iwogo<\/p>\n<p>&#8211; SOMEWHERE BEHIND THE MOON avec la participation de Laurent Farell<br \/>\n&#8211; RAMBLING sound designer Rodolphe Alexis<br \/>\n&#8211; DAY AFTER DAY avec la participation de Witold Fyda<br \/>\n&#8211; SOMEONE ELSE sound designer Rodolphe Alexis<\/p>\n<\/div><\/div><\/div><div id=\"tab-1479566824-1-39\" class=\"tab-pane fade half-internal-gutter single-block-padding\"><div>\n\t\t\t\t<div class=\"uncode-single-media  text-left\"><div class=\"single-wrapper\" style=\"max-width: 100%;\"><div class=\"tmb tmb-light  tmb-media-first tmb-media-last tmb-content-overlay tmb-no-bg\"><div class=\"t-inside\"><div class=\"t-entry-visual\"><div class=\"t-entry-visual-tc\"><div class=\"uncode-single-media-wrapper\"><img decoding=\"async\" class=\"wp-image-50390\" src=\"https:\/\/fifp.fr\/wp-content\/uploads\/2016\/11\/4%C2%B0EDITION_2007-1.png\" width=\"521\" height=\"771\" alt=\"\"><\/div>\n\t\t\t\t\t<\/div>\n\t\t\t\t<\/div><\/div><\/div><\/div><\/div><\/div><\/div><\/div><\/div><\/div><\/div><\/div><\/div><\/div><\/div><\/div><script id=\"script-row-unique-0\" data-row=\"script-row-unique-0\" type=\"text\/javascript\" class=\"vc_controls\">UNCODE.initRow(document.getElementById(\"row-unique-0\"));<\/script><\/div><\/div><\/div>\n<\/div>","protected":false},"excerpt":{"rendered":"Films &amp; Programme 2007Poster 2007 &gt;\u00a0Films &amp; Programme Projection : Tous les jours \u00e0 partir de 09h00 \u00e0 l&rsquo;Espace Miramar [...]","protected":false},"author":2,"featured_media":50390,"parent":79051,"menu_order":0,"comment_status":"closed","ping_status":"closed","template":"","meta":{"footnotes":""},"class_list":["post-50200","page","type-page","status-publish","has-post-thumbnail","hentry","page_category-archives"],"yoast_head":"<!-- This site is optimized with the Yoast SEO plugin v27.3 - https:\/\/yoast.com\/product\/yoast-seo-wordpress\/ -->\n<title>4\u00c8ME EDITION - Festival International Du Film Pan Africain | Cannes<\/title>\n<meta name=\"robots\" content=\"index, follow, max-snippet:-1, max-image-preview:large, max-video-preview:-1\" \/>\n<link rel=\"canonical\" href=\"https:\/\/fifp.fr\/en\/archives-fifp\/4-edition\/\" \/>\n<meta property=\"og:locale\" content=\"en_US\" \/>\n<meta property=\"og:type\" content=\"article\" \/>\n<meta property=\"og:title\" content=\"4\u00c8ME EDITION - Festival International Du Film Pan Africain | Cannes\" \/>\n<meta property=\"og:url\" content=\"https:\/\/fifp.fr\/en\/archives-fifp\/4-edition\/\" \/>\n<meta property=\"og:site_name\" content=\"Festival International Du Film Pan Africain | Cannes\" \/>\n<meta property=\"article:modified_time\" content=\"2021-05-04T17:40:03+00:00\" \/>\n<meta property=\"og:image\" content=\"https:\/\/i0.wp.com\/fifp.fr\/wp-content\/uploads\/2016\/11\/4\u00b0EDITION_2007-1.png?fit=521%2C771&ssl=1\" \/>\n\t<meta property=\"og:image:width\" content=\"521\" \/>\n\t<meta property=\"og:image:height\" content=\"771\" \/>\n\t<meta property=\"og:image:type\" content=\"image\/png\" \/>\n<meta name=\"twitter:card\" content=\"summary_large_image\" \/>\n<meta name=\"twitter:label1\" content=\"Est. reading time\" \/>\n\t<meta name=\"twitter:data1\" content=\"2 minutes\" \/>\n<script type=\"application\/ld+json\" class=\"yoast-schema-graph\">{\"@context\":\"https:\\\/\\\/schema.org\",\"@graph\":[{\"@type\":\"WebPage\",\"@id\":\"https:\\\/\\\/fifp.fr\\\/archives-fifp\\\/4-edition\\\/\",\"url\":\"https:\\\/\\\/fifp.fr\\\/archives-fifp\\\/4-edition\\\/\",\"name\":\"4\u00c8ME EDITION - Festival International Du Film Pan Africain | Cannes\",\"isPartOf\":{\"@id\":\"https:\\\/\\\/fifp.fr\\\/#website\"},\"primaryImageOfPage\":{\"@id\":\"https:\\\/\\\/fifp.fr\\\/archives-fifp\\\/4-edition\\\/#primaryimage\"},\"image\":{\"@id\":\"https:\\\/\\\/fifp.fr\\\/archives-fifp\\\/4-edition\\\/#primaryimage\"},\"thumbnailUrl\":\"https:\\\/\\\/fifp.fr\\\/wp-content\\\/uploads\\\/2016\\\/11\\\/4\u00b0EDITION_2007-1.png\",\"datePublished\":\"2016-11-19T14:04:46+00:00\",\"dateModified\":\"2021-05-04T17:40:03+00:00\",\"breadcrumb\":{\"@id\":\"https:\\\/\\\/fifp.fr\\\/archives-fifp\\\/4-edition\\\/#breadcrumb\"},\"inLanguage\":\"en-US\",\"potentialAction\":[{\"@type\":\"ReadAction\",\"target\":[\"https:\\\/\\\/fifp.fr\\\/archives-fifp\\\/4-edition\\\/\"]}]},{\"@type\":\"ImageObject\",\"inLanguage\":\"en-US\",\"@id\":\"https:\\\/\\\/fifp.fr\\\/archives-fifp\\\/4-edition\\\/#primaryimage\",\"url\":\"https:\\\/\\\/fifp.fr\\\/wp-content\\\/uploads\\\/2016\\\/11\\\/4\u00b0EDITION_2007-1.png\",\"contentUrl\":\"https:\\\/\\\/fifp.fr\\\/wp-content\\\/uploads\\\/2016\\\/11\\\/4\u00b0EDITION_2007-1.png\",\"width\":521,\"height\":771},{\"@type\":\"BreadcrumbList\",\"@id\":\"https:\\\/\\\/fifp.fr\\\/archives-fifp\\\/4-edition\\\/#breadcrumb\",\"itemListElement\":[{\"@type\":\"ListItem\",\"position\":1,\"name\":\"Festival Film Pan Africain De Cannes\",\"item\":\"https:\\\/\\\/fifp.fr\\\/\"},{\"@type\":\"ListItem\",\"position\":2,\"name\":\"ARCHIVES\",\"item\":\"https:\\\/\\\/fifp.fr\\\/archives-fifp\\\/\"},{\"@type\":\"ListItem\",\"position\":3,\"name\":\"4\u00c8ME EDITION\"}]},{\"@type\":\"WebSite\",\"@id\":\"https:\\\/\\\/fifp.fr\\\/#website\",\"url\":\"https:\\\/\\\/fifp.fr\\\/\",\"name\":\"Festival International Du Film Pan Africain | Cannes\",\"description\":\"Au Coeur Du CInema &amp; Des Arts Pan Africain\",\"potentialAction\":[{\"@type\":\"SearchAction\",\"target\":{\"@type\":\"EntryPoint\",\"urlTemplate\":\"https:\\\/\\\/fifp.fr\\\/?s={search_term_string}\"},\"query-input\":{\"@type\":\"PropertyValueSpecification\",\"valueRequired\":true,\"valueName\":\"search_term_string\"}}],\"inLanguage\":\"en-US\"}]}<\/script>\n<!-- \/ Yoast SEO plugin. -->","yoast_head_json":{"title":"4\u00c8ME EDITION - Festival International Du Film Pan Africain | Cannes","robots":{"index":"index","follow":"follow","max-snippet":"max-snippet:-1","max-image-preview":"max-image-preview:large","max-video-preview":"max-video-preview:-1"},"canonical":"https:\/\/fifp.fr\/en\/archives-fifp\/4-edition\/","og_locale":"en_US","og_type":"article","og_title":"4\u00c8ME EDITION - Festival International Du Film Pan Africain | Cannes","og_url":"https:\/\/fifp.fr\/en\/archives-fifp\/4-edition\/","og_site_name":"Festival International Du Film Pan Africain | Cannes","article_modified_time":"2021-05-04T17:40:03+00:00","og_image":[{"width":521,"height":771,"url":"https:\/\/i0.wp.com\/fifp.fr\/wp-content\/uploads\/2016\/11\/4\u00b0EDITION_2007-1.png?fit=521%2C771&ssl=1","type":"image\/png"}],"twitter_card":"summary_large_image","twitter_misc":{"Est. reading time":"2 minutes"},"schema":{"@context":"https:\/\/schema.org","@graph":[{"@type":"WebPage","@id":"https:\/\/fifp.fr\/archives-fifp\/4-edition\/","url":"https:\/\/fifp.fr\/archives-fifp\/4-edition\/","name":"4\u00c8ME EDITION - Festival International Du Film Pan Africain | Cannes","isPartOf":{"@id":"https:\/\/fifp.fr\/#website"},"primaryImageOfPage":{"@id":"https:\/\/fifp.fr\/archives-fifp\/4-edition\/#primaryimage"},"image":{"@id":"https:\/\/fifp.fr\/archives-fifp\/4-edition\/#primaryimage"},"thumbnailUrl":"https:\/\/fifp.fr\/wp-content\/uploads\/2016\/11\/4\u00b0EDITION_2007-1.png","datePublished":"2016-11-19T14:04:46+00:00","dateModified":"2021-05-04T17:40:03+00:00","breadcrumb":{"@id":"https:\/\/fifp.fr\/archives-fifp\/4-edition\/#breadcrumb"},"inLanguage":"en-US","potentialAction":[{"@type":"ReadAction","target":["https:\/\/fifp.fr\/archives-fifp\/4-edition\/"]}]},{"@type":"ImageObject","inLanguage":"en-US","@id":"https:\/\/fifp.fr\/archives-fifp\/4-edition\/#primaryimage","url":"https:\/\/fifp.fr\/wp-content\/uploads\/2016\/11\/4\u00b0EDITION_2007-1.png","contentUrl":"https:\/\/fifp.fr\/wp-content\/uploads\/2016\/11\/4\u00b0EDITION_2007-1.png","width":521,"height":771},{"@type":"BreadcrumbList","@id":"https:\/\/fifp.fr\/archives-fifp\/4-edition\/#breadcrumb","itemListElement":[{"@type":"ListItem","position":1,"name":"Festival Film Pan Africain De Cannes","item":"https:\/\/fifp.fr\/"},{"@type":"ListItem","position":2,"name":"ARCHIVES","item":"https:\/\/fifp.fr\/archives-fifp\/"},{"@type":"ListItem","position":3,"name":"4\u00c8ME EDITION"}]},{"@type":"WebSite","@id":"https:\/\/fifp.fr\/#website","url":"https:\/\/fifp.fr\/","name":"Festival International Du Film Pan Africain | Cannes","description":"Au Coeur Du CInema &amp; Des Arts Pan Africain","potentialAction":[{"@type":"SearchAction","target":{"@type":"EntryPoint","urlTemplate":"https:\/\/fifp.fr\/?s={search_term_string}"},"query-input":{"@type":"PropertyValueSpecification","valueRequired":true,"valueName":"search_term_string"}}],"inLanguage":"en-US"}]}},"_links":{"self":[{"href":"https:\/\/fifp.fr\/en\/wp-json\/wp\/v2\/pages\/50200","targetHints":{"allow":["GET"]}}],"collection":[{"href":"https:\/\/fifp.fr\/en\/wp-json\/wp\/v2\/pages"}],"about":[{"href":"https:\/\/fifp.fr\/en\/wp-json\/wp\/v2\/types\/page"}],"author":[{"embeddable":true,"href":"https:\/\/fifp.fr\/en\/wp-json\/wp\/v2\/users\/2"}],"replies":[{"embeddable":true,"href":"https:\/\/fifp.fr\/en\/wp-json\/wp\/v2\/comments?post=50200"}],"version-history":[{"count":1,"href":"https:\/\/fifp.fr\/en\/wp-json\/wp\/v2\/pages\/50200\/revisions"}],"predecessor-version":[{"id":81539,"href":"https:\/\/fifp.fr\/en\/wp-json\/wp\/v2\/pages\/50200\/revisions\/81539"}],"up":[{"embeddable":true,"href":"https:\/\/fifp.fr\/en\/wp-json\/wp\/v2\/pages\/79051"}],"wp:featuredmedia":[{"embeddable":true,"href":"https:\/\/fifp.fr\/en\/wp-json\/wp\/v2\/media\/50390"}],"wp:attachment":[{"href":"https:\/\/fifp.fr\/en\/wp-json\/wp\/v2\/media?parent=50200"}],"curies":[{"name":"wp","href":"https:\/\/api.w.org\/{rel}","templated":true}]}}